{"id":1966,"date":"2019-03-02T19:36:56","date_gmt":"2019-03-02T19:36:56","guid":{"rendered":"https:\/\/hebes.nadlo.ch\/news\/"},"modified":"2019-10-21T11:46:35","modified_gmt":"2019-10-21T11:46:35","slug":"actualites","status":"publish","type":"page","link":"https:\/\/hebes.nadlo.ch\/fr\/actualites\/","title":{"rendered":"Actualit\u00e9s"},"content":{"rendered":"\n        <div class=\"row d-sm-flex flex-wrap align-items-start\">\n            \t                            <div class=\"col-md-12 col-12 d-flex flex-column mb-5\">\n                    <p class=\"date\">16\/12\/2022<\/p>\n                    <a href=\"https:\/\/hebes.nadlo.ch\/fr\/news\/neue-ausgabe-unserer-kundenzeitschrift-online\" class=\"title\"><h2>Neue Ausgabe unserer Kundenzeitschrift online<\/h2><\/a>\n                    <p><p>Die Ausgabe Dezember 2022 ist fertig. Aktuelle Themen: Alle Ausgaben finden Sie hier<\/p>\n<\/p>\n                <\/div>\n            \t                            <div class=\"col-md-12 col-12 d-flex flex-column mb-5\">\n                    <p class=\"date\">05\/11\/2021<\/p>\n                    <a href=\"https:\/\/hebes.nadlo.ch\/fr\/news\/neue-durchfuehrungen-fuer-das-seminar-fuer-gl-mitglieder-von-alters-und-pflegezentren\" class=\"title\"><h2>Neue Durchf\u00fchrungen f\u00fcr das Seminar f\u00fcr GL-Mitglieder von Alters- und Pflegezentren<\/h2><\/a>\n                    <p><p>Nach erfolgreicher Durchf\u00fchrung des ersten Seminares zu strategierelevanten Themen und Trends in der Langzeitpflege im Oktober 2021 planen wir im 2022 zwei weitere Durchf\u00fchrungen. Ziel ist den Mitgliedern der Gesch\u00e4ftsleitung von Institutionen der Langzeitpflege aufzuzeigen, welche Herausforderungen zuk\u00fcnftig auf die Branche zukommt. Referenten aus Praxis und Wissenschaft zeigen Trends und L\u00f6sungsans\u00e4tze zur Ausrichtung der eigenen [&hellip;]<\/p>\n<\/p>\n                <\/div>\n            \t                            <div class=\"col-md-12 col-12 d-flex flex-column mb-5\">\n                    <p class=\"date\">04\/12\/2019<\/p>\n                    <a href=\"https:\/\/hebes.nadlo.ch\/fr\/news\/kundenzeitschrift-informativ-nr-30-2018-veroeffentlicht\" class=\"title\"><h2>Kundenzeitschrift INFORMATIV Nr. 32\/2019 ver\u00f6ffentlicht<\/h2><\/a>\n                    <p><p>Erfolgreiches Change-Projekt dank gelebten Werten Tagung \u201eDen Mitarbeitenden Sorge tragen\u201c Fundierte und treffsichere Rekrutierung von Leitungspersonen in sozialen Institutionen T\u00e4tigkeitserhebung f\u00fcr Alters- und Pflegezentren \u2013 Nutzen f\u00fcr die Kostenrechnung und f\u00fcr den Betrieb Strategie NOSO: Unterst\u00fctzung f\u00fcr die Reduktion von Infektionen in Spit\u00e4lern und Pflegeheimen ICT-Strategie &lt;START> f\u00fcr das Altersheim Inseli Balsthal Vielschichtiges Spitex-Kontraktmanagement Auf [&hellip;]<\/p>\n<\/p>\n                <\/div>\n            \t                            <div class=\"col-md-12 col-12 d-flex flex-column mb-5\">\n                    <p class=\"date\">18\/04\/2019<\/p>\n                    <a href=\"https:\/\/hebes.nadlo.ch\/fr\/news\/neue-beratungsangebote-auf-unserer-webseite\" class=\"title\"><h2>Neue Beratungsangebote auf unserer Webseite<\/h2><\/a>\n                    <p><p>Wir haben uns Webseite aktualisiert und hierbei auch gleich unser Beratungsportfolio aktualisiert. Sie finden im Bereich Agile Transformation unser Angebot rund um das Thema Agilit\u00e4t. Weiter erg\u00e4nzt haben wir als Branchenschwerpunkt die Spitex.<\/p>\n<\/p>\n                <\/div>\n            \t                            <div class=\"col-md-12 col-12 d-flex flex-column mb-5\">\n                    <p class=\"date\">10\/11\/2016<\/p>\n                    <a href=\"https:\/\/hebes.nadlo.ch\/fr\/news\/neueste-ausgabe-informativ\" class=\"title\"><h2>Neueste Ausgabe &#171;Informativ&#187;<\/h2><\/a>\n                    <p><p>Die neueste Ausgabe der Kundenzeitschrift &#171;Informativ&#187; zeigt auf, wie die Clienia-Gruppe ihr KIS-System konsolidiert. Weitere Beitr\u00e4ge befassen sich mit der REKOLE(r)-Zertifizierung und mit der Tagesbetreuung in der Langzeitpflege. \u00bb Weiterlesen<\/p>\n<\/p>\n                <\/div>\n                    <\/div>\n        \n\t    \n","protected":false},"excerpt":{"rendered":"","protected":false},"author":1,"featured_media":0,"parent":0,"menu_order":0,"comment_status":"closed","ping_status":"closed","template":"","meta":{"_acf_changed":false,"footnotes":""},"class_list":["post-1966","page","type-page","status-publish","hentry"],"acf":[],"yoast_head":"<!-- This site is optimized with the Yoast SEO plugin v26.9 - https:\/\/yoast.com\/product\/yoast-seo-wordpress\/ -->\n<title>Actualit\u00e9s - Hebes<\/title>\n<meta name=\"robots\" content=\"index, follow, max-snippet:-1, max-image-preview:large, max-video-preview:-1\" \/>\n<link rel=\"canonical\" href=\"https:\/\/hebes.nadlo.ch\/fr\/actualites\/\" \/>\n<meta property=\"og:locale\" content=\"fr_FR\" \/>\n<meta property=\"og:type\" content=\"article\" \/>\n<meta property=\"og:title\" content=\"Actualit\u00e9s - Hebes\" \/>\n<meta property=\"og:url\" content=\"https:\/\/hebes.nadlo.ch\/fr\/actualites\/\" \/>\n<meta property=\"og:site_name\" content=\"Hebes\" \/>\n<meta property=\"article:modified_time\" content=\"2019-10-21T11:46:35+00:00\" \/>\n<meta name=\"twitter:card\" content=\"summary_large_image\" \/>\n<script type=\"application\/ld+json\" class=\"yoast-schema-graph\">{\"@context\":\"https:\/\/schema.org\",\"@graph\":[{\"@type\":\"WebPage\",\"@id\":\"https:\/\/hebes.nadlo.ch\/fr\/actualites\/\",\"url\":\"https:\/\/hebes.nadlo.ch\/fr\/actualites\/\",\"name\":\"Actualit\u00e9s - Hebes\",\"isPartOf\":{\"@id\":\"https:\/\/hebes.nadlo.ch\/#website\"},\"datePublished\":\"2019-03-02T19:36:56+00:00\",\"dateModified\":\"2019-10-21T11:46:35+00:00\",\"inLanguage\":\"fr-FR\",\"potentialAction\":[{\"@type\":\"ReadAction\",\"target\":[\"https:\/\/hebes.nadlo.ch\/fr\/actualites\/\"]}]},{\"@type\":\"WebSite\",\"@id\":\"https:\/\/hebes.nadlo.ch\/#website\",\"url\":\"https:\/\/hebes.nadlo.ch\/\",\"name\":\"Hebes\",\"description\":\"\",\"potentialAction\":[{\"@type\":\"SearchAction\",\"target\":{\"@type\":\"EntryPoint\",\"urlTemplate\":\"https:\/\/hebes.nadlo.ch\/?s={search_term_string}\"},\"query-input\":{\"@type\":\"PropertyValueSpecification\",\"valueRequired\":true,\"valueName\":\"search_term_string\"}}],\"inLanguage\":\"fr-FR\"}]}<\/script>\n<!-- \/ Yoast SEO plugin. -->","yoast_head_json":{"title":"Actualit\u00e9s - Hebes","robots":{"index":"index","follow":"follow","max-snippet":"max-snippet:-1","max-image-preview":"max-image-preview:large","max-video-preview":"max-video-preview:-1"},"canonical":"https:\/\/hebes.nadlo.ch\/fr\/actualites\/","og_locale":"fr_FR","og_type":"article","og_title":"Actualit\u00e9s - Hebes","og_url":"https:\/\/hebes.nadlo.ch\/fr\/actualites\/","og_site_name":"Hebes","article_modified_time":"2019-10-21T11:46:35+00:00","twitter_card":"summary_large_image","schema":{"@context":"https:\/\/schema.org","@graph":[{"@type":"WebPage","@id":"https:\/\/hebes.nadlo.ch\/fr\/actualites\/","url":"https:\/\/hebes.nadlo.ch\/fr\/actualites\/","name":"Actualit\u00e9s - Hebes","isPartOf":{"@id":"https:\/\/hebes.nadlo.ch\/#website"},"datePublished":"2019-03-02T19:36:56+00:00","dateModified":"2019-10-21T11:46:35+00:00","inLanguage":"fr-FR","potentialAction":[{"@type":"ReadAction","target":["https:\/\/hebes.nadlo.ch\/fr\/actualites\/"]}]},{"@type":"WebSite","@id":"https:\/\/hebes.nadlo.ch\/#website","url":"https:\/\/hebes.nadlo.ch\/","name":"Hebes","description":"","potentialAction":[{"@type":"SearchAction","target":{"@type":"EntryPoint","urlTemplate":"https:\/\/hebes.nadlo.ch\/?s={search_term_string}"},"query-input":{"@type":"PropertyValueSpecification","valueRequired":true,"valueName":"search_term_string"}}],"inLanguage":"fr-FR"}]}},"_links":{"self":[{"href":"https:\/\/hebes.nadlo.ch\/fr\/wp-json\/wp\/v2\/pages\/1966","targetHints":{"allow":["GET"]}}],"collection":[{"href":"https:\/\/hebes.nadlo.ch\/fr\/wp-json\/wp\/v2\/pages"}],"about":[{"href":"https:\/\/hebes.nadlo.ch\/fr\/wp-json\/wp\/v2\/types\/page"}],"author":[{"embeddable":true,"href":"https:\/\/hebes.nadlo.ch\/fr\/wp-json\/wp\/v2\/users\/1"}],"replies":[{"embeddable":true,"href":"https:\/\/hebes.nadlo.ch\/fr\/wp-json\/wp\/v2\/comments?post=1966"}],"version-history":[{"count":4,"href":"https:\/\/hebes.nadlo.ch\/fr\/wp-json\/wp\/v2\/pages\/1966\/revisions"}],"predecessor-version":[{"id":2388,"href":"https:\/\/hebes.nadlo.ch\/fr\/wp-json\/wp\/v2\/pages\/1966\/revisions\/2388"}],"wp:attachment":[{"href":"https:\/\/hebes.nadlo.ch\/fr\/wp-json\/wp\/v2\/media?parent=1966"}],"curies":[{"name":"wp","href":"https:\/\/api.w.org\/{rel}","templated":true}]}}