{"id":2079,"date":"2019-10-10T10:19:28","date_gmt":"2019-10-10T10:19:28","guid":{"rendered":"https:\/\/hebes.nadlo.ch\/?page_id=2079"},"modified":"2022-01-05T16:56:18","modified_gmt":"2022-01-05T16:56:18","slug":"benchmarking","status":"publish","type":"page","link":"https:\/\/hebes.nadlo.ch\/fr\/benchmarking-2\/benchmarking\/","title":{"rendered":"Benchmarking"},"content":{"rendered":"<p><strong>Versatilit\u00e9<br \/>\n<\/strong>De nombreuses <a href=\"https:\/\/hebes.nadlo.ch\/fr\/benchmarking-2\/filterfunktionen\/\">fonctions d\u2019\u00e9valuation et de filtrage<\/a> \u00e0 propos des clients, des employ\u00e9s, des co\u00fbts et des recettes permettent des analyses s\u00e9lectives et cibl\u00e9es.<\/p>\n<p><strong>Comparabilit\u00e9<\/strong><br \/>\nComparez-vous aux instructions semblables \u00e0 la v\u00f4tre: plus de dix fonctions de filtrage, comprenant la taille de l\u2019institution, la r\u00e9gion, le temps de soin en minutes, le syst\u00e8me de soins et bien d\u2019autres caract\u00e9ristiques du groupe de comparaison, vous permettent d\u2019obtenir des valeurs comparatives pertinentes.<\/p>\n<p><strong>Transparence<\/strong><br \/>\nGr\u00e2ce \u00e0 HEBES effectuer un benchmarking entre institutions utilisant diff\u00e9rents syst\u00e8mes de soins tels que BESA, RAI\/RUG et Plaisir. Chaque client est enregistr\u00e9 en fonction du syst\u00e8me de soins utilis\u00e9, des valeurs par minutes correspondantes par cat\u00e9gorie (et \u00e9galement par cat\u00e9gorie OPAS) et par dur\u00e9e. De cette fa\u00e7on, vous pouvez comparer les maisons de retraite et \u00e9tablissements de soins par cat\u00e9gorie de soins.<\/p>\n<p><strong>Personnalisation<\/strong><br \/>\nGr\u00e2ce \u00e0 des analyses suppl\u00e9mentaires pertinentes, r\u00e9alisez divers benchmarks facilement. Les outils d\u2019analyse adapt\u00e9s permettent aux utilisateurs autoris\u00e9s d\u2019obtenir des benchmarks d\u00e9taill\u00e9s et cibl\u00e9s.<\/p>\n<p><strong>Fonctionnalit\u00e9 et flexibilit\u00e9<\/strong><br \/>\nAccessible en ligne, HEBES offre une grande flexibilit\u00e9: comparez les <a href=\"https:\/\/hebes.nadlo.ch\/fr\/benchmarking-2\/kennzahlen\/\">chiffres cl\u00e9s<\/a> de votre institution avec le groupe de comparaison de votre choix \u00e0 tout moment, o\u00f9 que vous soyez. Pour des recherches rapides, vous disposez de rapports standards exposant les chiffres cl\u00e9s les plus importants.<\/p>\n<p><strong>Modularit\u00e9<\/strong><br \/>\nLe syst\u00e8me modulaire de HEBES vous permet de r\u00e9aliser des \u00e9valuations sp\u00e9cifiques \u00e0 chaque \u00e9tablissement, par exemple sur la base de chiffres cl\u00e9s concernant les param\u00e8tres d\u2019\u00e9valuation des soins, les \u00e9valuations suppl\u00e9mentaires de co\u00fbts, les statistiques de fluctuation,\u00a0etc.<\/p>\n<p><strong>Fiabilit\u00e9<\/strong><br \/>\nUn ensemble de donn\u00e9es fiables sert de base pour les analyses d\u00e9taill\u00e9es des co\u00fbts et des services. Keller\u00a0Unternehmensberatung v\u00e9rifie que les donn\u00e9es recueillies par l\u2019Office f\u00e9d\u00e9ral de la statistique\u00a0(OFS) pour les statistiques des institutions m\u00e9dico-sociales\u00a0(Somed) soient vraisemblables et compl\u00e8tes. En compl\u00e9ment des donn\u00e9es Somed, les \u00e9tablissements participant au benchmark peuvent saisir ou modifier des donn\u00e9es suppl\u00e9mentaires en ligne telles que les param\u00e8tres de l\u2019\u00e9valuation des soins.<\/p>\n<p><strong>Anonyme<\/strong><br \/>\nHEBES assure une politique de protection des donn\u00e9es pour la protection de la personnalit\u00e9 et des droits fondamentaux des personnes. \u00c0 cet \u00e9gard, les donn\u00e9es mises \u00e0 disposition sont <a href=\"https:\/\/hebes.nadlo.ch\/fr\/benchmarking-2\/comparaison-individuelle-ou-au-sein-groupe\/\">anonymis\u00e9es<\/a> lors du t\u00e9l\u00e9chargement afin qu\u2019il soit impossible d\u2019obtenir des indications \u00e0 propos du client ou de l\u2019employ\u00e9 compar\u00e9.<\/p>\n<p>Constatez par vous-m\u00eame la qualit\u00e9 des services propos\u00e9s par HEBES en consultant les <a href=\"https:\/\/hebes.nadlo.ch\/fr\/benchmarking-2\/auswertung\/\">exemples de rapports<\/a>.<\/p>\n","protected":false},"excerpt":{"rendered":"<p>Versatilit\u00e9 De nombreuses fonctions d\u2019\u00e9valuation et de filtrage \u00e0 propos des clients, des employ\u00e9s, des co\u00fbts et des recettes permettent des analyses s\u00e9lectives et cibl\u00e9es. Comparabilit\u00e9 Comparez-vous aux instructions semblables \u00e0 la v\u00f4tre: plus de dix fonctions de filtrage, comprenant la taille de l\u2019institution, la r\u00e9gion, le temps de soin en minutes, le syst\u00e8me de [&hellip;]<\/p>\n","protected":false},"author":1,"featured_media":2035,"parent":2054,"menu_order":0,"comment_status":"closed","ping_status":"closed","template":"template\/simple-page.php","meta":{"_acf_changed":false,"footnotes":""},"class_list":["post-2079","page","type-page","status-publish","has-post-thumbnail","hentry"],"acf":[],"yoast_head":"<!-- This site is optimized with the Yoast SEO plugin v26.9 - https:\/\/yoast.com\/product\/yoast-seo-wordpress\/ -->\n<title>Benchmarking - Hebes<\/title>\n<meta name=\"robots\" content=\"index, follow, max-snippet:-1, max-image-preview:large, max-video-preview:-1\" \/>\n<link rel=\"canonical\" href=\"https:\/\/hebes.nadlo.ch\/fr\/benchmarking-2\/benchmarking\/\" \/>\n<meta property=\"og:locale\" content=\"fr_FR\" \/>\n<meta property=\"og:type\" content=\"article\" \/>\n<meta property=\"og:title\" content=\"Benchmarking - Hebes\" \/>\n<meta property=\"og:description\" content=\"Versatilit\u00e9 De nombreuses fonctions d\u2019\u00e9valuation et de filtrage \u00e0 propos des clients, des employ\u00e9s, des co\u00fbts et des recettes permettent des analyses s\u00e9lectives et cibl\u00e9es. Comparabilit\u00e9 Comparez-vous aux instructions semblables \u00e0 la v\u00f4tre: plus de dix fonctions de filtrage, comprenant la taille de l\u2019institution, la r\u00e9gion, le temps de soin en minutes, le syst\u00e8me de [&hellip;]\" \/>\n<meta property=\"og:url\" content=\"https:\/\/hebes.nadlo.ch\/fr\/benchmarking-2\/benchmarking\/\" \/>\n<meta property=\"og:site_name\" content=\"Hebes\" \/>\n<meta property=\"article:modified_time\" content=\"2022-01-05T16:56:18+00:00\" \/>\n<meta property=\"og:image\" content=\"https:\/\/hebes.nadlo.ch\/wp-content\/uploads\/2019\/04\/hebes_header_NEU_C.jpg\" \/>\n\t<meta property=\"og:image:width\" content=\"3402\" \/>\n\t<meta property=\"og:image:height\" content=\"1280\" \/>\n\t<meta property=\"og:image:type\" content=\"image\/jpeg\" \/>\n<meta name=\"twitter:card\" content=\"summary_large_image\" \/>\n<meta name=\"twitter:label1\" content=\"Dur\u00e9e de lecture estim\u00e9e\" \/>\n\t<meta name=\"twitter:data1\" content=\"2 minutes\" \/>\n<script type=\"application\/ld+json\" class=\"yoast-schema-graph\">{\"@context\":\"https:\/\/schema.org\",\"@graph\":[{\"@type\":\"WebPage\",\"@id\":\"https:\/\/hebes.nadlo.ch\/fr\/benchmarking-2\/benchmarking\/\",\"url\":\"https:\/\/hebes.nadlo.ch\/fr\/benchmarking-2\/benchmarking\/\",\"name\":\"Benchmarking - Hebes\",\"isPartOf\":{\"@id\":\"https:\/\/hebes.nadlo.ch\/#website\"},\"primaryImageOfPage\":{\"@id\":\"https:\/\/hebes.nadlo.ch\/fr\/benchmarking-2\/benchmarking\/#primaryimage\"},\"image\":{\"@id\":\"https:\/\/hebes.nadlo.ch\/fr\/benchmarking-2\/benchmarking\/#primaryimage\"},\"thumbnailUrl\":\"https:\/\/hebes.nadlo.ch\/wp-content\/uploads\/2019\/04\/hebes_header_NEU_C.jpg\",\"datePublished\":\"2019-10-10T10:19:28+00:00\",\"dateModified\":\"2022-01-05T16:56:18+00:00\",\"breadcrumb\":{\"@id\":\"https:\/\/hebes.nadlo.ch\/fr\/benchmarking-2\/benchmarking\/#breadcrumb\"},\"inLanguage\":\"fr-FR\",\"potentialAction\":[{\"@type\":\"ReadAction\",\"target\":[\"https:\/\/hebes.nadlo.ch\/fr\/benchmarking-2\/benchmarking\/\"]}]},{\"@type\":\"ImageObject\",\"inLanguage\":\"fr-FR\",\"@id\":\"https:\/\/hebes.nadlo.ch\/fr\/benchmarking-2\/benchmarking\/#primaryimage\",\"url\":\"https:\/\/hebes.nadlo.ch\/wp-content\/uploads\/2019\/04\/hebes_header_NEU_C.jpg\",\"contentUrl\":\"https:\/\/hebes.nadlo.ch\/wp-content\/uploads\/2019\/04\/hebes_header_NEU_C.jpg\",\"width\":3402,\"height\":1280},{\"@type\":\"BreadcrumbList\",\"@id\":\"https:\/\/hebes.nadlo.ch\/fr\/benchmarking-2\/benchmarking\/#breadcrumb\",\"itemListElement\":[{\"@type\":\"ListItem\",\"position\":1,\"name\":\"Benchmarking\",\"item\":\"https:\/\/hebes.nadlo.ch\/fr\/benchmarking-2\/\"},{\"@type\":\"ListItem\",\"position\":2,\"name\":\"Benchmarking\"}]},{\"@type\":\"WebSite\",\"@id\":\"https:\/\/hebes.nadlo.ch\/#website\",\"url\":\"https:\/\/hebes.nadlo.ch\/\",\"name\":\"Hebes\",\"description\":\"\",\"potentialAction\":[{\"@type\":\"SearchAction\",\"target\":{\"@type\":\"EntryPoint\",\"urlTemplate\":\"https:\/\/hebes.nadlo.ch\/?s={search_term_string}\"},\"query-input\":{\"@type\":\"PropertyValueSpecification\",\"valueRequired\":true,\"valueName\":\"search_term_string\"}}],\"inLanguage\":\"fr-FR\"}]}<\/script>\n<!-- \/ Yoast SEO plugin. -->","yoast_head_json":{"title":"Benchmarking - Hebes","robots":{"index":"index","follow":"follow","max-snippet":"max-snippet:-1","max-image-preview":"max-image-preview:large","max-video-preview":"max-video-preview:-1"},"canonical":"https:\/\/hebes.nadlo.ch\/fr\/benchmarking-2\/benchmarking\/","og_locale":"fr_FR","og_type":"article","og_title":"Benchmarking - Hebes","og_description":"Versatilit\u00e9 De nombreuses fonctions d\u2019\u00e9valuation et de filtrage \u00e0 propos des clients, des employ\u00e9s, des co\u00fbts et des recettes permettent des analyses s\u00e9lectives et cibl\u00e9es. Comparabilit\u00e9 Comparez-vous aux instructions semblables \u00e0 la v\u00f4tre: plus de dix fonctions de filtrage, comprenant la taille de l\u2019institution, la r\u00e9gion, le temps de soin en minutes, le syst\u00e8me de [&hellip;]","og_url":"https:\/\/hebes.nadlo.ch\/fr\/benchmarking-2\/benchmarking\/","og_site_name":"Hebes","article_modified_time":"2022-01-05T16:56:18+00:00","og_image":[{"width":3402,"height":1280,"url":"https:\/\/hebes.nadlo.ch\/wp-content\/uploads\/2019\/04\/hebes_header_NEU_C.jpg","type":"image\/jpeg"}],"twitter_card":"summary_large_image","twitter_misc":{"Dur\u00e9e de lecture estim\u00e9e":"2 minutes"},"schema":{"@context":"https:\/\/schema.org","@graph":[{"@type":"WebPage","@id":"https:\/\/hebes.nadlo.ch\/fr\/benchmarking-2\/benchmarking\/","url":"https:\/\/hebes.nadlo.ch\/fr\/benchmarking-2\/benchmarking\/","name":"Benchmarking - Hebes","isPartOf":{"@id":"https:\/\/hebes.nadlo.ch\/#website"},"primaryImageOfPage":{"@id":"https:\/\/hebes.nadlo.ch\/fr\/benchmarking-2\/benchmarking\/#primaryimage"},"image":{"@id":"https:\/\/hebes.nadlo.ch\/fr\/benchmarking-2\/benchmarking\/#primaryimage"},"thumbnailUrl":"https:\/\/hebes.nadlo.ch\/wp-content\/uploads\/2019\/04\/hebes_header_NEU_C.jpg","datePublished":"2019-10-10T10:19:28+00:00","dateModified":"2022-01-05T16:56:18+00:00","breadcrumb":{"@id":"https:\/\/hebes.nadlo.ch\/fr\/benchmarking-2\/benchmarking\/#breadcrumb"},"inLanguage":"fr-FR","potentialAction":[{"@type":"ReadAction","target":["https:\/\/hebes.nadlo.ch\/fr\/benchmarking-2\/benchmarking\/"]}]},{"@type":"ImageObject","inLanguage":"fr-FR","@id":"https:\/\/hebes.nadlo.ch\/fr\/benchmarking-2\/benchmarking\/#primaryimage","url":"https:\/\/hebes.nadlo.ch\/wp-content\/uploads\/2019\/04\/hebes_header_NEU_C.jpg","contentUrl":"https:\/\/hebes.nadlo.ch\/wp-content\/uploads\/2019\/04\/hebes_header_NEU_C.jpg","width":3402,"height":1280},{"@type":"BreadcrumbList","@id":"https:\/\/hebes.nadlo.ch\/fr\/benchmarking-2\/benchmarking\/#breadcrumb","itemListElement":[{"@type":"ListItem","position":1,"name":"Benchmarking","item":"https:\/\/hebes.nadlo.ch\/fr\/benchmarking-2\/"},{"@type":"ListItem","position":2,"name":"Benchmarking"}]},{"@type":"WebSite","@id":"https:\/\/hebes.nadlo.ch\/#website","url":"https:\/\/hebes.nadlo.ch\/","name":"Hebes","description":"","potentialAction":[{"@type":"SearchAction","target":{"@type":"EntryPoint","urlTemplate":"https:\/\/hebes.nadlo.ch\/?s={search_term_string}"},"query-input":{"@type":"PropertyValueSpecification","valueRequired":true,"valueName":"search_term_string"}}],"inLanguage":"fr-FR"}]}},"_links":{"self":[{"href":"https:\/\/hebes.nadlo.ch\/fr\/wp-json\/wp\/v2\/pages\/2079","targetHints":{"allow":["GET"]}}],"collection":[{"href":"https:\/\/hebes.nadlo.ch\/fr\/wp-json\/wp\/v2\/pages"}],"about":[{"href":"https:\/\/hebes.nadlo.ch\/fr\/wp-json\/wp\/v2\/types\/page"}],"author":[{"embeddable":true,"href":"https:\/\/hebes.nadlo.ch\/fr\/wp-json\/wp\/v2\/users\/1"}],"replies":[{"embeddable":true,"href":"https:\/\/hebes.nadlo.ch\/fr\/wp-json\/wp\/v2\/comments?post=2079"}],"version-history":[{"count":11,"href":"https:\/\/hebes.nadlo.ch\/fr\/wp-json\/wp\/v2\/pages\/2079\/revisions"}],"predecessor-version":[{"id":2517,"href":"https:\/\/hebes.nadlo.ch\/fr\/wp-json\/wp\/v2\/pages\/2079\/revisions\/2517"}],"up":[{"embeddable":true,"href":"https:\/\/hebes.nadlo.ch\/fr\/wp-json\/wp\/v2\/pages\/2054"}],"wp:featuredmedia":[{"embeddable":true,"href":"https:\/\/hebes.nadlo.ch\/fr\/wp-json\/wp\/v2\/media\/2035"}],"wp:attachment":[{"href":"https:\/\/hebes.nadlo.ch\/fr\/wp-json\/wp\/v2\/media?parent=2079"}],"curies":[{"name":"wp","href":"https:\/\/api.w.org\/{rel}","templated":true}]}}