{"id":2082,"date":"2019-10-10T10:24:09","date_gmt":"2019-10-10T10:24:09","guid":{"rendered":"https:\/\/hebes.nadlo.ch\/?page_id=2082"},"modified":"2019-10-21T11:55:11","modified_gmt":"2019-10-21T11:55:11","slug":"fonctionnement-de-hebes","status":"publish","type":"page","link":"https:\/\/hebes.nadlo.ch\/fr\/benchmarking-2\/fonctionnement-de-hebes\/","title":{"rendered":"Fonctionnement de HEBES"},"content":{"rendered":"<p><strong><img loading=\"lazy\" decoding=\"async\" class=\"alignnone wp-image-1142 size-full\" src=\"https:\/\/hebes.nadlo.ch\/wp-content\/uploads\/2019\/03\/Produktivitt.jpg\" alt=\"\" width=\"768\" height=\"504\" srcset=\"https:\/\/hebes.nadlo.ch\/wp-content\/uploads\/2019\/03\/Produktivitt.jpg 768w, https:\/\/hebes.nadlo.ch\/wp-content\/uploads\/2019\/03\/Produktivitt-300x197.jpg 300w\" sizes=\"auto, (max-width: 768px) 100vw, 768px\" \/><br \/>\n<\/strong><\/p>\n<p><strong>Transparent<\/strong><\/p>\n<p>La plateforme de benchmark HEBES est une application en ligne flexible et simple d\u2019utilisation, con\u00e7ue sp\u00e9cialement pour les maisons de retraite et les \u00e9tablissements de soins, ainsi que pour d\u2019autres institutions de longue dur\u00e9e ayant des exigences sp\u00e9cifiques \u00e0 ce secteur. Le benchmarking s\u2019appuie alors sur les donn\u00e9es recueillies par l\u2019Office f\u00e9d\u00e9ral de la statistique (OFS) dans le cadre de la statistique des institutions m\u00e9dico-sociales (SOMED).<\/p>\n<p><strong>Fonctionnel<\/strong><\/p>\n<p>L\u2019utilisation de HEBES est adapt\u00e9e pour toutes les maisons de retraite et \u00e9tablissements de soins ind\u00e9pendamment du syst\u00e8me d\u2019\u00e9valuation des soins utilis\u00e9 (BESA, RAI \/ RUG, Plaisir,&nbsp;etc.).<\/p>\n<p>L\u2019objectif de HEBES est de permettre aux participants d\u2019acqu\u00e9rir, au moyen du benchmarking, des connaissances approfondies \u00e0 propos de leurs frais et activit\u00e9s et ainsi de poser les fondements pour une optimisation de leur performances, ainsi que pour les n\u00e9gociations tarifaires. Gr\u00e2ce \u00e0 un grande vari\u00e9t\u00e9 de crit\u00e8res de filtrage tels que la taille des \u00e9tablissements, le syst\u00e8me de soins (BESA, RAI \/ RUG, etc.), la r\u00e9gion, le co\u00fbt des soins par jour ou par minute et bien d\u2019autres encore, il est possible de s\u00e9lectionner les participants \u00e0 la comparaison de mani\u00e8re cibl\u00e9e.<\/p>\n<p><strong>Flexible<\/strong><\/p>\n<p>Dans le dossier contenant les rapports, l\u2019utilisateur dispose de nombreux rapports standards comprenant les principaux chiffres cl\u00e9s sp\u00e9cifiques \u00e0 chaque institution. En outre, il est possible d&rsquo;\u00e9tablir de fa\u00e7on pertinente des \u00e9valuations et des analyses suppl\u00e9mentaires en toute simplicit\u00e9 gr\u00e2ce aux nombreux crit\u00e8res de filtrage (tel que la cat\u00e9gorie OPAS, le sexe, les besoins en mati\u00e8re de soins, le centre de frais, le type de co\u00fbts, etc.).<\/p>\n<p><strong>Abordable<\/strong><\/p>\n<p>Les soci\u00e9t\u00e9s participant aux benchmark b\u00e9n\u00e9ficient d\u2019un acc\u00e8s direct \u00e0 la plateforme en ligne flexible et simple d\u2019utilisation de HEBES. Aucune installation n&rsquo;est n\u00e9cessaire pour utiliser HEBES. Vous \u00e9vitez alors les co\u00fbts \u00e9lev\u00e9s d\u2019investissement et de maintenance. Pour utiliser ce service, il faut seulement poss\u00e9der une licence.<\/p>\n","protected":false},"excerpt":{"rendered":"<p>Transparent La plateforme de benchmark HEBES est une application en ligne flexible et simple d\u2019utilisation, con\u00e7ue sp\u00e9cialement pour les maisons de retraite et les \u00e9tablissements de soins, ainsi que pour d\u2019autres institutions de longue dur\u00e9e ayant des exigences sp\u00e9cifiques \u00e0 ce secteur. Le benchmarking s\u2019appuie alors sur les donn\u00e9es recueillies par l\u2019Office f\u00e9d\u00e9ral de la [&hellip;]<\/p>\n","protected":false},"author":1,"featured_media":2035,"parent":2054,"menu_order":0,"comment_status":"closed","ping_status":"closed","template":"template\/simple-page.php","meta":{"_acf_changed":false,"footnotes":""},"class_list":["post-2082","page","type-page","status-publish","has-post-thumbnail","hentry"],"acf":[],"yoast_head":"<!-- This site is optimized with the Yoast SEO plugin v26.9 - https:\/\/yoast.com\/product\/yoast-seo-wordpress\/ -->\n<title>Fonctionnement de HEBES - Hebes<\/title>\n<meta name=\"robots\" content=\"index, follow, max-snippet:-1, max-image-preview:large, max-video-preview:-1\" \/>\n<link rel=\"canonical\" href=\"https:\/\/hebes.nadlo.ch\/fr\/benchmarking-2\/fonctionnement-de-hebes\/\" \/>\n<meta property=\"og:locale\" content=\"fr_FR\" \/>\n<meta property=\"og:type\" content=\"article\" \/>\n<meta property=\"og:title\" content=\"Fonctionnement de HEBES - Hebes\" \/>\n<meta property=\"og:description\" content=\"Transparent La plateforme de benchmark HEBES est une application en ligne flexible et simple d\u2019utilisation, con\u00e7ue sp\u00e9cialement pour les maisons de retraite et les \u00e9tablissements de soins, ainsi que pour d\u2019autres institutions de longue dur\u00e9e ayant des exigences sp\u00e9cifiques \u00e0 ce secteur. Le benchmarking s\u2019appuie alors sur les donn\u00e9es recueillies par l\u2019Office f\u00e9d\u00e9ral de la [&hellip;]\" \/>\n<meta property=\"og:url\" content=\"https:\/\/hebes.nadlo.ch\/fr\/benchmarking-2\/fonctionnement-de-hebes\/\" \/>\n<meta property=\"og:site_name\" content=\"Hebes\" \/>\n<meta property=\"article:modified_time\" content=\"2019-10-21T11:55:11+00:00\" \/>\n<meta property=\"og:image\" content=\"https:\/\/hebes.nadlo.ch\/wp-content\/uploads\/2019\/04\/hebes_header_NEU_C.jpg\" \/>\n\t<meta property=\"og:image:width\" content=\"3402\" \/>\n\t<meta property=\"og:image:height\" content=\"1280\" \/>\n\t<meta property=\"og:image:type\" content=\"image\/jpeg\" \/>\n<meta name=\"twitter:card\" content=\"summary_large_image\" \/>\n<meta name=\"twitter:label1\" content=\"Dur\u00e9e de lecture estim\u00e9e\" \/>\n\t<meta name=\"twitter:data1\" content=\"2 minutes\" \/>\n<script type=\"application\/ld+json\" class=\"yoast-schema-graph\">{\"@context\":\"https:\/\/schema.org\",\"@graph\":[{\"@type\":\"WebPage\",\"@id\":\"https:\/\/hebes.nadlo.ch\/fr\/benchmarking-2\/fonctionnement-de-hebes\/\",\"url\":\"https:\/\/hebes.nadlo.ch\/fr\/benchmarking-2\/fonctionnement-de-hebes\/\",\"name\":\"Fonctionnement de HEBES - Hebes\",\"isPartOf\":{\"@id\":\"https:\/\/hebes.nadlo.ch\/#website\"},\"primaryImageOfPage\":{\"@id\":\"https:\/\/hebes.nadlo.ch\/fr\/benchmarking-2\/fonctionnement-de-hebes\/#primaryimage\"},\"image\":{\"@id\":\"https:\/\/hebes.nadlo.ch\/fr\/benchmarking-2\/fonctionnement-de-hebes\/#primaryimage\"},\"thumbnailUrl\":\"https:\/\/hebes.nadlo.ch\/wp-content\/uploads\/2019\/04\/hebes_header_NEU_C.jpg\",\"datePublished\":\"2019-10-10T10:24:09+00:00\",\"dateModified\":\"2019-10-21T11:55:11+00:00\",\"breadcrumb\":{\"@id\":\"https:\/\/hebes.nadlo.ch\/fr\/benchmarking-2\/fonctionnement-de-hebes\/#breadcrumb\"},\"inLanguage\":\"fr-FR\",\"potentialAction\":[{\"@type\":\"ReadAction\",\"target\":[\"https:\/\/hebes.nadlo.ch\/fr\/benchmarking-2\/fonctionnement-de-hebes\/\"]}]},{\"@type\":\"ImageObject\",\"inLanguage\":\"fr-FR\",\"@id\":\"https:\/\/hebes.nadlo.ch\/fr\/benchmarking-2\/fonctionnement-de-hebes\/#primaryimage\",\"url\":\"https:\/\/hebes.nadlo.ch\/wp-content\/uploads\/2019\/04\/hebes_header_NEU_C.jpg\",\"contentUrl\":\"https:\/\/hebes.nadlo.ch\/wp-content\/uploads\/2019\/04\/hebes_header_NEU_C.jpg\",\"width\":3402,\"height\":1280},{\"@type\":\"BreadcrumbList\",\"@id\":\"https:\/\/hebes.nadlo.ch\/fr\/benchmarking-2\/fonctionnement-de-hebes\/#breadcrumb\",\"itemListElement\":[{\"@type\":\"ListItem\",\"position\":1,\"name\":\"Benchmarking\",\"item\":\"https:\/\/hebes.nadlo.ch\/fr\/benchmarking-2\/\"},{\"@type\":\"ListItem\",\"position\":2,\"name\":\"Fonctionnement de HEBES\"}]},{\"@type\":\"WebSite\",\"@id\":\"https:\/\/hebes.nadlo.ch\/#website\",\"url\":\"https:\/\/hebes.nadlo.ch\/\",\"name\":\"Hebes\",\"description\":\"\",\"potentialAction\":[{\"@type\":\"SearchAction\",\"target\":{\"@type\":\"EntryPoint\",\"urlTemplate\":\"https:\/\/hebes.nadlo.ch\/?s={search_term_string}\"},\"query-input\":{\"@type\":\"PropertyValueSpecification\",\"valueRequired\":true,\"valueName\":\"search_term_string\"}}],\"inLanguage\":\"fr-FR\"}]}<\/script>\n<!-- \/ Yoast SEO plugin. -->","yoast_head_json":{"title":"Fonctionnement de HEBES - Hebes","robots":{"index":"index","follow":"follow","max-snippet":"max-snippet:-1","max-image-preview":"max-image-preview:large","max-video-preview":"max-video-preview:-1"},"canonical":"https:\/\/hebes.nadlo.ch\/fr\/benchmarking-2\/fonctionnement-de-hebes\/","og_locale":"fr_FR","og_type":"article","og_title":"Fonctionnement de HEBES - Hebes","og_description":"Transparent La plateforme de benchmark HEBES est une application en ligne flexible et simple d\u2019utilisation, con\u00e7ue sp\u00e9cialement pour les maisons de retraite et les \u00e9tablissements de soins, ainsi que pour d\u2019autres institutions de longue dur\u00e9e ayant des exigences sp\u00e9cifiques \u00e0 ce secteur. Le benchmarking s\u2019appuie alors sur les donn\u00e9es recueillies par l\u2019Office f\u00e9d\u00e9ral de la [&hellip;]","og_url":"https:\/\/hebes.nadlo.ch\/fr\/benchmarking-2\/fonctionnement-de-hebes\/","og_site_name":"Hebes","article_modified_time":"2019-10-21T11:55:11+00:00","og_image":[{"width":3402,"height":1280,"url":"https:\/\/hebes.nadlo.ch\/wp-content\/uploads\/2019\/04\/hebes_header_NEU_C.jpg","type":"image\/jpeg"}],"twitter_card":"summary_large_image","twitter_misc":{"Dur\u00e9e de lecture estim\u00e9e":"2 minutes"},"schema":{"@context":"https:\/\/schema.org","@graph":[{"@type":"WebPage","@id":"https:\/\/hebes.nadlo.ch\/fr\/benchmarking-2\/fonctionnement-de-hebes\/","url":"https:\/\/hebes.nadlo.ch\/fr\/benchmarking-2\/fonctionnement-de-hebes\/","name":"Fonctionnement de HEBES - Hebes","isPartOf":{"@id":"https:\/\/hebes.nadlo.ch\/#website"},"primaryImageOfPage":{"@id":"https:\/\/hebes.nadlo.ch\/fr\/benchmarking-2\/fonctionnement-de-hebes\/#primaryimage"},"image":{"@id":"https:\/\/hebes.nadlo.ch\/fr\/benchmarking-2\/fonctionnement-de-hebes\/#primaryimage"},"thumbnailUrl":"https:\/\/hebes.nadlo.ch\/wp-content\/uploads\/2019\/04\/hebes_header_NEU_C.jpg","datePublished":"2019-10-10T10:24:09+00:00","dateModified":"2019-10-21T11:55:11+00:00","breadcrumb":{"@id":"https:\/\/hebes.nadlo.ch\/fr\/benchmarking-2\/fonctionnement-de-hebes\/#breadcrumb"},"inLanguage":"fr-FR","potentialAction":[{"@type":"ReadAction","target":["https:\/\/hebes.nadlo.ch\/fr\/benchmarking-2\/fonctionnement-de-hebes\/"]}]},{"@type":"ImageObject","inLanguage":"fr-FR","@id":"https:\/\/hebes.nadlo.ch\/fr\/benchmarking-2\/fonctionnement-de-hebes\/#primaryimage","url":"https:\/\/hebes.nadlo.ch\/wp-content\/uploads\/2019\/04\/hebes_header_NEU_C.jpg","contentUrl":"https:\/\/hebes.nadlo.ch\/wp-content\/uploads\/2019\/04\/hebes_header_NEU_C.jpg","width":3402,"height":1280},{"@type":"BreadcrumbList","@id":"https:\/\/hebes.nadlo.ch\/fr\/benchmarking-2\/fonctionnement-de-hebes\/#breadcrumb","itemListElement":[{"@type":"ListItem","position":1,"name":"Benchmarking","item":"https:\/\/hebes.nadlo.ch\/fr\/benchmarking-2\/"},{"@type":"ListItem","position":2,"name":"Fonctionnement de HEBES"}]},{"@type":"WebSite","@id":"https:\/\/hebes.nadlo.ch\/#website","url":"https:\/\/hebes.nadlo.ch\/","name":"Hebes","description":"","potentialAction":[{"@type":"SearchAction","target":{"@type":"EntryPoint","urlTemplate":"https:\/\/hebes.nadlo.ch\/?s={search_term_string}"},"query-input":{"@type":"PropertyValueSpecification","valueRequired":true,"valueName":"search_term_string"}}],"inLanguage":"fr-FR"}]}},"_links":{"self":[{"href":"https:\/\/hebes.nadlo.ch\/fr\/wp-json\/wp\/v2\/pages\/2082","targetHints":{"allow":["GET"]}}],"collection":[{"href":"https:\/\/hebes.nadlo.ch\/fr\/wp-json\/wp\/v2\/pages"}],"about":[{"href":"https:\/\/hebes.nadlo.ch\/fr\/wp-json\/wp\/v2\/types\/page"}],"author":[{"embeddable":true,"href":"https:\/\/hebes.nadlo.ch\/fr\/wp-json\/wp\/v2\/users\/1"}],"replies":[{"embeddable":true,"href":"https:\/\/hebes.nadlo.ch\/fr\/wp-json\/wp\/v2\/comments?post=2082"}],"version-history":[{"count":5,"href":"https:\/\/hebes.nadlo.ch\/fr\/wp-json\/wp\/v2\/pages\/2082\/revisions"}],"predecessor-version":[{"id":2422,"href":"https:\/\/hebes.nadlo.ch\/fr\/wp-json\/wp\/v2\/pages\/2082\/revisions\/2422"}],"up":[{"embeddable":true,"href":"https:\/\/hebes.nadlo.ch\/fr\/wp-json\/wp\/v2\/pages\/2054"}],"wp:featuredmedia":[{"embeddable":true,"href":"https:\/\/hebes.nadlo.ch\/fr\/wp-json\/wp\/v2\/media\/2035"}],"wp:attachment":[{"href":"https:\/\/hebes.nadlo.ch\/fr\/wp-json\/wp\/v2\/media?parent=2082"}],"curies":[{"name":"wp","href":"https:\/\/api.w.org\/{rel}","templated":true}]}}