{"id":2087,"date":"2019-10-10T10:30:27","date_gmt":"2019-10-10T10:30:27","guid":{"rendered":"https:\/\/hebes.nadlo.ch\/?page_id=2087"},"modified":"2019-10-22T11:35:49","modified_gmt":"2019-10-22T11:35:49","slug":"fonctions-de-filtrage","status":"publish","type":"page","link":"https:\/\/hebes.nadlo.ch\/fr\/benchmarking-2\/fonctions-de-filtrage\/","title":{"rendered":"Fonctions de filtrage"},"content":{"rendered":"<p><!--EndFragment--><\/p>\n<p><strong>S\u00e9lection des participants \u00e0 la comparaison<\/strong><\/p>\n<p>Un benchmark entre votre institution et un groupe de comparaison n\u2019a de sens, que dans le cas o\u00f9 les institutions compar\u00e9es r\u00e9pondent \u00e0 des crit\u00e8res semblables.<\/p>\n<p>Gr\u00e2ce \u00e0 une large gamme de fonctions de filtrage, HEBES vous permet d\u2019\u00e9tablir un benchmark \u00e0 partir d\u2019institutions comparables.<\/p>\n<p>\u00a0<\/p>\n\n\n<p><strong>Filtre de s\u00e9lection<\/strong><\/p>\n<p>Syst\u00e8me de soins<\/p>\n<p>Frais de soins par jour<\/p>\n<p>Taille de la maison \/ nombre de lits<\/p>\n<p>R\u00e9gion<\/p>\n<p>Type d&rsquo;op\u00e9ration<\/p>\n<p>Subventionn\u00e9 Oui \/ Non<\/p>\n<p>Clients fluctu\u00e9s<\/p>\n<p>Forme juridique<\/p>\n<p>Moyenne d&rsquo;\u00e2ge<\/p>\n<p>\u00a0<\/p>\n\n\n\n<p><strong>Des \u00e9valuations flexibles<\/strong><\/p>\n<p>En plus des rapports standards mis \u00e0 disposition par HEBES, il est possible d\u2019\u00e9tablir en toute simplicit\u00e9 des rapports et des analyses suppl\u00e9mentaires. \u00c0 cet effet, une grande vari\u00e9t\u00e9 de filtres est \u00e0 votre disposition. Vous pouvez choisir de combiner les crit\u00e8res de filtrage concernant le client, les donn\u00e9es structurelles (institutions), les employ\u00e9s ou les frais et revenus. Gr\u00e2ce \u00e0 cette fonctionnalit\u00e9 de matrice, l\u2019utilisateur dispose d\u2019innombrables rapports possibles. Si des donn\u00e9es suppl\u00e9mentaires sont saisies via les modules, vous pouvez \u00e9galement les utiliser comme crit\u00e8res de filtrage suppl\u00e9mentaires.<\/p>\n<p>\u00a0<\/p>\n\n\n\n<p><strong>Client<\/strong><\/p>\n<p>Niveau KLV<\/p>\n<p>Besoins de soins \u00e0 Min\/Pts<\/p>\n<p>\u00c2ge<\/p>\n<p>Sexe<\/p>\n<p>Type d&rsquo;entr\u00e9e et de sortie<\/p>\n<p>Jours de s\u00e9jour<\/p>\n<p>D&rsquo;un autre canton<\/p>\n<p>\u00a0<\/p>\n\n\n\n<p><strong>Employ\u00e9s<\/strong><\/p>\n<p>Niveau de formation<\/p>\n<p>Origine du dipl\u00f4me<\/p>\n<p>Activit\u00e9 dans le centre de co\u00fbts<\/p>\n<p>Sexe<br \/><br \/>\u00c2ge<\/p>\n<p>R\u00e9mun\u00e9ration de type co\u00fbt<\/p>\n<p>\u00a0<\/p>\n\n\n\n<p><strong>Co\u00fbts<\/strong><\/p>\n<p>Centre de co\u00fbts<\/p>\n<p>Type de co\u00fbt<\/p>\n<p>Unit\u00e9 de co\u00fbt<\/p>\n","protected":false},"excerpt":{"rendered":"<p>S\u00e9lection des participants \u00e0 la comparaison Un benchmark entre votre institution et un groupe de comparaison n\u2019a de sens, que dans le cas o\u00f9 les institutions compar\u00e9es r\u00e9pondent \u00e0 des crit\u00e8res semblables. Gr\u00e2ce \u00e0 une large gamme de fonctions de filtrage, HEBES vous permet d\u2019\u00e9tablir un benchmark \u00e0 partir d\u2019institutions comparables. \u00a0 Filtre de s\u00e9lection [&hellip;]<\/p>\n","protected":false},"author":1,"featured_media":2035,"parent":2054,"menu_order":0,"comment_status":"closed","ping_status":"closed","template":"template\/simple-page.php","meta":{"_acf_changed":false,"footnotes":""},"class_list":["post-2087","page","type-page","status-publish","has-post-thumbnail","hentry"],"acf":[],"yoast_head":"<!-- This site is optimized with the Yoast SEO plugin v26.9 - https:\/\/yoast.com\/product\/yoast-seo-wordpress\/ -->\n<title>Fonctions de filtrage - Hebes<\/title>\n<meta name=\"robots\" content=\"index, follow, max-snippet:-1, max-image-preview:large, max-video-preview:-1\" \/>\n<link rel=\"canonical\" href=\"https:\/\/hebes.nadlo.ch\/fr\/benchmarking-2\/fonctions-de-filtrage\/\" \/>\n<meta property=\"og:locale\" content=\"fr_FR\" \/>\n<meta property=\"og:type\" content=\"article\" \/>\n<meta property=\"og:title\" content=\"Fonctions de filtrage - Hebes\" \/>\n<meta property=\"og:description\" content=\"S\u00e9lection des participants \u00e0 la comparaison Un benchmark entre votre institution et un groupe de comparaison n\u2019a de sens, que dans le cas o\u00f9 les institutions compar\u00e9es r\u00e9pondent \u00e0 des crit\u00e8res semblables. Gr\u00e2ce \u00e0 une large gamme de fonctions de filtrage, HEBES vous permet d\u2019\u00e9tablir un benchmark \u00e0 partir d\u2019institutions comparables. \u00a0 Filtre de s\u00e9lection [&hellip;]\" \/>\n<meta property=\"og:url\" content=\"https:\/\/hebes.nadlo.ch\/fr\/benchmarking-2\/fonctions-de-filtrage\/\" \/>\n<meta property=\"og:site_name\" content=\"Hebes\" \/>\n<meta property=\"article:modified_time\" content=\"2019-10-22T11:35:49+00:00\" \/>\n<meta property=\"og:image\" content=\"https:\/\/hebes.nadlo.ch\/wp-content\/uploads\/2019\/04\/hebes_header_NEU_C.jpg\" \/>\n\t<meta property=\"og:image:width\" content=\"3402\" \/>\n\t<meta property=\"og:image:height\" content=\"1280\" \/>\n\t<meta property=\"og:image:type\" content=\"image\/jpeg\" \/>\n<meta name=\"twitter:card\" content=\"summary_large_image\" \/>\n<meta name=\"twitter:label1\" content=\"Dur\u00e9e de lecture estim\u00e9e\" \/>\n\t<meta name=\"twitter:data1\" content=\"1 minute\" \/>\n<script type=\"application\/ld+json\" class=\"yoast-schema-graph\">{\"@context\":\"https:\/\/schema.org\",\"@graph\":[{\"@type\":\"WebPage\",\"@id\":\"https:\/\/hebes.nadlo.ch\/fr\/benchmarking-2\/fonctions-de-filtrage\/\",\"url\":\"https:\/\/hebes.nadlo.ch\/fr\/benchmarking-2\/fonctions-de-filtrage\/\",\"name\":\"Fonctions de filtrage - Hebes\",\"isPartOf\":{\"@id\":\"https:\/\/hebes.nadlo.ch\/#website\"},\"primaryImageOfPage\":{\"@id\":\"https:\/\/hebes.nadlo.ch\/fr\/benchmarking-2\/fonctions-de-filtrage\/#primaryimage\"},\"image\":{\"@id\":\"https:\/\/hebes.nadlo.ch\/fr\/benchmarking-2\/fonctions-de-filtrage\/#primaryimage\"},\"thumbnailUrl\":\"https:\/\/hebes.nadlo.ch\/wp-content\/uploads\/2019\/04\/hebes_header_NEU_C.jpg\",\"datePublished\":\"2019-10-10T10:30:27+00:00\",\"dateModified\":\"2019-10-22T11:35:49+00:00\",\"breadcrumb\":{\"@id\":\"https:\/\/hebes.nadlo.ch\/fr\/benchmarking-2\/fonctions-de-filtrage\/#breadcrumb\"},\"inLanguage\":\"fr-FR\",\"potentialAction\":[{\"@type\":\"ReadAction\",\"target\":[\"https:\/\/hebes.nadlo.ch\/fr\/benchmarking-2\/fonctions-de-filtrage\/\"]}]},{\"@type\":\"ImageObject\",\"inLanguage\":\"fr-FR\",\"@id\":\"https:\/\/hebes.nadlo.ch\/fr\/benchmarking-2\/fonctions-de-filtrage\/#primaryimage\",\"url\":\"https:\/\/hebes.nadlo.ch\/wp-content\/uploads\/2019\/04\/hebes_header_NEU_C.jpg\",\"contentUrl\":\"https:\/\/hebes.nadlo.ch\/wp-content\/uploads\/2019\/04\/hebes_header_NEU_C.jpg\",\"width\":3402,\"height\":1280},{\"@type\":\"BreadcrumbList\",\"@id\":\"https:\/\/hebes.nadlo.ch\/fr\/benchmarking-2\/fonctions-de-filtrage\/#breadcrumb\",\"itemListElement\":[{\"@type\":\"ListItem\",\"position\":1,\"name\":\"Benchmarking\",\"item\":\"https:\/\/hebes.nadlo.ch\/fr\/benchmarking-2\/\"},{\"@type\":\"ListItem\",\"position\":2,\"name\":\"Fonctions de filtrage\"}]},{\"@type\":\"WebSite\",\"@id\":\"https:\/\/hebes.nadlo.ch\/#website\",\"url\":\"https:\/\/hebes.nadlo.ch\/\",\"name\":\"Hebes\",\"description\":\"\",\"potentialAction\":[{\"@type\":\"SearchAction\",\"target\":{\"@type\":\"EntryPoint\",\"urlTemplate\":\"https:\/\/hebes.nadlo.ch\/?s={search_term_string}\"},\"query-input\":{\"@type\":\"PropertyValueSpecification\",\"valueRequired\":true,\"valueName\":\"search_term_string\"}}],\"inLanguage\":\"fr-FR\"}]}<\/script>\n<!-- \/ Yoast SEO plugin. -->","yoast_head_json":{"title":"Fonctions de filtrage - Hebes","robots":{"index":"index","follow":"follow","max-snippet":"max-snippet:-1","max-image-preview":"max-image-preview:large","max-video-preview":"max-video-preview:-1"},"canonical":"https:\/\/hebes.nadlo.ch\/fr\/benchmarking-2\/fonctions-de-filtrage\/","og_locale":"fr_FR","og_type":"article","og_title":"Fonctions de filtrage - Hebes","og_description":"S\u00e9lection des participants \u00e0 la comparaison Un benchmark entre votre institution et un groupe de comparaison n\u2019a de sens, que dans le cas o\u00f9 les institutions compar\u00e9es r\u00e9pondent \u00e0 des crit\u00e8res semblables. Gr\u00e2ce \u00e0 une large gamme de fonctions de filtrage, HEBES vous permet d\u2019\u00e9tablir un benchmark \u00e0 partir d\u2019institutions comparables. \u00a0 Filtre de s\u00e9lection [&hellip;]","og_url":"https:\/\/hebes.nadlo.ch\/fr\/benchmarking-2\/fonctions-de-filtrage\/","og_site_name":"Hebes","article_modified_time":"2019-10-22T11:35:49+00:00","og_image":[{"width":3402,"height":1280,"url":"https:\/\/hebes.nadlo.ch\/wp-content\/uploads\/2019\/04\/hebes_header_NEU_C.jpg","type":"image\/jpeg"}],"twitter_card":"summary_large_image","twitter_misc":{"Dur\u00e9e de lecture estim\u00e9e":"1 minute"},"schema":{"@context":"https:\/\/schema.org","@graph":[{"@type":"WebPage","@id":"https:\/\/hebes.nadlo.ch\/fr\/benchmarking-2\/fonctions-de-filtrage\/","url":"https:\/\/hebes.nadlo.ch\/fr\/benchmarking-2\/fonctions-de-filtrage\/","name":"Fonctions de filtrage - Hebes","isPartOf":{"@id":"https:\/\/hebes.nadlo.ch\/#website"},"primaryImageOfPage":{"@id":"https:\/\/hebes.nadlo.ch\/fr\/benchmarking-2\/fonctions-de-filtrage\/#primaryimage"},"image":{"@id":"https:\/\/hebes.nadlo.ch\/fr\/benchmarking-2\/fonctions-de-filtrage\/#primaryimage"},"thumbnailUrl":"https:\/\/hebes.nadlo.ch\/wp-content\/uploads\/2019\/04\/hebes_header_NEU_C.jpg","datePublished":"2019-10-10T10:30:27+00:00","dateModified":"2019-10-22T11:35:49+00:00","breadcrumb":{"@id":"https:\/\/hebes.nadlo.ch\/fr\/benchmarking-2\/fonctions-de-filtrage\/#breadcrumb"},"inLanguage":"fr-FR","potentialAction":[{"@type":"ReadAction","target":["https:\/\/hebes.nadlo.ch\/fr\/benchmarking-2\/fonctions-de-filtrage\/"]}]},{"@type":"ImageObject","inLanguage":"fr-FR","@id":"https:\/\/hebes.nadlo.ch\/fr\/benchmarking-2\/fonctions-de-filtrage\/#primaryimage","url":"https:\/\/hebes.nadlo.ch\/wp-content\/uploads\/2019\/04\/hebes_header_NEU_C.jpg","contentUrl":"https:\/\/hebes.nadlo.ch\/wp-content\/uploads\/2019\/04\/hebes_header_NEU_C.jpg","width":3402,"height":1280},{"@type":"BreadcrumbList","@id":"https:\/\/hebes.nadlo.ch\/fr\/benchmarking-2\/fonctions-de-filtrage\/#breadcrumb","itemListElement":[{"@type":"ListItem","position":1,"name":"Benchmarking","item":"https:\/\/hebes.nadlo.ch\/fr\/benchmarking-2\/"},{"@type":"ListItem","position":2,"name":"Fonctions de filtrage"}]},{"@type":"WebSite","@id":"https:\/\/hebes.nadlo.ch\/#website","url":"https:\/\/hebes.nadlo.ch\/","name":"Hebes","description":"","potentialAction":[{"@type":"SearchAction","target":{"@type":"EntryPoint","urlTemplate":"https:\/\/hebes.nadlo.ch\/?s={search_term_string}"},"query-input":{"@type":"PropertyValueSpecification","valueRequired":true,"valueName":"search_term_string"}}],"inLanguage":"fr-FR"}]}},"_links":{"self":[{"href":"https:\/\/hebes.nadlo.ch\/fr\/wp-json\/wp\/v2\/pages\/2087","targetHints":{"allow":["GET"]}}],"collection":[{"href":"https:\/\/hebes.nadlo.ch\/fr\/wp-json\/wp\/v2\/pages"}],"about":[{"href":"https:\/\/hebes.nadlo.ch\/fr\/wp-json\/wp\/v2\/types\/page"}],"author":[{"embeddable":true,"href":"https:\/\/hebes.nadlo.ch\/fr\/wp-json\/wp\/v2\/users\/1"}],"replies":[{"embeddable":true,"href":"https:\/\/hebes.nadlo.ch\/fr\/wp-json\/wp\/v2\/comments?post=2087"}],"version-history":[{"count":9,"href":"https:\/\/hebes.nadlo.ch\/fr\/wp-json\/wp\/v2\/pages\/2087\/revisions"}],"predecessor-version":[{"id":2428,"href":"https:\/\/hebes.nadlo.ch\/fr\/wp-json\/wp\/v2\/pages\/2087\/revisions\/2428"}],"up":[{"embeddable":true,"href":"https:\/\/hebes.nadlo.ch\/fr\/wp-json\/wp\/v2\/pages\/2054"}],"wp:featuredmedia":[{"embeddable":true,"href":"https:\/\/hebes.nadlo.ch\/fr\/wp-json\/wp\/v2\/media\/2035"}],"wp:attachment":[{"href":"https:\/\/hebes.nadlo.ch\/fr\/wp-json\/wp\/v2\/media?parent=2087"}],"curies":[{"name":"wp","href":"https:\/\/api.w.org\/{rel}","templated":true}]}}