{"id":2094,"date":"2019-10-10T10:33:31","date_gmt":"2019-10-10T10:33:31","guid":{"rendered":"https:\/\/hebes.nadlo.ch\/?page_id=2094"},"modified":"2019-10-21T11:56:01","modified_gmt":"2019-10-21T11:56:01","slug":"comparaison-individuelle-ou-au-sein-groupe","status":"publish","type":"page","link":"https:\/\/hebes.nadlo.ch\/fr\/benchmarking-2\/comparaison-individuelle-ou-au-sein-groupe\/","title":{"rendered":"Comparaison individuelle ou au sein d\u2019un groupe"},"content":{"rendered":"<p><!--EndFragment--><\/p>\n<p>Le benchmarking entre les maisons de retraite et les \u00e9tablissements de soins peut \u00eatre effectu\u00e9 de deux mani\u00e8res diff\u00e9rentes:<\/p>\n<p><strong>1. Anonymement<\/strong><\/p>\n<p>Dans le cas d\u2019un benchmark anonyme, l&rsquo;\u00e9tablissement est compar\u00e9 \u00e0 un \u00e9tablissement de benchmarking anonyme et \u00abvirtuel\u00bb. Pour des raisons de protection des donn\u00e9es et d&rsquo;anonymat, ce dernier comprend au moins trois institutions et prend la forme d&rsquo;un groupe ferm\u00e9 d&rsquo;\u00e9tablissements. L&rsquo;utilisateur peut choisir avec quels \u00e9tablissements il veut comparer: par exemple ceux d\u2019un canton sp\u00e9cifique, d\u2019une taille particuli\u00e8re,&nbsp;etc.<\/p>\n<p><img loading=\"lazy\" decoding=\"async\" class=\"alignnone wp-image-2281 size-large\" src=\"https:\/\/hebes.nadlo.ch\/wp-content\/uploads\/2019\/10\/Bench_anonym-FR-1024x340.jpg\" alt=\"\" width=\"640\" height=\"213\" srcset=\"https:\/\/hebes.nadlo.ch\/wp-content\/uploads\/2019\/10\/Bench_anonym-FR.jpg 1024w, https:\/\/hebes.nadlo.ch\/wp-content\/uploads\/2019\/10\/Bench_anonym-FR-300x100.jpg 300w, https:\/\/hebes.nadlo.ch\/wp-content\/uploads\/2019\/10\/Bench_anonym-FR-768x255.jpg 768w\" sizes=\"auto, (max-width: 640px) 100vw, 640px\" \/><\/p>\n<p><strong>2. Ouvertement et de fa\u00e7on transparente<\/strong><\/p>\n<p>Si des maisons de retraite et des \u00e9tablissements de soins souhaitent se regrouper dans le but de r\u00e9aliser des comparaisons de mani\u00e8re transparente, cela est alors possible dans le cadre du benchmark de groupe. Dans le cas du benchmark de groupe, les r\u00e9sultats de chaque participant sont ouvertement compar\u00e9s.<\/p>\n<p><img loading=\"lazy\" decoding=\"async\" class=\"alignnone wp-image-2284 size-large\" src=\"https:\/\/hebes.nadlo.ch\/wp-content\/uploads\/2019\/10\/Bench_Gruppe-FR-1024x345.jpg\" alt=\"\" width=\"640\" height=\"216\" srcset=\"https:\/\/hebes.nadlo.ch\/wp-content\/uploads\/2019\/10\/Bench_Gruppe-FR.jpg 1024w, https:\/\/hebes.nadlo.ch\/wp-content\/uploads\/2019\/10\/Bench_Gruppe-FR-300x101.jpg 300w, https:\/\/hebes.nadlo.ch\/wp-content\/uploads\/2019\/10\/Bench_Gruppe-FR-768x259.jpg 768w\" sizes=\"auto, (max-width: 640px) 100vw, 640px\" \/><\/p>\n","protected":false},"excerpt":{"rendered":"<p>Le benchmarking entre les maisons de retraite et les \u00e9tablissements de soins peut \u00eatre effectu\u00e9 de deux mani\u00e8res diff\u00e9rentes: 1. Anonymement Dans le cas d\u2019un benchmark anonyme, l&rsquo;\u00e9tablissement est compar\u00e9 \u00e0 un \u00e9tablissement de benchmarking anonyme et \u00abvirtuel\u00bb. Pour des raisons de protection des donn\u00e9es et d&rsquo;anonymat, ce dernier comprend au moins trois institutions et [&hellip;]<\/p>\n","protected":false},"author":1,"featured_media":2035,"parent":2054,"menu_order":0,"comment_status":"closed","ping_status":"closed","template":"template\/simple-page.php","meta":{"_acf_changed":false,"footnotes":""},"class_list":["post-2094","page","type-page","status-publish","has-post-thumbnail","hentry"],"acf":[],"yoast_head":"<!-- This site is optimized with the Yoast SEO plugin v26.9 - https:\/\/yoast.com\/product\/yoast-seo-wordpress\/ -->\n<title>Comparaison individuelle ou au sein d\u2019un groupe - Hebes<\/title>\n<meta name=\"robots\" content=\"index, follow, max-snippet:-1, max-image-preview:large, max-video-preview:-1\" \/>\n<link rel=\"canonical\" href=\"https:\/\/hebes.nadlo.ch\/fr\/benchmarking-2\/comparaison-individuelle-ou-au-sein-groupe\/\" \/>\n<meta property=\"og:locale\" content=\"fr_FR\" \/>\n<meta property=\"og:type\" content=\"article\" \/>\n<meta property=\"og:title\" content=\"Comparaison individuelle ou au sein d\u2019un groupe - Hebes\" \/>\n<meta property=\"og:description\" content=\"Le benchmarking entre les maisons de retraite et les \u00e9tablissements de soins peut \u00eatre effectu\u00e9 de deux mani\u00e8res diff\u00e9rentes: 1. Anonymement Dans le cas d\u2019un benchmark anonyme, l&rsquo;\u00e9tablissement est compar\u00e9 \u00e0 un \u00e9tablissement de benchmarking anonyme et \u00abvirtuel\u00bb. Pour des raisons de protection des donn\u00e9es et d&rsquo;anonymat, ce dernier comprend au moins trois institutions et [&hellip;]\" \/>\n<meta property=\"og:url\" content=\"https:\/\/hebes.nadlo.ch\/fr\/benchmarking-2\/comparaison-individuelle-ou-au-sein-groupe\/\" \/>\n<meta property=\"og:site_name\" content=\"Hebes\" \/>\n<meta property=\"article:modified_time\" content=\"2019-10-21T11:56:01+00:00\" \/>\n<meta property=\"og:image\" content=\"https:\/\/hebes.nadlo.ch\/wp-content\/uploads\/2019\/04\/hebes_header_NEU_C.jpg\" \/>\n\t<meta property=\"og:image:width\" content=\"3402\" \/>\n\t<meta property=\"og:image:height\" content=\"1280\" \/>\n\t<meta property=\"og:image:type\" content=\"image\/jpeg\" \/>\n<meta name=\"twitter:card\" content=\"summary_large_image\" \/>\n<meta name=\"twitter:label1\" content=\"Dur\u00e9e de lecture estim\u00e9e\" \/>\n\t<meta name=\"twitter:data1\" content=\"1 minute\" \/>\n<script type=\"application\/ld+json\" class=\"yoast-schema-graph\">{\"@context\":\"https:\/\/schema.org\",\"@graph\":[{\"@type\":\"WebPage\",\"@id\":\"https:\/\/hebes.nadlo.ch\/fr\/benchmarking-2\/comparaison-individuelle-ou-au-sein-groupe\/\",\"url\":\"https:\/\/hebes.nadlo.ch\/fr\/benchmarking-2\/comparaison-individuelle-ou-au-sein-groupe\/\",\"name\":\"Comparaison individuelle ou au sein d\u2019un groupe - Hebes\",\"isPartOf\":{\"@id\":\"https:\/\/hebes.nadlo.ch\/#website\"},\"primaryImageOfPage\":{\"@id\":\"https:\/\/hebes.nadlo.ch\/fr\/benchmarking-2\/comparaison-individuelle-ou-au-sein-groupe\/#primaryimage\"},\"image\":{\"@id\":\"https:\/\/hebes.nadlo.ch\/fr\/benchmarking-2\/comparaison-individuelle-ou-au-sein-groupe\/#primaryimage\"},\"thumbnailUrl\":\"https:\/\/hebes.nadlo.ch\/wp-content\/uploads\/2019\/04\/hebes_header_NEU_C.jpg\",\"datePublished\":\"2019-10-10T10:33:31+00:00\",\"dateModified\":\"2019-10-21T11:56:01+00:00\",\"breadcrumb\":{\"@id\":\"https:\/\/hebes.nadlo.ch\/fr\/benchmarking-2\/comparaison-individuelle-ou-au-sein-groupe\/#breadcrumb\"},\"inLanguage\":\"fr-FR\",\"potentialAction\":[{\"@type\":\"ReadAction\",\"target\":[\"https:\/\/hebes.nadlo.ch\/fr\/benchmarking-2\/comparaison-individuelle-ou-au-sein-groupe\/\"]}]},{\"@type\":\"ImageObject\",\"inLanguage\":\"fr-FR\",\"@id\":\"https:\/\/hebes.nadlo.ch\/fr\/benchmarking-2\/comparaison-individuelle-ou-au-sein-groupe\/#primaryimage\",\"url\":\"https:\/\/hebes.nadlo.ch\/wp-content\/uploads\/2019\/04\/hebes_header_NEU_C.jpg\",\"contentUrl\":\"https:\/\/hebes.nadlo.ch\/wp-content\/uploads\/2019\/04\/hebes_header_NEU_C.jpg\",\"width\":3402,\"height\":1280},{\"@type\":\"BreadcrumbList\",\"@id\":\"https:\/\/hebes.nadlo.ch\/fr\/benchmarking-2\/comparaison-individuelle-ou-au-sein-groupe\/#breadcrumb\",\"itemListElement\":[{\"@type\":\"ListItem\",\"position\":1,\"name\":\"Benchmarking\",\"item\":\"https:\/\/hebes.nadlo.ch\/fr\/benchmarking-2\/\"},{\"@type\":\"ListItem\",\"position\":2,\"name\":\"Comparaison individuelle ou au sein d\u2019un groupe\"}]},{\"@type\":\"WebSite\",\"@id\":\"https:\/\/hebes.nadlo.ch\/#website\",\"url\":\"https:\/\/hebes.nadlo.ch\/\",\"name\":\"Hebes\",\"description\":\"\",\"potentialAction\":[{\"@type\":\"SearchAction\",\"target\":{\"@type\":\"EntryPoint\",\"urlTemplate\":\"https:\/\/hebes.nadlo.ch\/?s={search_term_string}\"},\"query-input\":{\"@type\":\"PropertyValueSpecification\",\"valueRequired\":true,\"valueName\":\"search_term_string\"}}],\"inLanguage\":\"fr-FR\"}]}<\/script>\n<!-- \/ Yoast SEO plugin. -->","yoast_head_json":{"title":"Comparaison individuelle ou au sein d\u2019un groupe - Hebes","robots":{"index":"index","follow":"follow","max-snippet":"max-snippet:-1","max-image-preview":"max-image-preview:large","max-video-preview":"max-video-preview:-1"},"canonical":"https:\/\/hebes.nadlo.ch\/fr\/benchmarking-2\/comparaison-individuelle-ou-au-sein-groupe\/","og_locale":"fr_FR","og_type":"article","og_title":"Comparaison individuelle ou au sein d\u2019un groupe - Hebes","og_description":"Le benchmarking entre les maisons de retraite et les \u00e9tablissements de soins peut \u00eatre effectu\u00e9 de deux mani\u00e8res diff\u00e9rentes: 1. Anonymement Dans le cas d\u2019un benchmark anonyme, l&rsquo;\u00e9tablissement est compar\u00e9 \u00e0 un \u00e9tablissement de benchmarking anonyme et \u00abvirtuel\u00bb. Pour des raisons de protection des donn\u00e9es et d&rsquo;anonymat, ce dernier comprend au moins trois institutions et [&hellip;]","og_url":"https:\/\/hebes.nadlo.ch\/fr\/benchmarking-2\/comparaison-individuelle-ou-au-sein-groupe\/","og_site_name":"Hebes","article_modified_time":"2019-10-21T11:56:01+00:00","og_image":[{"width":3402,"height":1280,"url":"https:\/\/hebes.nadlo.ch\/wp-content\/uploads\/2019\/04\/hebes_header_NEU_C.jpg","type":"image\/jpeg"}],"twitter_card":"summary_large_image","twitter_misc":{"Dur\u00e9e de lecture estim\u00e9e":"1 minute"},"schema":{"@context":"https:\/\/schema.org","@graph":[{"@type":"WebPage","@id":"https:\/\/hebes.nadlo.ch\/fr\/benchmarking-2\/comparaison-individuelle-ou-au-sein-groupe\/","url":"https:\/\/hebes.nadlo.ch\/fr\/benchmarking-2\/comparaison-individuelle-ou-au-sein-groupe\/","name":"Comparaison individuelle ou au sein d\u2019un groupe - Hebes","isPartOf":{"@id":"https:\/\/hebes.nadlo.ch\/#website"},"primaryImageOfPage":{"@id":"https:\/\/hebes.nadlo.ch\/fr\/benchmarking-2\/comparaison-individuelle-ou-au-sein-groupe\/#primaryimage"},"image":{"@id":"https:\/\/hebes.nadlo.ch\/fr\/benchmarking-2\/comparaison-individuelle-ou-au-sein-groupe\/#primaryimage"},"thumbnailUrl":"https:\/\/hebes.nadlo.ch\/wp-content\/uploads\/2019\/04\/hebes_header_NEU_C.jpg","datePublished":"2019-10-10T10:33:31+00:00","dateModified":"2019-10-21T11:56:01+00:00","breadcrumb":{"@id":"https:\/\/hebes.nadlo.ch\/fr\/benchmarking-2\/comparaison-individuelle-ou-au-sein-groupe\/#breadcrumb"},"inLanguage":"fr-FR","potentialAction":[{"@type":"ReadAction","target":["https:\/\/hebes.nadlo.ch\/fr\/benchmarking-2\/comparaison-individuelle-ou-au-sein-groupe\/"]}]},{"@type":"ImageObject","inLanguage":"fr-FR","@id":"https:\/\/hebes.nadlo.ch\/fr\/benchmarking-2\/comparaison-individuelle-ou-au-sein-groupe\/#primaryimage","url":"https:\/\/hebes.nadlo.ch\/wp-content\/uploads\/2019\/04\/hebes_header_NEU_C.jpg","contentUrl":"https:\/\/hebes.nadlo.ch\/wp-content\/uploads\/2019\/04\/hebes_header_NEU_C.jpg","width":3402,"height":1280},{"@type":"BreadcrumbList","@id":"https:\/\/hebes.nadlo.ch\/fr\/benchmarking-2\/comparaison-individuelle-ou-au-sein-groupe\/#breadcrumb","itemListElement":[{"@type":"ListItem","position":1,"name":"Benchmarking","item":"https:\/\/hebes.nadlo.ch\/fr\/benchmarking-2\/"},{"@type":"ListItem","position":2,"name":"Comparaison individuelle ou au sein d\u2019un groupe"}]},{"@type":"WebSite","@id":"https:\/\/hebes.nadlo.ch\/#website","url":"https:\/\/hebes.nadlo.ch\/","name":"Hebes","description":"","potentialAction":[{"@type":"SearchAction","target":{"@type":"EntryPoint","urlTemplate":"https:\/\/hebes.nadlo.ch\/?s={search_term_string}"},"query-input":{"@type":"PropertyValueSpecification","valueRequired":true,"valueName":"search_term_string"}}],"inLanguage":"fr-FR"}]}},"_links":{"self":[{"href":"https:\/\/hebes.nadlo.ch\/fr\/wp-json\/wp\/v2\/pages\/2094","targetHints":{"allow":["GET"]}}],"collection":[{"href":"https:\/\/hebes.nadlo.ch\/fr\/wp-json\/wp\/v2\/pages"}],"about":[{"href":"https:\/\/hebes.nadlo.ch\/fr\/wp-json\/wp\/v2\/types\/page"}],"author":[{"embeddable":true,"href":"https:\/\/hebes.nadlo.ch\/fr\/wp-json\/wp\/v2\/users\/1"}],"replies":[{"embeddable":true,"href":"https:\/\/hebes.nadlo.ch\/fr\/wp-json\/wp\/v2\/comments?post=2094"}],"version-history":[{"count":7,"href":"https:\/\/hebes.nadlo.ch\/fr\/wp-json\/wp\/v2\/pages\/2094\/revisions"}],"predecessor-version":[{"id":2423,"href":"https:\/\/hebes.nadlo.ch\/fr\/wp-json\/wp\/v2\/pages\/2094\/revisions\/2423"}],"up":[{"embeddable":true,"href":"https:\/\/hebes.nadlo.ch\/fr\/wp-json\/wp\/v2\/pages\/2054"}],"wp:featuredmedia":[{"embeddable":true,"href":"https:\/\/hebes.nadlo.ch\/fr\/wp-json\/wp\/v2\/media\/2035"}],"wp:attachment":[{"href":"https:\/\/hebes.nadlo.ch\/fr\/wp-json\/wp\/v2\/media?parent=2094"}],"curies":[{"name":"wp","href":"https:\/\/api.w.org\/{rel}","templated":true}]}}