{"id":2101,"date":"2019-10-10T10:37:47","date_gmt":"2019-10-10T10:37:47","guid":{"rendered":"https:\/\/hebes.nadlo.ch\/?page_id=2101"},"modified":"2019-10-21T11:48:51","modified_gmt":"2019-10-21T11:48:51","slug":"benchmarkingadaptableenfonctiondutheme","status":"publish","type":"page","link":"https:\/\/hebes.nadlo.ch\/fr\/benchmarking-2\/benchmarkingadaptableenfonctiondutheme\/","title":{"rendered":"Benchmarking adaptable en fonction du th\u00e8me"},"content":{"rendered":"<p><!--EndFragment--><\/p>\n<p>Des interlocuteurs avec des besoins diff\u00e9rents: gr\u00e2ce \u00e0 des modules compl\u00e9mentaires, il est possible d\u2019effectuer un benchmark avec diff\u00e9rents param\u00e8tres. HEBES met judicieusement \u00e0 votre disposition ces param\u00e8tres suppl\u00e9mentaires en tant que crit\u00e8res de filtrage pour un benchmark plus large. La saisie des donn\u00e9es dans les modules est facultative et ne prend que tr\u00e8s peu de temps.<\/p>\n<p>Des domaines possibles pour un benchmark \u00e9largi sont, par exemple, des comparaisons concernant:<\/p>\n<ul>\n<li>les absence pour cause de maladie<\/li>\n<li>les charges sociales par employ\u00e9 ou par lit<\/li>\n<li>les co\u00fbts de formation initiale et continue<\/li>\n<li>les frais g\u00e9n\u00e9raux (eau, \u00e9lectricit\u00e9, chauffage, m\u00e9nage, d\u00e9sinfection, ramassage des d\u00e9chets,&nbsp;etc.) par jour ou par lit<\/li>\n<li>les flux de tr\u00e9sorerie<\/li>\n<li>le capital de roulement net<\/li>\n<li>les liquidit\u00e9s et le niveau des liquidit\u00e9s<\/li>\n<li>les param\u00e8tres de rentabilit\u00e9<\/li>\n<li>les param\u00e8tres de l\u2019\u00e9valuation des soins (nombre d\u2019escarres, IMC, etc.)<\/li>\n<li>et bien plus encore<\/li>\n<\/ul>\n","protected":false},"excerpt":{"rendered":"<p>Des interlocuteurs avec des besoins diff\u00e9rents: gr\u00e2ce \u00e0 des modules compl\u00e9mentaires, il est possible d\u2019effectuer un benchmark avec diff\u00e9rents param\u00e8tres. HEBES met judicieusement \u00e0 votre disposition ces param\u00e8tres suppl\u00e9mentaires en tant que crit\u00e8res de filtrage pour un benchmark plus large. La saisie des donn\u00e9es dans les modules est facultative et ne prend que tr\u00e8s peu [&hellip;]<\/p>\n","protected":false},"author":1,"featured_media":2035,"parent":2054,"menu_order":0,"comment_status":"closed","ping_status":"closed","template":"template\/simple-page.php","meta":{"_acf_changed":false,"footnotes":""},"class_list":["post-2101","page","type-page","status-publish","has-post-thumbnail","hentry"],"acf":[],"yoast_head":"<!-- This site is optimized with the Yoast SEO plugin v26.9 - https:\/\/yoast.com\/product\/yoast-seo-wordpress\/ -->\n<title>Benchmarking adaptable en fonction du th\u00e8me - Hebes<\/title>\n<meta name=\"robots\" content=\"index, follow, max-snippet:-1, max-image-preview:large, max-video-preview:-1\" \/>\n<link rel=\"canonical\" href=\"https:\/\/hebes.nadlo.ch\/fr\/benchmarking-2\/benchmarkingadaptableenfonctiondutheme\/\" \/>\n<meta property=\"og:locale\" content=\"fr_FR\" \/>\n<meta property=\"og:type\" content=\"article\" \/>\n<meta property=\"og:title\" content=\"Benchmarking adaptable en fonction du th\u00e8me - Hebes\" \/>\n<meta property=\"og:description\" content=\"Des interlocuteurs avec des besoins diff\u00e9rents: gr\u00e2ce \u00e0 des modules compl\u00e9mentaires, il est possible d\u2019effectuer un benchmark avec diff\u00e9rents param\u00e8tres. HEBES met judicieusement \u00e0 votre disposition ces param\u00e8tres suppl\u00e9mentaires en tant que crit\u00e8res de filtrage pour un benchmark plus large. La saisie des donn\u00e9es dans les modules est facultative et ne prend que tr\u00e8s peu [&hellip;]\" \/>\n<meta property=\"og:url\" content=\"https:\/\/hebes.nadlo.ch\/fr\/benchmarking-2\/benchmarkingadaptableenfonctiondutheme\/\" \/>\n<meta property=\"og:site_name\" content=\"Hebes\" \/>\n<meta property=\"article:modified_time\" content=\"2019-10-21T11:48:51+00:00\" \/>\n<meta property=\"og:image\" content=\"https:\/\/hebes.nadlo.ch\/wp-content\/uploads\/2019\/04\/hebes_header_NEU_C.jpg\" \/>\n\t<meta property=\"og:image:width\" content=\"3402\" \/>\n\t<meta property=\"og:image:height\" content=\"1280\" \/>\n\t<meta property=\"og:image:type\" content=\"image\/jpeg\" \/>\n<meta name=\"twitter:card\" content=\"summary_large_image\" \/>\n<meta name=\"twitter:label1\" content=\"Dur\u00e9e de lecture estim\u00e9e\" \/>\n\t<meta name=\"twitter:data1\" content=\"1 minute\" \/>\n<script type=\"application\/ld+json\" class=\"yoast-schema-graph\">{\"@context\":\"https:\/\/schema.org\",\"@graph\":[{\"@type\":\"WebPage\",\"@id\":\"https:\/\/hebes.nadlo.ch\/fr\/benchmarking-2\/benchmarkingadaptableenfonctiondutheme\/\",\"url\":\"https:\/\/hebes.nadlo.ch\/fr\/benchmarking-2\/benchmarkingadaptableenfonctiondutheme\/\",\"name\":\"Benchmarking adaptable en fonction du th\u00e8me - Hebes\",\"isPartOf\":{\"@id\":\"https:\/\/hebes.nadlo.ch\/#website\"},\"primaryImageOfPage\":{\"@id\":\"https:\/\/hebes.nadlo.ch\/fr\/benchmarking-2\/benchmarkingadaptableenfonctiondutheme\/#primaryimage\"},\"image\":{\"@id\":\"https:\/\/hebes.nadlo.ch\/fr\/benchmarking-2\/benchmarkingadaptableenfonctiondutheme\/#primaryimage\"},\"thumbnailUrl\":\"https:\/\/hebes.nadlo.ch\/wp-content\/uploads\/2019\/04\/hebes_header_NEU_C.jpg\",\"datePublished\":\"2019-10-10T10:37:47+00:00\",\"dateModified\":\"2019-10-21T11:48:51+00:00\",\"breadcrumb\":{\"@id\":\"https:\/\/hebes.nadlo.ch\/fr\/benchmarking-2\/benchmarkingadaptableenfonctiondutheme\/#breadcrumb\"},\"inLanguage\":\"fr-FR\",\"potentialAction\":[{\"@type\":\"ReadAction\",\"target\":[\"https:\/\/hebes.nadlo.ch\/fr\/benchmarking-2\/benchmarkingadaptableenfonctiondutheme\/\"]}]},{\"@type\":\"ImageObject\",\"inLanguage\":\"fr-FR\",\"@id\":\"https:\/\/hebes.nadlo.ch\/fr\/benchmarking-2\/benchmarkingadaptableenfonctiondutheme\/#primaryimage\",\"url\":\"https:\/\/hebes.nadlo.ch\/wp-content\/uploads\/2019\/04\/hebes_header_NEU_C.jpg\",\"contentUrl\":\"https:\/\/hebes.nadlo.ch\/wp-content\/uploads\/2019\/04\/hebes_header_NEU_C.jpg\",\"width\":3402,\"height\":1280},{\"@type\":\"BreadcrumbList\",\"@id\":\"https:\/\/hebes.nadlo.ch\/fr\/benchmarking-2\/benchmarkingadaptableenfonctiondutheme\/#breadcrumb\",\"itemListElement\":[{\"@type\":\"ListItem\",\"position\":1,\"name\":\"Benchmarking\",\"item\":\"https:\/\/hebes.nadlo.ch\/fr\/benchmarking-2\/\"},{\"@type\":\"ListItem\",\"position\":2,\"name\":\"Benchmarking adaptable en fonction du th\u00e8me\"}]},{\"@type\":\"WebSite\",\"@id\":\"https:\/\/hebes.nadlo.ch\/#website\",\"url\":\"https:\/\/hebes.nadlo.ch\/\",\"name\":\"Hebes\",\"description\":\"\",\"potentialAction\":[{\"@type\":\"SearchAction\",\"target\":{\"@type\":\"EntryPoint\",\"urlTemplate\":\"https:\/\/hebes.nadlo.ch\/?s={search_term_string}\"},\"query-input\":{\"@type\":\"PropertyValueSpecification\",\"valueRequired\":true,\"valueName\":\"search_term_string\"}}],\"inLanguage\":\"fr-FR\"}]}<\/script>\n<!-- \/ Yoast SEO plugin. -->","yoast_head_json":{"title":"Benchmarking adaptable en fonction du th\u00e8me - Hebes","robots":{"index":"index","follow":"follow","max-snippet":"max-snippet:-1","max-image-preview":"max-image-preview:large","max-video-preview":"max-video-preview:-1"},"canonical":"https:\/\/hebes.nadlo.ch\/fr\/benchmarking-2\/benchmarkingadaptableenfonctiondutheme\/","og_locale":"fr_FR","og_type":"article","og_title":"Benchmarking adaptable en fonction du th\u00e8me - Hebes","og_description":"Des interlocuteurs avec des besoins diff\u00e9rents: gr\u00e2ce \u00e0 des modules compl\u00e9mentaires, il est possible d\u2019effectuer un benchmark avec diff\u00e9rents param\u00e8tres. HEBES met judicieusement \u00e0 votre disposition ces param\u00e8tres suppl\u00e9mentaires en tant que crit\u00e8res de filtrage pour un benchmark plus large. La saisie des donn\u00e9es dans les modules est facultative et ne prend que tr\u00e8s peu [&hellip;]","og_url":"https:\/\/hebes.nadlo.ch\/fr\/benchmarking-2\/benchmarkingadaptableenfonctiondutheme\/","og_site_name":"Hebes","article_modified_time":"2019-10-21T11:48:51+00:00","og_image":[{"width":3402,"height":1280,"url":"https:\/\/hebes.nadlo.ch\/wp-content\/uploads\/2019\/04\/hebes_header_NEU_C.jpg","type":"image\/jpeg"}],"twitter_card":"summary_large_image","twitter_misc":{"Dur\u00e9e de lecture estim\u00e9e":"1 minute"},"schema":{"@context":"https:\/\/schema.org","@graph":[{"@type":"WebPage","@id":"https:\/\/hebes.nadlo.ch\/fr\/benchmarking-2\/benchmarkingadaptableenfonctiondutheme\/","url":"https:\/\/hebes.nadlo.ch\/fr\/benchmarking-2\/benchmarkingadaptableenfonctiondutheme\/","name":"Benchmarking adaptable en fonction du th\u00e8me - Hebes","isPartOf":{"@id":"https:\/\/hebes.nadlo.ch\/#website"},"primaryImageOfPage":{"@id":"https:\/\/hebes.nadlo.ch\/fr\/benchmarking-2\/benchmarkingadaptableenfonctiondutheme\/#primaryimage"},"image":{"@id":"https:\/\/hebes.nadlo.ch\/fr\/benchmarking-2\/benchmarkingadaptableenfonctiondutheme\/#primaryimage"},"thumbnailUrl":"https:\/\/hebes.nadlo.ch\/wp-content\/uploads\/2019\/04\/hebes_header_NEU_C.jpg","datePublished":"2019-10-10T10:37:47+00:00","dateModified":"2019-10-21T11:48:51+00:00","breadcrumb":{"@id":"https:\/\/hebes.nadlo.ch\/fr\/benchmarking-2\/benchmarkingadaptableenfonctiondutheme\/#breadcrumb"},"inLanguage":"fr-FR","potentialAction":[{"@type":"ReadAction","target":["https:\/\/hebes.nadlo.ch\/fr\/benchmarking-2\/benchmarkingadaptableenfonctiondutheme\/"]}]},{"@type":"ImageObject","inLanguage":"fr-FR","@id":"https:\/\/hebes.nadlo.ch\/fr\/benchmarking-2\/benchmarkingadaptableenfonctiondutheme\/#primaryimage","url":"https:\/\/hebes.nadlo.ch\/wp-content\/uploads\/2019\/04\/hebes_header_NEU_C.jpg","contentUrl":"https:\/\/hebes.nadlo.ch\/wp-content\/uploads\/2019\/04\/hebes_header_NEU_C.jpg","width":3402,"height":1280},{"@type":"BreadcrumbList","@id":"https:\/\/hebes.nadlo.ch\/fr\/benchmarking-2\/benchmarkingadaptableenfonctiondutheme\/#breadcrumb","itemListElement":[{"@type":"ListItem","position":1,"name":"Benchmarking","item":"https:\/\/hebes.nadlo.ch\/fr\/benchmarking-2\/"},{"@type":"ListItem","position":2,"name":"Benchmarking adaptable en fonction du th\u00e8me"}]},{"@type":"WebSite","@id":"https:\/\/hebes.nadlo.ch\/#website","url":"https:\/\/hebes.nadlo.ch\/","name":"Hebes","description":"","potentialAction":[{"@type":"SearchAction","target":{"@type":"EntryPoint","urlTemplate":"https:\/\/hebes.nadlo.ch\/?s={search_term_string}"},"query-input":{"@type":"PropertyValueSpecification","valueRequired":true,"valueName":"search_term_string"}}],"inLanguage":"fr-FR"}]}},"_links":{"self":[{"href":"https:\/\/hebes.nadlo.ch\/fr\/wp-json\/wp\/v2\/pages\/2101","targetHints":{"allow":["GET"]}}],"collection":[{"href":"https:\/\/hebes.nadlo.ch\/fr\/wp-json\/wp\/v2\/pages"}],"about":[{"href":"https:\/\/hebes.nadlo.ch\/fr\/wp-json\/wp\/v2\/types\/page"}],"author":[{"embeddable":true,"href":"https:\/\/hebes.nadlo.ch\/fr\/wp-json\/wp\/v2\/users\/1"}],"replies":[{"embeddable":true,"href":"https:\/\/hebes.nadlo.ch\/fr\/wp-json\/wp\/v2\/comments?post=2101"}],"version-history":[{"count":5,"href":"https:\/\/hebes.nadlo.ch\/fr\/wp-json\/wp\/v2\/pages\/2101\/revisions"}],"predecessor-version":[{"id":2418,"href":"https:\/\/hebes.nadlo.ch\/fr\/wp-json\/wp\/v2\/pages\/2101\/revisions\/2418"}],"up":[{"embeddable":true,"href":"https:\/\/hebes.nadlo.ch\/fr\/wp-json\/wp\/v2\/pages\/2054"}],"wp:featuredmedia":[{"embeddable":true,"href":"https:\/\/hebes.nadlo.ch\/fr\/wp-json\/wp\/v2\/media\/2035"}],"wp:attachment":[{"href":"https:\/\/hebes.nadlo.ch\/fr\/wp-json\/wp\/v2\/media?parent=2101"}],"curies":[{"name":"wp","href":"https:\/\/api.w.org\/{rel}","templated":true}]}}