{"id":2105,"date":"2019-10-10T10:42:35","date_gmt":"2019-10-10T10:42:35","guid":{"rendered":"https:\/\/hebes.nadlo.ch\/?page_id=2105"},"modified":"2019-10-21T11:49:44","modified_gmt":"2019-10-21T11:49:44","slug":"chiffrescles","status":"publish","type":"page","link":"https:\/\/hebes.nadlo.ch\/fr\/benchmarking-2\/chiffrescles\/","title":{"rendered":"Chiffres cl\u00e9s"},"content":{"rendered":"<p><strong>Des chiffres cl\u00e9s sp\u00e9cifiques \u00e0 chaque \u00e9tablissement<\/strong><\/p>\n<p><img loading=\"lazy\" decoding=\"async\" class=\"alignnone wp-image-2287 size-large\" src=\"https:\/\/hebes.nadlo.ch\/wp-content\/uploads\/2019\/10\/kennzahlen_FR-1024x615.jpg\" alt=\"\" width=\"640\" height=\"384\" srcset=\"https:\/\/hebes.nadlo.ch\/wp-content\/uploads\/2019\/10\/kennzahlen_FR-1024x615.jpg 1024w, https:\/\/hebes.nadlo.ch\/wp-content\/uploads\/2019\/10\/kennzahlen_FR-300x180.jpg 300w, https:\/\/hebes.nadlo.ch\/wp-content\/uploads\/2019\/10\/kennzahlen_FR-768x461.jpg 768w, https:\/\/hebes.nadlo.ch\/wp-content\/uploads\/2019\/10\/kennzahlen_FR-750x450.jpg 750w, https:\/\/hebes.nadlo.ch\/wp-content\/uploads\/2019\/10\/kennzahlen_FR.jpg 1167w\" sizes=\"auto, (max-width: 640px) 100vw, 640px\" \/><\/p>\n<p>Des chiffres cl\u00e9s significatifs vous permettent de tirer les bonnes conclusions. HEBES vous permet d\u2019avoir acc\u00e8s aux informations les plus importantes dans les rapports standards.<\/p>\n<p>Vous trouverez ci-dessous une petite s\u00e9lection de chiffres cl\u00e9s possibles. Gr\u00e2ce aux fonctions de filtrage, vous pouvez s\u00e9lectionner les diff\u00e9rents chiffres cl\u00e9s en fonction des caract\u00e9ristiques souhait\u00e9es.<\/p>\n<div class=\"table-responsive\">\n<table class=\"table table-striped\">\n<thead>\n<tr class=\"border-0\">\n<th class=\"border-0\" scope=\"col\"><strong>Chiffres cl\u00e9s<\/strong><\/th>\n<th class=\"border-0\" scope=\"col\"><strong>Filtres possibles (liste non exhaustive)<\/strong><\/th>\n<\/tr>\n<tr>\n<th scope=\"col\"><strong>Clients<\/strong><\/th>\n<th scope=\"col\"><\/th>\n<\/tr>\n<\/thead>\n<tbody>\n<tr>\n<td scope=\"row\">Nombre de clients par niveau de soin requis au 31\/12<\/td>\n<td>Cat\u00e9gorie de soin, points, minutes, sexe, type d\u2019admission, etc.<\/td>\n<\/tr>\n<tr>\n<td scope=\"row\">Nombre de clients par niveau de soin au 31\/12 (en %)<\/td>\n<td>Cat\u00e9gorie de soin, points, minutes, sexe, type d\u2019admission,&nbsp;etc.<\/td>\n<\/tr>\n<tr>\n<td scope=\"row\">Intensit\u00e9 des soins par jour d\u2019h\u00e9bergement<\/td>\n<td>Niveau d\u2018origine (BESA, RAI \/ RUG, etc.), minutes, cat\u00e9gorie OPAS de 1 \u00e0 12<\/td>\n<\/tr>\n<tr>\n<td scope=\"row\">Occupation des lits<\/td>\n<td><\/td>\n<\/tr>\n<tr>\n<td scope=\"row\">Nombre de clients<\/td>\n<td>Sexe, type d\u2019admission, cat\u00e9gorie de soin,&nbsp;etc.<\/td>\n<\/tr>\n<tr>\n<td scope=\"row\">\u00c2ge moyen des clients h\u00e9berg\u00e9s<\/td>\n<td>Sexe, cat\u00e9gorie de soin,&nbsp;etc.<\/td>\n<\/tr>\n<tr>\n<td scope=\"row\">Taux de rotation<\/td>\n<td>Sexe, classe d\u2019\u00e2ge, type d\u2019admission, etc.<\/td>\n<\/tr>\n<tr>\n<td scope=\"row\">Taux d\u2019occupation<\/td>\n<td>Sexe, longue dur\u00e9e, courte dur\u00e9e, avec ou sans prestation relevant de la LAMal<\/td>\n<\/tr>\n<tr>\n<td scope=\"row\"><strong>Employ\u00e9s<\/strong><\/td>\n<td><\/td>\n<\/tr>\n<tr>\n<td scope=\"row\">Effectif du personnel soignant par personne \u00e0 charge au 31\/12<\/td>\n<td>Cat\u00e9gorie, sexe, type de formation,&nbsp;etc..<\/td>\n<\/tr>\n<tr>\n<td scope=\"row\">Part de soins LAMal effectu\u00e9 par du personnel soignant ayant un niveau de formation A, B ou C<\/td>\n<td>Type de formation A, B, C (cat\u00e9gories)<\/td>\n<\/tr>\n<tr>\n<td scope=\"row\">Nombre d\u2019employ\u00e9s au 31\/12<\/td>\n<td>Sexe, type de formation, centre de frais,&nbsp;etc.<\/td>\n<\/tr>\n<tr>\n<td scope=\"row\">Nombre de postes \u00e0 plein temps<\/td>\n<td>Sexe, type de formation, centre de frais, etc.<\/td>\n<\/tr>\n<tr>\n<td scope=\"row\">Taux de rotation<\/td>\n<td><\/td>\n<\/tr>\n<tr>\n<td scope=\"row\"><strong>Co\u00fbts<\/strong><\/td>\n<td><\/td>\n<\/tr>\n<tr>\n<td scope=\"row\">Temps consacr\u00e9 \u00e0 des prestations relevant de la LAMal (temps de travail r\u00e9mun\u00e9r\u00e9) par minute de soin<\/td>\n<td>Sexe, type de co\u00fbts, type de formation, centre de frais<\/td>\n<\/tr>\n<tr>\n<td scope=\"row\">Co\u00fbts des soins relevant de la LAMal<\/td>\n<td>Niveau d\u2018origine (BESA, RAI \/ RUG,&nbsp;etc.), minutes, cat\u00e9gorie OPAS de 1 \u00e0 122<\/td>\n<\/tr>\n<tr>\n<td scope=\"row\">D\u00e9pense moyenne par ETP pour le personnel soignant et quotidien (en francs suisses)<\/td>\n<td>Type de co\u00fbts<\/td>\n<\/tr>\n<\/tbody>\n<\/table>\n<\/div>\n","protected":false},"excerpt":{"rendered":"<p>Des chiffres cl\u00e9s sp\u00e9cifiques \u00e0 chaque \u00e9tablissement Des chiffres cl\u00e9s significatifs vous permettent de tirer les bonnes conclusions. HEBES vous permet d\u2019avoir acc\u00e8s aux informations les plus importantes dans les rapports standards. Vous trouverez ci-dessous une petite s\u00e9lection de chiffres cl\u00e9s possibles. Gr\u00e2ce aux fonctions de filtrage, vous pouvez s\u00e9lectionner les diff\u00e9rents chiffres cl\u00e9s en [&hellip;]<\/p>\n","protected":false},"author":1,"featured_media":2035,"parent":2054,"menu_order":0,"comment_status":"closed","ping_status":"closed","template":"template\/simple-page.php","meta":{"_acf_changed":false,"footnotes":""},"class_list":["post-2105","page","type-page","status-publish","has-post-thumbnail","hentry"],"acf":[],"yoast_head":"<!-- This site is optimized with the Yoast SEO plugin v26.9 - https:\/\/yoast.com\/product\/yoast-seo-wordpress\/ -->\n<title>Chiffres cl\u00e9s - Hebes<\/title>\n<meta name=\"robots\" content=\"index, follow, max-snippet:-1, max-image-preview:large, max-video-preview:-1\" \/>\n<link rel=\"canonical\" href=\"https:\/\/hebes.nadlo.ch\/fr\/benchmarking-2\/chiffrescles\/\" \/>\n<meta property=\"og:locale\" content=\"fr_FR\" \/>\n<meta property=\"og:type\" content=\"article\" \/>\n<meta property=\"og:title\" content=\"Chiffres cl\u00e9s - Hebes\" \/>\n<meta property=\"og:description\" content=\"Des chiffres cl\u00e9s sp\u00e9cifiques \u00e0 chaque \u00e9tablissement Des chiffres cl\u00e9s significatifs vous permettent de tirer les bonnes conclusions. HEBES vous permet d\u2019avoir acc\u00e8s aux informations les plus importantes dans les rapports standards. Vous trouverez ci-dessous une petite s\u00e9lection de chiffres cl\u00e9s possibles. Gr\u00e2ce aux fonctions de filtrage, vous pouvez s\u00e9lectionner les diff\u00e9rents chiffres cl\u00e9s en [&hellip;]\" \/>\n<meta property=\"og:url\" content=\"https:\/\/hebes.nadlo.ch\/fr\/benchmarking-2\/chiffrescles\/\" \/>\n<meta property=\"og:site_name\" content=\"Hebes\" \/>\n<meta property=\"article:modified_time\" content=\"2019-10-21T11:49:44+00:00\" \/>\n<meta property=\"og:image\" content=\"https:\/\/hebes.nadlo.ch\/wp-content\/uploads\/2019\/04\/hebes_header_NEU_C.jpg\" \/>\n\t<meta property=\"og:image:width\" content=\"3402\" \/>\n\t<meta property=\"og:image:height\" content=\"1280\" \/>\n\t<meta property=\"og:image:type\" content=\"image\/jpeg\" \/>\n<meta name=\"twitter:card\" content=\"summary_large_image\" \/>\n<meta name=\"twitter:label1\" content=\"Dur\u00e9e de lecture estim\u00e9e\" \/>\n\t<meta name=\"twitter:data1\" content=\"2 minutes\" \/>\n<script type=\"application\/ld+json\" class=\"yoast-schema-graph\">{\"@context\":\"https:\/\/schema.org\",\"@graph\":[{\"@type\":\"WebPage\",\"@id\":\"https:\/\/hebes.nadlo.ch\/fr\/benchmarking-2\/chiffrescles\/\",\"url\":\"https:\/\/hebes.nadlo.ch\/fr\/benchmarking-2\/chiffrescles\/\",\"name\":\"Chiffres cl\u00e9s - Hebes\",\"isPartOf\":{\"@id\":\"https:\/\/hebes.nadlo.ch\/#website\"},\"primaryImageOfPage\":{\"@id\":\"https:\/\/hebes.nadlo.ch\/fr\/benchmarking-2\/chiffrescles\/#primaryimage\"},\"image\":{\"@id\":\"https:\/\/hebes.nadlo.ch\/fr\/benchmarking-2\/chiffrescles\/#primaryimage\"},\"thumbnailUrl\":\"https:\/\/hebes.nadlo.ch\/wp-content\/uploads\/2019\/04\/hebes_header_NEU_C.jpg\",\"datePublished\":\"2019-10-10T10:42:35+00:00\",\"dateModified\":\"2019-10-21T11:49:44+00:00\",\"breadcrumb\":{\"@id\":\"https:\/\/hebes.nadlo.ch\/fr\/benchmarking-2\/chiffrescles\/#breadcrumb\"},\"inLanguage\":\"fr-FR\",\"potentialAction\":[{\"@type\":\"ReadAction\",\"target\":[\"https:\/\/hebes.nadlo.ch\/fr\/benchmarking-2\/chiffrescles\/\"]}]},{\"@type\":\"ImageObject\",\"inLanguage\":\"fr-FR\",\"@id\":\"https:\/\/hebes.nadlo.ch\/fr\/benchmarking-2\/chiffrescles\/#primaryimage\",\"url\":\"https:\/\/hebes.nadlo.ch\/wp-content\/uploads\/2019\/04\/hebes_header_NEU_C.jpg\",\"contentUrl\":\"https:\/\/hebes.nadlo.ch\/wp-content\/uploads\/2019\/04\/hebes_header_NEU_C.jpg\",\"width\":3402,\"height\":1280},{\"@type\":\"BreadcrumbList\",\"@id\":\"https:\/\/hebes.nadlo.ch\/fr\/benchmarking-2\/chiffrescles\/#breadcrumb\",\"itemListElement\":[{\"@type\":\"ListItem\",\"position\":1,\"name\":\"Benchmarking\",\"item\":\"https:\/\/hebes.nadlo.ch\/fr\/benchmarking-2\/\"},{\"@type\":\"ListItem\",\"position\":2,\"name\":\"Chiffres cl\u00e9s\"}]},{\"@type\":\"WebSite\",\"@id\":\"https:\/\/hebes.nadlo.ch\/#website\",\"url\":\"https:\/\/hebes.nadlo.ch\/\",\"name\":\"Hebes\",\"description\":\"\",\"potentialAction\":[{\"@type\":\"SearchAction\",\"target\":{\"@type\":\"EntryPoint\",\"urlTemplate\":\"https:\/\/hebes.nadlo.ch\/?s={search_term_string}\"},\"query-input\":{\"@type\":\"PropertyValueSpecification\",\"valueRequired\":true,\"valueName\":\"search_term_string\"}}],\"inLanguage\":\"fr-FR\"}]}<\/script>\n<!-- \/ Yoast SEO plugin. -->","yoast_head_json":{"title":"Chiffres cl\u00e9s - Hebes","robots":{"index":"index","follow":"follow","max-snippet":"max-snippet:-1","max-image-preview":"max-image-preview:large","max-video-preview":"max-video-preview:-1"},"canonical":"https:\/\/hebes.nadlo.ch\/fr\/benchmarking-2\/chiffrescles\/","og_locale":"fr_FR","og_type":"article","og_title":"Chiffres cl\u00e9s - Hebes","og_description":"Des chiffres cl\u00e9s sp\u00e9cifiques \u00e0 chaque \u00e9tablissement Des chiffres cl\u00e9s significatifs vous permettent de tirer les bonnes conclusions. HEBES vous permet d\u2019avoir acc\u00e8s aux informations les plus importantes dans les rapports standards. Vous trouverez ci-dessous une petite s\u00e9lection de chiffres cl\u00e9s possibles. Gr\u00e2ce aux fonctions de filtrage, vous pouvez s\u00e9lectionner les diff\u00e9rents chiffres cl\u00e9s en [&hellip;]","og_url":"https:\/\/hebes.nadlo.ch\/fr\/benchmarking-2\/chiffrescles\/","og_site_name":"Hebes","article_modified_time":"2019-10-21T11:49:44+00:00","og_image":[{"width":3402,"height":1280,"url":"https:\/\/hebes.nadlo.ch\/wp-content\/uploads\/2019\/04\/hebes_header_NEU_C.jpg","type":"image\/jpeg"}],"twitter_card":"summary_large_image","twitter_misc":{"Dur\u00e9e de lecture estim\u00e9e":"2 minutes"},"schema":{"@context":"https:\/\/schema.org","@graph":[{"@type":"WebPage","@id":"https:\/\/hebes.nadlo.ch\/fr\/benchmarking-2\/chiffrescles\/","url":"https:\/\/hebes.nadlo.ch\/fr\/benchmarking-2\/chiffrescles\/","name":"Chiffres cl\u00e9s - Hebes","isPartOf":{"@id":"https:\/\/hebes.nadlo.ch\/#website"},"primaryImageOfPage":{"@id":"https:\/\/hebes.nadlo.ch\/fr\/benchmarking-2\/chiffrescles\/#primaryimage"},"image":{"@id":"https:\/\/hebes.nadlo.ch\/fr\/benchmarking-2\/chiffrescles\/#primaryimage"},"thumbnailUrl":"https:\/\/hebes.nadlo.ch\/wp-content\/uploads\/2019\/04\/hebes_header_NEU_C.jpg","datePublished":"2019-10-10T10:42:35+00:00","dateModified":"2019-10-21T11:49:44+00:00","breadcrumb":{"@id":"https:\/\/hebes.nadlo.ch\/fr\/benchmarking-2\/chiffrescles\/#breadcrumb"},"inLanguage":"fr-FR","potentialAction":[{"@type":"ReadAction","target":["https:\/\/hebes.nadlo.ch\/fr\/benchmarking-2\/chiffrescles\/"]}]},{"@type":"ImageObject","inLanguage":"fr-FR","@id":"https:\/\/hebes.nadlo.ch\/fr\/benchmarking-2\/chiffrescles\/#primaryimage","url":"https:\/\/hebes.nadlo.ch\/wp-content\/uploads\/2019\/04\/hebes_header_NEU_C.jpg","contentUrl":"https:\/\/hebes.nadlo.ch\/wp-content\/uploads\/2019\/04\/hebes_header_NEU_C.jpg","width":3402,"height":1280},{"@type":"BreadcrumbList","@id":"https:\/\/hebes.nadlo.ch\/fr\/benchmarking-2\/chiffrescles\/#breadcrumb","itemListElement":[{"@type":"ListItem","position":1,"name":"Benchmarking","item":"https:\/\/hebes.nadlo.ch\/fr\/benchmarking-2\/"},{"@type":"ListItem","position":2,"name":"Chiffres cl\u00e9s"}]},{"@type":"WebSite","@id":"https:\/\/hebes.nadlo.ch\/#website","url":"https:\/\/hebes.nadlo.ch\/","name":"Hebes","description":"","potentialAction":[{"@type":"SearchAction","target":{"@type":"EntryPoint","urlTemplate":"https:\/\/hebes.nadlo.ch\/?s={search_term_string}"},"query-input":{"@type":"PropertyValueSpecification","valueRequired":true,"valueName":"search_term_string"}}],"inLanguage":"fr-FR"}]}},"_links":{"self":[{"href":"https:\/\/hebes.nadlo.ch\/fr\/wp-json\/wp\/v2\/pages\/2105","targetHints":{"allow":["GET"]}}],"collection":[{"href":"https:\/\/hebes.nadlo.ch\/fr\/wp-json\/wp\/v2\/pages"}],"about":[{"href":"https:\/\/hebes.nadlo.ch\/fr\/wp-json\/wp\/v2\/types\/page"}],"author":[{"embeddable":true,"href":"https:\/\/hebes.nadlo.ch\/fr\/wp-json\/wp\/v2\/users\/1"}],"replies":[{"embeddable":true,"href":"https:\/\/hebes.nadlo.ch\/fr\/wp-json\/wp\/v2\/comments?post=2105"}],"version-history":[{"count":7,"href":"https:\/\/hebes.nadlo.ch\/fr\/wp-json\/wp\/v2\/pages\/2105\/revisions"}],"predecessor-version":[{"id":2419,"href":"https:\/\/hebes.nadlo.ch\/fr\/wp-json\/wp\/v2\/pages\/2105\/revisions\/2419"}],"up":[{"embeddable":true,"href":"https:\/\/hebes.nadlo.ch\/fr\/wp-json\/wp\/v2\/pages\/2054"}],"wp:featuredmedia":[{"embeddable":true,"href":"https:\/\/hebes.nadlo.ch\/fr\/wp-json\/wp\/v2\/media\/2035"}],"wp:attachment":[{"href":"https:\/\/hebes.nadlo.ch\/fr\/wp-json\/wp\/v2\/media?parent=2105"}],"curies":[{"name":"wp","href":"https:\/\/api.w.org\/{rel}","templated":true}]}}