{"id":2110,"date":"2019-10-10T10:55:06","date_gmt":"2019-10-10T10:55:06","guid":{"rendered":"https:\/\/hebes.nadlo.ch\/?page_id=2110"},"modified":"2019-10-21T11:55:25","modified_gmt":"2019-10-21T11:55:25","slug":"evaluation","status":"publish","type":"page","link":"https:\/\/hebes.nadlo.ch\/fr\/benchmarking-2\/evaluation\/","title":{"rendered":"\u00c9valuation"},"content":{"rendered":"\n<p>HEBES propose divers rapports pr\u00e9d\u00e9finis avec des comparaisons au benchmark sous forme de tableaux et de graphiques.<\/p>\n\n\n\n<p>L&rsquo;utilisateur \u00e0 acc\u00e8s en ligne \u00e0 une vari\u00e9t\u00e9 de rapports standards sp\u00e9cifique \u00e0 chaque institution. Gr\u00e2ce au t\u00e9l\u00e9chargement, ces rapports peuvent \u00e9galement \u00eatre adapt\u00e9s aux besoins sp\u00e9cifiques de l&rsquo;utilisateur.<\/p>\n\n\n\n<p>L&rsquo;architecture ouverte de la plateforme permet \u00e9galement de partager avec d&rsquo;autres utilisateurs les rapports que vous avez r\u00e9alis\u00e9s. HEBES offre \u00e9galement des \u00e9valuations et des rapports sur mesure pour chaque client.<\/p>\n\n\n\n<p>En plus des trois exemples ci-dessus, vous trouverez\nd&rsquo;autres rapports sur la plateforme de benchmark. Ces rapports sont structur\u00e9s\nen fonction du personnel, des clients, des prestations et des finances et\npeuvent r\u00e9pondre aux questions suivantes:<\/p>\n\n\n\n<p><strong>Le personnel<\/strong><\/p>\n\n\n\n<ul class=\"wp-block-list\"><li>Quelle est la composition de mon personnel (skill mix et grade      mix) par rapport \u00e0 la concurrence?<\/li><li>Quel sont les d\u00e9penses par minute et de quel centre de frais      d\u00e9pendent-elles?<\/li><li>Comment les co\u00fbts salariaux sont-ils r\u00e9partis entre les centres de      frais et quel est le montant de salaire par personne?<\/li><\/ul>\n\n\n\n<p><strong>Les clients<\/strong><\/p>\n\n\n\n<ul class=\"wp-block-list\"><li>Quels sont les profils d&rsquo;\u00e2ge de mes clients par rapport aux      \u00e9tablissements compar\u00e9s?<\/li><li>Quelle est l&rsquo;ampleur de la fluctuation?<\/li><\/ul>\n\n\n\n<p><strong>Les prestations<\/strong><\/p>\n\n\n\n<ul class=\"wp-block-list\"><li>Comment mes clients sont-ils r\u00e9partis entre les cat\u00e9gories de      soins et qu\u2019en-est-il pour les \u00e9tablissements compar\u00e9s?<\/li><li>Quel est le niveau de productivit\u00e9, standardis\u00e9 en fonction de la      cat\u00e9gorie de soins?<\/li><li>Quelles sont les performances par poste \u00e0 temps plein, par jour      factur\u00e9, par client, par minute de soins et par rapport aux \u00e9tablissements compar\u00e9s?<\/li><\/ul>\n\n\n\n<p><strong>Les finances<\/strong><\/p>\n\n\n\n<ul class=\"wp-block-list\"><li>Quels sont les montants des recettes et des co\u00fbts absolus et par\n     jour factur\u00e9?<\/li><li>Quels sont les co\u00fbts engendr\u00e9s par type de co\u00fbts et par centre de\n     frais pour chaque jour d\u2019h\u00e9bergement et quels sont-ils pour les\n     \u00e9tablissements compar\u00e9s?<\/li><\/ul>\n\n\n\n<p>Les \u00e9valuations peuvent \u00eatre export\u00e9es au format PDF ou Excel. Les r\u00e9sultats des rapports peuvent ainsi par exemple servir de base \u00e0 un cockpit de gestion ou \u00eatre int\u00e9gr\u00e9s \u00e0 cockpit d\u00e9j\u00e0 existant.<\/p>\n","protected":false},"excerpt":{"rendered":"<p>HEBES propose divers rapports pr\u00e9d\u00e9finis avec des comparaisons au benchmark sous forme de tableaux et de graphiques. L&rsquo;utilisateur \u00e0 acc\u00e8s en ligne \u00e0 une vari\u00e9t\u00e9 de rapports standards sp\u00e9cifique \u00e0 chaque institution. Gr\u00e2ce au t\u00e9l\u00e9chargement, ces rapports peuvent \u00e9galement \u00eatre adapt\u00e9s aux besoins sp\u00e9cifiques de l&rsquo;utilisateur. L&rsquo;architecture ouverte de la plateforme permet \u00e9galement de partager [&hellip;]<\/p>\n","protected":false},"author":1,"featured_media":2035,"parent":2054,"menu_order":0,"comment_status":"closed","ping_status":"closed","template":"template\/simple-page.php","meta":{"_acf_changed":false,"footnotes":""},"class_list":["post-2110","page","type-page","status-publish","has-post-thumbnail","hentry"],"acf":[],"yoast_head":"<!-- This site is optimized with the Yoast SEO plugin v26.9 - https:\/\/yoast.com\/product\/yoast-seo-wordpress\/ -->\n<title>\u00c9valuation - Hebes<\/title>\n<meta name=\"robots\" content=\"index, follow, max-snippet:-1, max-image-preview:large, max-video-preview:-1\" \/>\n<link rel=\"canonical\" href=\"https:\/\/hebes.nadlo.ch\/fr\/benchmarking-2\/evaluation\/\" \/>\n<meta property=\"og:locale\" content=\"fr_FR\" \/>\n<meta property=\"og:type\" content=\"article\" \/>\n<meta property=\"og:title\" content=\"\u00c9valuation - Hebes\" \/>\n<meta property=\"og:description\" content=\"HEBES propose divers rapports pr\u00e9d\u00e9finis avec des comparaisons au benchmark sous forme de tableaux et de graphiques. L&rsquo;utilisateur \u00e0 acc\u00e8s en ligne \u00e0 une vari\u00e9t\u00e9 de rapports standards sp\u00e9cifique \u00e0 chaque institution. Gr\u00e2ce au t\u00e9l\u00e9chargement, ces rapports peuvent \u00e9galement \u00eatre adapt\u00e9s aux besoins sp\u00e9cifiques de l&rsquo;utilisateur. L&rsquo;architecture ouverte de la plateforme permet \u00e9galement de partager [&hellip;]\" \/>\n<meta property=\"og:url\" content=\"https:\/\/hebes.nadlo.ch\/fr\/benchmarking-2\/evaluation\/\" \/>\n<meta property=\"og:site_name\" content=\"Hebes\" \/>\n<meta property=\"article:modified_time\" content=\"2019-10-21T11:55:25+00:00\" \/>\n<meta property=\"og:image\" content=\"https:\/\/hebes.nadlo.ch\/wp-content\/uploads\/2019\/04\/hebes_header_NEU_C.jpg\" \/>\n\t<meta property=\"og:image:width\" content=\"3402\" \/>\n\t<meta property=\"og:image:height\" content=\"1280\" \/>\n\t<meta property=\"og:image:type\" content=\"image\/jpeg\" \/>\n<meta name=\"twitter:card\" content=\"summary_large_image\" \/>\n<meta name=\"twitter:label1\" content=\"Dur\u00e9e de lecture estim\u00e9e\" \/>\n\t<meta name=\"twitter:data1\" content=\"2 minutes\" \/>\n<script type=\"application\/ld+json\" class=\"yoast-schema-graph\">{\"@context\":\"https:\/\/schema.org\",\"@graph\":[{\"@type\":\"WebPage\",\"@id\":\"https:\/\/hebes.nadlo.ch\/fr\/benchmarking-2\/evaluation\/\",\"url\":\"https:\/\/hebes.nadlo.ch\/fr\/benchmarking-2\/evaluation\/\",\"name\":\"\u00c9valuation - Hebes\",\"isPartOf\":{\"@id\":\"https:\/\/hebes.nadlo.ch\/#website\"},\"primaryImageOfPage\":{\"@id\":\"https:\/\/hebes.nadlo.ch\/fr\/benchmarking-2\/evaluation\/#primaryimage\"},\"image\":{\"@id\":\"https:\/\/hebes.nadlo.ch\/fr\/benchmarking-2\/evaluation\/#primaryimage\"},\"thumbnailUrl\":\"https:\/\/hebes.nadlo.ch\/wp-content\/uploads\/2019\/04\/hebes_header_NEU_C.jpg\",\"datePublished\":\"2019-10-10T10:55:06+00:00\",\"dateModified\":\"2019-10-21T11:55:25+00:00\",\"breadcrumb\":{\"@id\":\"https:\/\/hebes.nadlo.ch\/fr\/benchmarking-2\/evaluation\/#breadcrumb\"},\"inLanguage\":\"fr-FR\",\"potentialAction\":[{\"@type\":\"ReadAction\",\"target\":[\"https:\/\/hebes.nadlo.ch\/fr\/benchmarking-2\/evaluation\/\"]}]},{\"@type\":\"ImageObject\",\"inLanguage\":\"fr-FR\",\"@id\":\"https:\/\/hebes.nadlo.ch\/fr\/benchmarking-2\/evaluation\/#primaryimage\",\"url\":\"https:\/\/hebes.nadlo.ch\/wp-content\/uploads\/2019\/04\/hebes_header_NEU_C.jpg\",\"contentUrl\":\"https:\/\/hebes.nadlo.ch\/wp-content\/uploads\/2019\/04\/hebes_header_NEU_C.jpg\",\"width\":3402,\"height\":1280},{\"@type\":\"BreadcrumbList\",\"@id\":\"https:\/\/hebes.nadlo.ch\/fr\/benchmarking-2\/evaluation\/#breadcrumb\",\"itemListElement\":[{\"@type\":\"ListItem\",\"position\":1,\"name\":\"Benchmarking\",\"item\":\"https:\/\/hebes.nadlo.ch\/fr\/benchmarking-2\/\"},{\"@type\":\"ListItem\",\"position\":2,\"name\":\"\u00c9valuation\"}]},{\"@type\":\"WebSite\",\"@id\":\"https:\/\/hebes.nadlo.ch\/#website\",\"url\":\"https:\/\/hebes.nadlo.ch\/\",\"name\":\"Hebes\",\"description\":\"\",\"potentialAction\":[{\"@type\":\"SearchAction\",\"target\":{\"@type\":\"EntryPoint\",\"urlTemplate\":\"https:\/\/hebes.nadlo.ch\/?s={search_term_string}\"},\"query-input\":{\"@type\":\"PropertyValueSpecification\",\"valueRequired\":true,\"valueName\":\"search_term_string\"}}],\"inLanguage\":\"fr-FR\"}]}<\/script>\n<!-- \/ Yoast SEO plugin. -->","yoast_head_json":{"title":"\u00c9valuation - Hebes","robots":{"index":"index","follow":"follow","max-snippet":"max-snippet:-1","max-image-preview":"max-image-preview:large","max-video-preview":"max-video-preview:-1"},"canonical":"https:\/\/hebes.nadlo.ch\/fr\/benchmarking-2\/evaluation\/","og_locale":"fr_FR","og_type":"article","og_title":"\u00c9valuation - Hebes","og_description":"HEBES propose divers rapports pr\u00e9d\u00e9finis avec des comparaisons au benchmark sous forme de tableaux et de graphiques. L&rsquo;utilisateur \u00e0 acc\u00e8s en ligne \u00e0 une vari\u00e9t\u00e9 de rapports standards sp\u00e9cifique \u00e0 chaque institution. Gr\u00e2ce au t\u00e9l\u00e9chargement, ces rapports peuvent \u00e9galement \u00eatre adapt\u00e9s aux besoins sp\u00e9cifiques de l&rsquo;utilisateur. L&rsquo;architecture ouverte de la plateforme permet \u00e9galement de partager [&hellip;]","og_url":"https:\/\/hebes.nadlo.ch\/fr\/benchmarking-2\/evaluation\/","og_site_name":"Hebes","article_modified_time":"2019-10-21T11:55:25+00:00","og_image":[{"width":3402,"height":1280,"url":"https:\/\/hebes.nadlo.ch\/wp-content\/uploads\/2019\/04\/hebes_header_NEU_C.jpg","type":"image\/jpeg"}],"twitter_card":"summary_large_image","twitter_misc":{"Dur\u00e9e de lecture estim\u00e9e":"2 minutes"},"schema":{"@context":"https:\/\/schema.org","@graph":[{"@type":"WebPage","@id":"https:\/\/hebes.nadlo.ch\/fr\/benchmarking-2\/evaluation\/","url":"https:\/\/hebes.nadlo.ch\/fr\/benchmarking-2\/evaluation\/","name":"\u00c9valuation - Hebes","isPartOf":{"@id":"https:\/\/hebes.nadlo.ch\/#website"},"primaryImageOfPage":{"@id":"https:\/\/hebes.nadlo.ch\/fr\/benchmarking-2\/evaluation\/#primaryimage"},"image":{"@id":"https:\/\/hebes.nadlo.ch\/fr\/benchmarking-2\/evaluation\/#primaryimage"},"thumbnailUrl":"https:\/\/hebes.nadlo.ch\/wp-content\/uploads\/2019\/04\/hebes_header_NEU_C.jpg","datePublished":"2019-10-10T10:55:06+00:00","dateModified":"2019-10-21T11:55:25+00:00","breadcrumb":{"@id":"https:\/\/hebes.nadlo.ch\/fr\/benchmarking-2\/evaluation\/#breadcrumb"},"inLanguage":"fr-FR","potentialAction":[{"@type":"ReadAction","target":["https:\/\/hebes.nadlo.ch\/fr\/benchmarking-2\/evaluation\/"]}]},{"@type":"ImageObject","inLanguage":"fr-FR","@id":"https:\/\/hebes.nadlo.ch\/fr\/benchmarking-2\/evaluation\/#primaryimage","url":"https:\/\/hebes.nadlo.ch\/wp-content\/uploads\/2019\/04\/hebes_header_NEU_C.jpg","contentUrl":"https:\/\/hebes.nadlo.ch\/wp-content\/uploads\/2019\/04\/hebes_header_NEU_C.jpg","width":3402,"height":1280},{"@type":"BreadcrumbList","@id":"https:\/\/hebes.nadlo.ch\/fr\/benchmarking-2\/evaluation\/#breadcrumb","itemListElement":[{"@type":"ListItem","position":1,"name":"Benchmarking","item":"https:\/\/hebes.nadlo.ch\/fr\/benchmarking-2\/"},{"@type":"ListItem","position":2,"name":"\u00c9valuation"}]},{"@type":"WebSite","@id":"https:\/\/hebes.nadlo.ch\/#website","url":"https:\/\/hebes.nadlo.ch\/","name":"Hebes","description":"","potentialAction":[{"@type":"SearchAction","target":{"@type":"EntryPoint","urlTemplate":"https:\/\/hebes.nadlo.ch\/?s={search_term_string}"},"query-input":{"@type":"PropertyValueSpecification","valueRequired":true,"valueName":"search_term_string"}}],"inLanguage":"fr-FR"}]}},"_links":{"self":[{"href":"https:\/\/hebes.nadlo.ch\/fr\/wp-json\/wp\/v2\/pages\/2110","targetHints":{"allow":["GET"]}}],"collection":[{"href":"https:\/\/hebes.nadlo.ch\/fr\/wp-json\/wp\/v2\/pages"}],"about":[{"href":"https:\/\/hebes.nadlo.ch\/fr\/wp-json\/wp\/v2\/types\/page"}],"author":[{"embeddable":true,"href":"https:\/\/hebes.nadlo.ch\/fr\/wp-json\/wp\/v2\/users\/1"}],"replies":[{"embeddable":true,"href":"https:\/\/hebes.nadlo.ch\/fr\/wp-json\/wp\/v2\/comments?post=2110"}],"version-history":[{"count":6,"href":"https:\/\/hebes.nadlo.ch\/fr\/wp-json\/wp\/v2\/pages\/2110\/revisions"}],"predecessor-version":[{"id":2375,"href":"https:\/\/hebes.nadlo.ch\/fr\/wp-json\/wp\/v2\/pages\/2110\/revisions\/2375"}],"up":[{"embeddable":true,"href":"https:\/\/hebes.nadlo.ch\/fr\/wp-json\/wp\/v2\/pages\/2054"}],"wp:featuredmedia":[{"embeddable":true,"href":"https:\/\/hebes.nadlo.ch\/fr\/wp-json\/wp\/v2\/media\/2035"}],"wp:attachment":[{"href":"https:\/\/hebes.nadlo.ch\/fr\/wp-json\/wp\/v2\/media?parent=2110"}],"curies":[{"name":"wp","href":"https:\/\/api.w.org\/{rel}","templated":true}]}}