{"id":2116,"date":"2019-10-10T11:02:26","date_gmt":"2019-10-10T11:02:26","guid":{"rendered":"https:\/\/hebes.nadlo.ch\/?page_id=2116"},"modified":"2019-10-21T11:54:28","modified_gmt":"2019-10-21T11:54:28","slug":"participation","status":"publish","type":"page","link":"https:\/\/hebes.nadlo.ch\/fr\/benchmarking-2\/participation\/","title":{"rendered":"Participation"},"content":{"rendered":"<p><!--EndFragment--><\/p>\n<p><strong>Acc\u00e8s \u00e0 la plateforme HEBES<\/strong><\/p>\n<p>Vous vous int\u00e9ressez \u00e0 la plateforme de benchmark innovante de HEBES: vous pouvez participer en toute simplicit\u00e9. Pour utiliser ce service, il faut seulement acqu\u00e9rir une licence vendue par Keller Unternehmensberatung AG. N&rsquo;h\u00e9sitez pas \u00e0 nous <u>contacter<\/u>.<\/p>\n<p><strong>Choisissez entre plusieurs variantes de licence en fonction de vos besoins<\/strong><\/p>\n<p>HEBES propose trois variantes de licence. Nous avons le plaisir de vous pr\u00e9senter en d\u00e9tail l\u2019offre compl\u00e8te de ces trois variantes. Retrouverez de plus amples informations dans la<\/p>\n<p><img loading=\"lazy\" decoding=\"async\" class=\"alignleft wp-image-1164 size-full\" src=\"https:\/\/hebes.nadlo.ch\/wp-content\/uploads\/2019\/03\/Flyer_HEBES.jpg\" alt=\"\" width=\"150\" height=\"212\"><a href=\"https:\/\/hebes.nadlo.ch\/wp-content\/uploads\/2019\/03\/Flyer_HEBES_2.0.pdf\" target=\"_blank\" rel=\"noopener noreferrer\">description du produit<\/a><\/p>\n<p><strong>Dur\u00e9e et co\u00fbt<\/strong><\/p>\n<p>Apr\u00e8s la signature d\u2019un contrat de licence pour une dur\u00e9e de 1 ou 3 ans, vous recevrez les informations de connexion pour acc\u00e9der \u00e0 la plateforme en ligne. D\u00e8s que vous aurez entr\u00e9 les donn\u00e9es relatives \u00e0 votre maison de retraite ou \u00e9tablissement de soins, vous aurez acc\u00e8s \u00e0 l\u2019int\u00e9gralit\u00e9 des fonctionnalit\u00e9s. Le co\u00fbt de la licence d\u00e9pend de la taille de votre \u00e9tablissement et de la dur\u00e9e du contrat de licence.<\/p>\n<p><strong>Pour les \u00e9tablissements uniques<\/strong><\/p>\n<div class=\"table-responsive\">\n<table class=\"table table-striped\">\n<thead>\n<tr class=\"border-0\">\n<th class=\"border-0\">&nbsp; Co\u00fbt annuel de la licence<\/th>\n<th class=\"border-0\" colspan=\"3\"><\/th>\n<\/tr>\n<tr>\n<th scope=\"col\">Nombre de lits<\/th>\n<th scope=\"col\">HEBES Basic<\/th>\n<th scope=\"col\">HEBES Standard<\/th>\n<th scope=\"col\">HEBES Premium<\/th>\n<\/tr>\n<\/thead>\n<tbody>\n<tr>\n<td scope=\"row\">jusqu\u2019\u00e0 50 lits<\/td>\n<td>CHF 900<\/td>\n<td>CHF 1&rsquo;800<\/td>\n<td>CHF 2&rsquo;700<\/td>\n<\/tr>\n<tr>\n<td scope=\"row\">de 51 \u00e0 100 lits<\/td>\n<td>CHF 1&rsquo;100<\/td>\n<td>CHF 2&rsquo;200<\/td>\n<td>CHF 3&rsquo;300<\/td>\n<\/tr>\n<tr>\n<td scope=\"row\">plus de 100 lits<\/td>\n<td>CHF 1&rsquo;500<\/td>\n<td>CHF 3&rsquo;000<\/td>\n<td>CHF 4&rsquo;500<\/td>\n<\/tr>\n<tr>\n<td colspan=\" 4\" scope=\"row\">Pour tout contrat de licence de 3 ans, nous accordons une r\u00e9duction de 10 % sur les frais annuels.<\/td>\n<\/tr>\n<\/tbody>\n<\/table>\n<\/div>\n<p><strong>Pour les groupes<br \/>\n<\/strong><\/p>\n<p>Nous serons heureux de vous proposer une offre sur mesure adapt\u00e9e. N&rsquo;h\u00e9sitez pas \u00e0 nous <a href=\"https:\/\/hebes.nadlo.ch\/fr\/uber-uns\/contact\/\">contacter<\/a>.<\/p>\n","protected":false},"excerpt":{"rendered":"<p>Acc\u00e8s \u00e0 la plateforme HEBES Vous vous int\u00e9ressez \u00e0 la plateforme de benchmark innovante de HEBES: vous pouvez participer en toute simplicit\u00e9. Pour utiliser ce service, il faut seulement acqu\u00e9rir une licence vendue par Keller Unternehmensberatung AG. N&rsquo;h\u00e9sitez pas \u00e0 nous contacter. Choisissez entre plusieurs variantes de licence en fonction de vos besoins HEBES propose [&hellip;]<\/p>\n","protected":false},"author":1,"featured_media":2035,"parent":2054,"menu_order":0,"comment_status":"closed","ping_status":"closed","template":"template\/simple-page.php","meta":{"_acf_changed":false,"footnotes":""},"class_list":["post-2116","page","type-page","status-publish","has-post-thumbnail","hentry"],"acf":[],"yoast_head":"<!-- This site is optimized with the Yoast SEO plugin v26.9 - https:\/\/yoast.com\/product\/yoast-seo-wordpress\/ -->\n<title>Participation - Hebes<\/title>\n<meta name=\"robots\" content=\"index, follow, max-snippet:-1, max-image-preview:large, max-video-preview:-1\" \/>\n<link rel=\"canonical\" href=\"https:\/\/hebes.nadlo.ch\/fr\/benchmarking-2\/participation\/\" \/>\n<meta property=\"og:locale\" content=\"fr_FR\" \/>\n<meta property=\"og:type\" content=\"article\" \/>\n<meta property=\"og:title\" content=\"Participation - Hebes\" \/>\n<meta property=\"og:description\" content=\"Acc\u00e8s \u00e0 la plateforme HEBES Vous vous int\u00e9ressez \u00e0 la plateforme de benchmark innovante de HEBES: vous pouvez participer en toute simplicit\u00e9. Pour utiliser ce service, il faut seulement acqu\u00e9rir une licence vendue par Keller Unternehmensberatung AG. N&rsquo;h\u00e9sitez pas \u00e0 nous contacter. Choisissez entre plusieurs variantes de licence en fonction de vos besoins HEBES propose [&hellip;]\" \/>\n<meta property=\"og:url\" content=\"https:\/\/hebes.nadlo.ch\/fr\/benchmarking-2\/participation\/\" \/>\n<meta property=\"og:site_name\" content=\"Hebes\" \/>\n<meta property=\"article:modified_time\" content=\"2019-10-21T11:54:28+00:00\" \/>\n<meta property=\"og:image\" content=\"https:\/\/hebes.nadlo.ch\/wp-content\/uploads\/2019\/04\/hebes_header_NEU_C.jpg\" \/>\n\t<meta property=\"og:image:width\" content=\"3402\" \/>\n\t<meta property=\"og:image:height\" content=\"1280\" \/>\n\t<meta property=\"og:image:type\" content=\"image\/jpeg\" \/>\n<meta name=\"twitter:card\" content=\"summary_large_image\" \/>\n<meta name=\"twitter:label1\" content=\"Dur\u00e9e de lecture estim\u00e9e\" \/>\n\t<meta name=\"twitter:data1\" content=\"1 minute\" \/>\n<script type=\"application\/ld+json\" class=\"yoast-schema-graph\">{\"@context\":\"https:\/\/schema.org\",\"@graph\":[{\"@type\":\"WebPage\",\"@id\":\"https:\/\/hebes.nadlo.ch\/fr\/benchmarking-2\/participation\/\",\"url\":\"https:\/\/hebes.nadlo.ch\/fr\/benchmarking-2\/participation\/\",\"name\":\"Participation - Hebes\",\"isPartOf\":{\"@id\":\"https:\/\/hebes.nadlo.ch\/#website\"},\"primaryImageOfPage\":{\"@id\":\"https:\/\/hebes.nadlo.ch\/fr\/benchmarking-2\/participation\/#primaryimage\"},\"image\":{\"@id\":\"https:\/\/hebes.nadlo.ch\/fr\/benchmarking-2\/participation\/#primaryimage\"},\"thumbnailUrl\":\"https:\/\/hebes.nadlo.ch\/wp-content\/uploads\/2019\/04\/hebes_header_NEU_C.jpg\",\"datePublished\":\"2019-10-10T11:02:26+00:00\",\"dateModified\":\"2019-10-21T11:54:28+00:00\",\"breadcrumb\":{\"@id\":\"https:\/\/hebes.nadlo.ch\/fr\/benchmarking-2\/participation\/#breadcrumb\"},\"inLanguage\":\"fr-FR\",\"potentialAction\":[{\"@type\":\"ReadAction\",\"target\":[\"https:\/\/hebes.nadlo.ch\/fr\/benchmarking-2\/participation\/\"]}]},{\"@type\":\"ImageObject\",\"inLanguage\":\"fr-FR\",\"@id\":\"https:\/\/hebes.nadlo.ch\/fr\/benchmarking-2\/participation\/#primaryimage\",\"url\":\"https:\/\/hebes.nadlo.ch\/wp-content\/uploads\/2019\/04\/hebes_header_NEU_C.jpg\",\"contentUrl\":\"https:\/\/hebes.nadlo.ch\/wp-content\/uploads\/2019\/04\/hebes_header_NEU_C.jpg\",\"width\":3402,\"height\":1280},{\"@type\":\"BreadcrumbList\",\"@id\":\"https:\/\/hebes.nadlo.ch\/fr\/benchmarking-2\/participation\/#breadcrumb\",\"itemListElement\":[{\"@type\":\"ListItem\",\"position\":1,\"name\":\"Benchmarking\",\"item\":\"https:\/\/hebes.nadlo.ch\/fr\/benchmarking-2\/\"},{\"@type\":\"ListItem\",\"position\":2,\"name\":\"Participation\"}]},{\"@type\":\"WebSite\",\"@id\":\"https:\/\/hebes.nadlo.ch\/#website\",\"url\":\"https:\/\/hebes.nadlo.ch\/\",\"name\":\"Hebes\",\"description\":\"\",\"potentialAction\":[{\"@type\":\"SearchAction\",\"target\":{\"@type\":\"EntryPoint\",\"urlTemplate\":\"https:\/\/hebes.nadlo.ch\/?s={search_term_string}\"},\"query-input\":{\"@type\":\"PropertyValueSpecification\",\"valueRequired\":true,\"valueName\":\"search_term_string\"}}],\"inLanguage\":\"fr-FR\"}]}<\/script>\n<!-- \/ Yoast SEO plugin. -->","yoast_head_json":{"title":"Participation - Hebes","robots":{"index":"index","follow":"follow","max-snippet":"max-snippet:-1","max-image-preview":"max-image-preview:large","max-video-preview":"max-video-preview:-1"},"canonical":"https:\/\/hebes.nadlo.ch\/fr\/benchmarking-2\/participation\/","og_locale":"fr_FR","og_type":"article","og_title":"Participation - Hebes","og_description":"Acc\u00e8s \u00e0 la plateforme HEBES Vous vous int\u00e9ressez \u00e0 la plateforme de benchmark innovante de HEBES: vous pouvez participer en toute simplicit\u00e9. Pour utiliser ce service, il faut seulement acqu\u00e9rir une licence vendue par Keller Unternehmensberatung AG. N&rsquo;h\u00e9sitez pas \u00e0 nous contacter. Choisissez entre plusieurs variantes de licence en fonction de vos besoins HEBES propose [&hellip;]","og_url":"https:\/\/hebes.nadlo.ch\/fr\/benchmarking-2\/participation\/","og_site_name":"Hebes","article_modified_time":"2019-10-21T11:54:28+00:00","og_image":[{"width":3402,"height":1280,"url":"https:\/\/hebes.nadlo.ch\/wp-content\/uploads\/2019\/04\/hebes_header_NEU_C.jpg","type":"image\/jpeg"}],"twitter_card":"summary_large_image","twitter_misc":{"Dur\u00e9e de lecture estim\u00e9e":"1 minute"},"schema":{"@context":"https:\/\/schema.org","@graph":[{"@type":"WebPage","@id":"https:\/\/hebes.nadlo.ch\/fr\/benchmarking-2\/participation\/","url":"https:\/\/hebes.nadlo.ch\/fr\/benchmarking-2\/participation\/","name":"Participation - Hebes","isPartOf":{"@id":"https:\/\/hebes.nadlo.ch\/#website"},"primaryImageOfPage":{"@id":"https:\/\/hebes.nadlo.ch\/fr\/benchmarking-2\/participation\/#primaryimage"},"image":{"@id":"https:\/\/hebes.nadlo.ch\/fr\/benchmarking-2\/participation\/#primaryimage"},"thumbnailUrl":"https:\/\/hebes.nadlo.ch\/wp-content\/uploads\/2019\/04\/hebes_header_NEU_C.jpg","datePublished":"2019-10-10T11:02:26+00:00","dateModified":"2019-10-21T11:54:28+00:00","breadcrumb":{"@id":"https:\/\/hebes.nadlo.ch\/fr\/benchmarking-2\/participation\/#breadcrumb"},"inLanguage":"fr-FR","potentialAction":[{"@type":"ReadAction","target":["https:\/\/hebes.nadlo.ch\/fr\/benchmarking-2\/participation\/"]}]},{"@type":"ImageObject","inLanguage":"fr-FR","@id":"https:\/\/hebes.nadlo.ch\/fr\/benchmarking-2\/participation\/#primaryimage","url":"https:\/\/hebes.nadlo.ch\/wp-content\/uploads\/2019\/04\/hebes_header_NEU_C.jpg","contentUrl":"https:\/\/hebes.nadlo.ch\/wp-content\/uploads\/2019\/04\/hebes_header_NEU_C.jpg","width":3402,"height":1280},{"@type":"BreadcrumbList","@id":"https:\/\/hebes.nadlo.ch\/fr\/benchmarking-2\/participation\/#breadcrumb","itemListElement":[{"@type":"ListItem","position":1,"name":"Benchmarking","item":"https:\/\/hebes.nadlo.ch\/fr\/benchmarking-2\/"},{"@type":"ListItem","position":2,"name":"Participation"}]},{"@type":"WebSite","@id":"https:\/\/hebes.nadlo.ch\/#website","url":"https:\/\/hebes.nadlo.ch\/","name":"Hebes","description":"","potentialAction":[{"@type":"SearchAction","target":{"@type":"EntryPoint","urlTemplate":"https:\/\/hebes.nadlo.ch\/?s={search_term_string}"},"query-input":{"@type":"PropertyValueSpecification","valueRequired":true,"valueName":"search_term_string"}}],"inLanguage":"fr-FR"}]}},"_links":{"self":[{"href":"https:\/\/hebes.nadlo.ch\/fr\/wp-json\/wp\/v2\/pages\/2116","targetHints":{"allow":["GET"]}}],"collection":[{"href":"https:\/\/hebes.nadlo.ch\/fr\/wp-json\/wp\/v2\/pages"}],"about":[{"href":"https:\/\/hebes.nadlo.ch\/fr\/wp-json\/wp\/v2\/types\/page"}],"author":[{"embeddable":true,"href":"https:\/\/hebes.nadlo.ch\/fr\/wp-json\/wp\/v2\/users\/1"}],"replies":[{"embeddable":true,"href":"https:\/\/hebes.nadlo.ch\/fr\/wp-json\/wp\/v2\/comments?post=2116"}],"version-history":[{"count":9,"href":"https:\/\/hebes.nadlo.ch\/fr\/wp-json\/wp\/v2\/pages\/2116\/revisions"}],"predecessor-version":[{"id":2420,"href":"https:\/\/hebes.nadlo.ch\/fr\/wp-json\/wp\/v2\/pages\/2116\/revisions\/2420"}],"up":[{"embeddable":true,"href":"https:\/\/hebes.nadlo.ch\/fr\/wp-json\/wp\/v2\/pages\/2054"}],"wp:featuredmedia":[{"embeddable":true,"href":"https:\/\/hebes.nadlo.ch\/fr\/wp-json\/wp\/v2\/media\/2035"}],"wp:attachment":[{"href":"https:\/\/hebes.nadlo.ch\/fr\/wp-json\/wp\/v2\/media?parent=2116"}],"curies":[{"name":"wp","href":"https:\/\/api.w.org\/{rel}","templated":true}]}}