{"id":2122,"date":"2019-10-10T11:14:28","date_gmt":"2019-10-10T11:14:28","guid":{"rendered":"https:\/\/hebes.nadlo.ch\/?page_id=2122"},"modified":"2019-10-21T11:53:41","modified_gmt":"2019-10-21T11:53:41","slug":"evenements","status":"publish","type":"page","link":"https:\/\/hebes.nadlo.ch\/fr\/evenements\/","title":{"rendered":"\u00c9v\u00e8nements"},"content":{"rendered":"<h3 class=\"editor-rich-text__tinymce mce-content-body\" role=\"textbox\" aria-label=\"Write heading\u2026\" aria-autocomplete=\"list\" aria-multiline=\"true\" data-is-placeholder-visible=\"false\" contenteditable=\"true\"><span style=\"color: #999999;\">Chez HEBES, nous organisons des cours de formation continue, des s\u00e9minaires, ainsi que des ateliers.<\/span><\/h3>\n\n\n<p>Actuellement, nous proposons uniquement les \u00e9v\u00e9nements en allemand. Vous pouvez actuellement consulter les offres suivantes en ligne:<\/p>\n\n\n\n        <div class=\"row d-sm-flex flex-wrap align-items-start\">\n                                                                    <div class=\"col-md-4 col-12 d-flex flex-column mb-5\">\n\t\t\t\t\t\n                \t\t\t\t\t\t\t<a href=\"https:\/\/www.keller-beratung.ch\/?post_type=event&#038;p=5013\" class=\"boxEZoom\" target=\"_blank\">\n\t\t\t\t\t\t\t<div class=\"subpage--image jsSetRate-4-3 background-image imgEZoom\" style=\"background-image: url(&quot;https:\/\/www.keller-beratung.ch\/wp-content\/uploads\/2025\/12\/Webinar-VR-scaled.jpg&quot;); height: 204.9px;\"><\/div>\n\t\t\t\t\t\t<\/a>\n                \t                    <p class=\"date\">23.04.2026<\/p>\n                    <a href=\"https:\/\/www.keller-beratung.ch\/?post_type=event&#038;p=5013\" class=\"title\" target=\"_blank\">Webinar &#8211; Bedeutung der integrierten Versorgung f\u00fcr Heime<\/a>\n                <\/div>\n                                                        <div class=\"col-md-4 col-12 d-flex flex-column mb-5\">\n\t\t\t\t\t\n                \t\t\t\t\t\t\t<a href=\"https:\/\/www.keller-beratung.ch\/?post_type=event&#038;p=5015\" class=\"boxEZoom\" target=\"_blank\">\n\t\t\t\t\t\t\t<div class=\"subpage--image jsSetRate-4-3 background-image imgEZoom\" style=\"background-image: url(&quot;https:\/\/www.keller-beratung.ch\/wp-content\/uploads\/2025\/12\/Webinar-VR-scaled.jpg&quot;); height: 204.9px;\"><\/div>\n\t\t\t\t\t\t<\/a>\n                \t                    <p class=\"date\">06.05.2026<\/p>\n                    <a href=\"https:\/\/www.keller-beratung.ch\/?post_type=event&#038;p=5015\" class=\"title\" target=\"_blank\">Webinar &#8211; Kulturentwicklung und Change Management<\/a>\n                <\/div>\n                                                        <div class=\"col-md-4 col-12 d-flex flex-column mb-5\">\n\t\t\t\t\t\n                \t\t\t\t\t\t\t<a href=\"https:\/\/www.keller-beratung.ch\/?post_type=event&#038;p=4322\" class=\"boxEZoom\" target=\"_blank\">\n\t\t\t\t\t\t\t<div class=\"subpage--image jsSetRate-4-3 background-image imgEZoom\" style=\"background-image: url(&quot;https:\/\/www.keller-beratung.ch\/wp-content\/uploads\/2024\/11\/Change_Flyer_A4.jpeg&quot;); height: 204.9px;\"><\/div>\n\t\t\t\t\t\t<\/a>\n                \t                    <p class=\"date\">07.05.2026<\/p>\n                    <a href=\"https:\/\/www.keller-beratung.ch\/?post_type=event&#038;p=4322\" class=\"title\" target=\"_blank\">Webinar: Benchmarking mit HEBES<\/a>\n                <\/div>\n                                                        <div class=\"col-md-4 col-12 d-flex flex-column mb-5\">\n\t\t\t\t\t\n                \t\t\t\t\t\t\t<a href=\"https:\/\/www.keller-beratung.ch\/?post_type=event&#038;p=5268\" class=\"boxEZoom\" target=\"_blank\">\n\t\t\t\t\t\t\t<div class=\"subpage--image jsSetRate-4-3 background-image imgEZoom\" style=\"background-image: url(&quot;https:\/\/www.keller-beratung.ch\/wp-content\/uploads\/2024\/11\/Change_Flyer_A4.jpeg&quot;); height: 204.9px;\"><\/div>\n\t\t\t\t\t\t<\/a>\n                \t                    <p class=\"date\">03.06.2026<\/p>\n                    <a href=\"https:\/\/www.keller-beratung.ch\/?post_type=event&#038;p=5268\" class=\"title\" target=\"_blank\">Webinar: Benchmarking mit HEBES<\/a>\n                <\/div>\n                                                        <div class=\"col-md-4 col-12 d-flex flex-column mb-5\">\n\t\t\t\t\t\n                \t\t\t\t\t\t\t<a href=\"https:\/\/www.keller-beratung.ch\/?post_type=event&#038;p=5019\" class=\"boxEZoom\" target=\"_blank\">\n\t\t\t\t\t\t\t<div class=\"subpage--image jsSetRate-4-3 background-image imgEZoom\" style=\"background-image: url(&quot;https:\/\/www.keller-beratung.ch\/wp-content\/uploads\/2025\/12\/Webinar-VR-scaled.jpg&quot;); height: 204.9px;\"><\/div>\n\t\t\t\t\t\t<\/a>\n                \t                    <p class=\"date\">25.06.2026<\/p>\n                    <a href=\"https:\/\/www.keller-beratung.ch\/?post_type=event&#038;p=5019\" class=\"title\" target=\"_blank\">Webinar &#8211; Finanzierung von Bauvorhaben<\/a>\n                <\/div>\n                                                        <div class=\"col-md-4 col-12 d-flex flex-column mb-5\">\n\t\t\t\t\t\n                \t\t\t\t\t\t\t<a href=\"https:\/\/www.keller-beratung.ch\/?post_type=event&#038;p=5017\" class=\"boxEZoom\" target=\"_blank\">\n\t\t\t\t\t\t\t<div class=\"subpage--image jsSetRate-4-3 background-image imgEZoom\" style=\"background-image: url(&quot;https:\/\/www.keller-beratung.ch\/wp-content\/uploads\/2025\/12\/Webinar-VR-scaled.jpg&quot;); height: 204.9px;\"><\/div>\n\t\t\t\t\t\t<\/a>\n                \t                    <p class=\"date\">20.08.2026<\/p>\n                    <a href=\"https:\/\/www.keller-beratung.ch\/?post_type=event&#038;p=5017\" class=\"title\" target=\"_blank\">Webinar &#8211; Nachhaltige Sicherstellung der Kernleistungen<\/a>\n                <\/div>\n                                                        <div class=\"col-md-4 col-12 d-flex flex-column mb-5\">\n\t\t\t\t\t\n                \t\t\t\t\t\t\t<a href=\"https:\/\/www.keller-beratung.ch\/?post_type=event&#038;p=5008\" class=\"boxEZoom\" target=\"_blank\">\n\t\t\t\t\t\t\t<div class=\"subpage--image jsSetRate-4-3 background-image imgEZoom\" style=\"background-image: url(&quot;https:\/\/www.keller-beratung.ch\/wp-content\/uploads\/2025\/12\/Webinar-VR-scaled.jpg&quot;); height: 204.9px;\"><\/div>\n\t\t\t\t\t\t<\/a>\n                \t                    <p class=\"date\">03.09.2026<\/p>\n                    <a href=\"https:\/\/www.keller-beratung.ch\/?post_type=event&#038;p=5008\" class=\"title\" target=\"_blank\">Webinar &#8211; Best Practices in der Zusammenarbeit zwischen VR und GL<\/a>\n                <\/div>\n                                                        <div class=\"col-md-4 col-12 d-flex flex-column mb-5\">\n\t\t\t\t\t\n                \t\t\t\t\t\t\t<a href=\"https:\/\/www.keller-beratung.ch\/?post_type=event&#038;p=5011\" class=\"boxEZoom\" target=\"_blank\">\n\t\t\t\t\t\t\t<div class=\"subpage--image jsSetRate-4-3 background-image imgEZoom\" style=\"background-image: url(&quot;https:\/\/www.keller-beratung.ch\/wp-content\/uploads\/2025\/12\/Webinar-VR-scaled.jpg&quot;); height: 204.9px;\"><\/div>\n\t\t\t\t\t\t<\/a>\n                \t                    <p class=\"date\">29.10.2026<\/p>\n                    <a href=\"https:\/\/www.keller-beratung.ch\/?post_type=event&#038;p=5011\" class=\"title\" target=\"_blank\">Webinar &#8211; Strategische Herausforderungen in der Langzeit<\/a>\n                <\/div>\n                                                        <div class=\"col-md-4 col-12 d-flex flex-column mb-5\">\n\t\t\t\t\t\n                \t\t\t\t\t\t\t<a href=\"https:\/\/www.keller-beratung.ch\/?post_type=event&#038;p=4996\" class=\"boxEZoom\" target=\"_blank\">\n\t\t\t\t\t\t\t<div class=\"subpage--image jsSetRate-4-3 background-image imgEZoom\" style=\"background-image: url(&quot;https:\/\/www.keller-beratung.ch\/wp-content\/uploads\/2025\/12\/Webinar-VR-scaled.jpg&quot;); height: 204.9px;\"><\/div>\n\t\t\t\t\t\t<\/a>\n                \t                    <p class=\"date\">26.11.2026<\/p>\n                    <a href=\"https:\/\/www.keller-beratung.ch\/?post_type=event&#038;p=4996\" class=\"title\" target=\"_blank\">Webinar &#8211; Corporate Governance in Heimen: Methoden, Instrumente und Umsetzung<\/a>\n                <\/div>\n                                                        <div class=\"col-md-4 col-12 d-flex flex-column mb-5\">\n\t\t\t\t\t\n                \t\t\t\t\t\t\t<a href=\"https:\/\/www.keller-beratung.ch\/?post_type=event&#038;p=5001\" class=\"boxEZoom\" target=\"_blank\">\n\t\t\t\t\t\t\t<div class=\"subpage--image jsSetRate-4-3 background-image imgEZoom\" style=\"background-image: url(&quot;https:\/\/www.keller-beratung.ch\/wp-content\/uploads\/2025\/12\/Webinar-VR-scaled.jpg&quot;); height: 204.9px;\"><\/div>\n\t\t\t\t\t\t<\/a>\n                \t                    <p class=\"date\">26.11.2026<\/p>\n                    <a href=\"https:\/\/www.keller-beratung.ch\/?post_type=event&#038;p=5001\" class=\"title\" target=\"_blank\">Webinar-Reihe f\u00fcr Verwaltungsr\u00e4te, Stiftungsr\u00e4te und Vorst\u00e4nde von Alters- und Pflegezentren<\/a>\n                <\/div>\n                    <\/div>\n        \n\t    \n","protected":false},"excerpt":{"rendered":"<p>Chez HEBES, nous organisons des cours de formation continue, des s\u00e9minaires, ainsi que des ateliers. Actuellement, nous proposons uniquement les \u00e9v\u00e9nements en allemand. Vous pouvez actuellement consulter les offres suivantes en ligne:<\/p>\n","protected":false},"author":1,"featured_media":2125,"parent":0,"menu_order":0,"comment_status":"closed","ping_status":"closed","template":"template\/simple-page.php","meta":{"_acf_changed":false,"footnotes":""},"class_list":["post-2122","page","type-page","status-publish","has-post-thumbnail","hentry"],"acf":[],"yoast_head":"<!-- This site is optimized with the Yoast SEO plugin v26.9 - https:\/\/yoast.com\/product\/yoast-seo-wordpress\/ -->\n<title>\u00c9v\u00e8nements - Hebes<\/title>\n<meta name=\"robots\" content=\"index, follow, max-snippet:-1, max-image-preview:large, max-video-preview:-1\" \/>\n<link rel=\"canonical\" href=\"https:\/\/hebes.nadlo.ch\/fr\/evenements\/\" \/>\n<meta property=\"og:locale\" content=\"fr_FR\" \/>\n<meta property=\"og:type\" content=\"article\" \/>\n<meta property=\"og:title\" content=\"\u00c9v\u00e8nements - Hebes\" \/>\n<meta property=\"og:description\" content=\"Chez HEBES, nous organisons des cours de formation continue, des s\u00e9minaires, ainsi que des ateliers. Actuellement, nous proposons uniquement les \u00e9v\u00e9nements en allemand. Vous pouvez actuellement consulter les offres suivantes en ligne:\" \/>\n<meta property=\"og:url\" content=\"https:\/\/hebes.nadlo.ch\/fr\/evenements\/\" \/>\n<meta property=\"og:site_name\" content=\"Hebes\" \/>\n<meta property=\"article:modified_time\" content=\"2019-10-21T11:53:41+00:00\" \/>\n<meta property=\"og:image\" content=\"https:\/\/hebes.nadlo.ch\/wp-content\/uploads\/2019\/03\/header_2.jpg\" \/>\n\t<meta property=\"og:image:width\" content=\"1500\" \/>\n\t<meta property=\"og:image:height\" content=\"1213\" \/>\n\t<meta property=\"og:image:type\" content=\"image\/jpeg\" \/>\n<meta name=\"twitter:card\" content=\"summary_large_image\" \/>\n<script type=\"application\/ld+json\" class=\"yoast-schema-graph\">{\"@context\":\"https:\/\/schema.org\",\"@graph\":[{\"@type\":\"WebPage\",\"@id\":\"https:\/\/hebes.nadlo.ch\/fr\/evenements\/\",\"url\":\"https:\/\/hebes.nadlo.ch\/fr\/evenements\/\",\"name\":\"\u00c9v\u00e8nements - Hebes\",\"isPartOf\":{\"@id\":\"https:\/\/hebes.nadlo.ch\/#website\"},\"primaryImageOfPage\":{\"@id\":\"https:\/\/hebes.nadlo.ch\/fr\/evenements\/#primaryimage\"},\"image\":{\"@id\":\"https:\/\/hebes.nadlo.ch\/fr\/evenements\/#primaryimage\"},\"thumbnailUrl\":\"https:\/\/hebes.nadlo.ch\/wp-content\/uploads\/2019\/03\/header_2.jpg\",\"datePublished\":\"2019-10-10T11:14:28+00:00\",\"dateModified\":\"2019-10-21T11:53:41+00:00\",\"inLanguage\":\"fr-FR\",\"potentialAction\":[{\"@type\":\"ReadAction\",\"target\":[\"https:\/\/hebes.nadlo.ch\/fr\/evenements\/\"]}]},{\"@type\":\"ImageObject\",\"inLanguage\":\"fr-FR\",\"@id\":\"https:\/\/hebes.nadlo.ch\/fr\/evenements\/#primaryimage\",\"url\":\"https:\/\/hebes.nadlo.ch\/wp-content\/uploads\/2019\/03\/header_2.jpg\",\"contentUrl\":\"https:\/\/hebes.nadlo.ch\/wp-content\/uploads\/2019\/03\/header_2.jpg\",\"width\":1500,\"height\":1213},{\"@type\":\"WebSite\",\"@id\":\"https:\/\/hebes.nadlo.ch\/#website\",\"url\":\"https:\/\/hebes.nadlo.ch\/\",\"name\":\"Hebes\",\"description\":\"\",\"potentialAction\":[{\"@type\":\"SearchAction\",\"target\":{\"@type\":\"EntryPoint\",\"urlTemplate\":\"https:\/\/hebes.nadlo.ch\/?s={search_term_string}\"},\"query-input\":{\"@type\":\"PropertyValueSpecification\",\"valueRequired\":true,\"valueName\":\"search_term_string\"}}],\"inLanguage\":\"fr-FR\"}]}<\/script>\n<!-- \/ Yoast SEO plugin. -->","yoast_head_json":{"title":"\u00c9v\u00e8nements - Hebes","robots":{"index":"index","follow":"follow","max-snippet":"max-snippet:-1","max-image-preview":"max-image-preview:large","max-video-preview":"max-video-preview:-1"},"canonical":"https:\/\/hebes.nadlo.ch\/fr\/evenements\/","og_locale":"fr_FR","og_type":"article","og_title":"\u00c9v\u00e8nements - Hebes","og_description":"Chez HEBES, nous organisons des cours de formation continue, des s\u00e9minaires, ainsi que des ateliers. Actuellement, nous proposons uniquement les \u00e9v\u00e9nements en allemand. Vous pouvez actuellement consulter les offres suivantes en ligne:","og_url":"https:\/\/hebes.nadlo.ch\/fr\/evenements\/","og_site_name":"Hebes","article_modified_time":"2019-10-21T11:53:41+00:00","og_image":[{"width":1500,"height":1213,"url":"https:\/\/hebes.nadlo.ch\/wp-content\/uploads\/2019\/03\/header_2.jpg","type":"image\/jpeg"}],"twitter_card":"summary_large_image","schema":{"@context":"https:\/\/schema.org","@graph":[{"@type":"WebPage","@id":"https:\/\/hebes.nadlo.ch\/fr\/evenements\/","url":"https:\/\/hebes.nadlo.ch\/fr\/evenements\/","name":"\u00c9v\u00e8nements - Hebes","isPartOf":{"@id":"https:\/\/hebes.nadlo.ch\/#website"},"primaryImageOfPage":{"@id":"https:\/\/hebes.nadlo.ch\/fr\/evenements\/#primaryimage"},"image":{"@id":"https:\/\/hebes.nadlo.ch\/fr\/evenements\/#primaryimage"},"thumbnailUrl":"https:\/\/hebes.nadlo.ch\/wp-content\/uploads\/2019\/03\/header_2.jpg","datePublished":"2019-10-10T11:14:28+00:00","dateModified":"2019-10-21T11:53:41+00:00","inLanguage":"fr-FR","potentialAction":[{"@type":"ReadAction","target":["https:\/\/hebes.nadlo.ch\/fr\/evenements\/"]}]},{"@type":"ImageObject","inLanguage":"fr-FR","@id":"https:\/\/hebes.nadlo.ch\/fr\/evenements\/#primaryimage","url":"https:\/\/hebes.nadlo.ch\/wp-content\/uploads\/2019\/03\/header_2.jpg","contentUrl":"https:\/\/hebes.nadlo.ch\/wp-content\/uploads\/2019\/03\/header_2.jpg","width":1500,"height":1213},{"@type":"WebSite","@id":"https:\/\/hebes.nadlo.ch\/#website","url":"https:\/\/hebes.nadlo.ch\/","name":"Hebes","description":"","potentialAction":[{"@type":"SearchAction","target":{"@type":"EntryPoint","urlTemplate":"https:\/\/hebes.nadlo.ch\/?s={search_term_string}"},"query-input":{"@type":"PropertyValueSpecification","valueRequired":true,"valueName":"search_term_string"}}],"inLanguage":"fr-FR"}]}},"_links":{"self":[{"href":"https:\/\/hebes.nadlo.ch\/fr\/wp-json\/wp\/v2\/pages\/2122","targetHints":{"allow":["GET"]}}],"collection":[{"href":"https:\/\/hebes.nadlo.ch\/fr\/wp-json\/wp\/v2\/pages"}],"about":[{"href":"https:\/\/hebes.nadlo.ch\/fr\/wp-json\/wp\/v2\/types\/page"}],"author":[{"embeddable":true,"href":"https:\/\/hebes.nadlo.ch\/fr\/wp-json\/wp\/v2\/users\/1"}],"replies":[{"embeddable":true,"href":"https:\/\/hebes.nadlo.ch\/fr\/wp-json\/wp\/v2\/comments?post=2122"}],"version-history":[{"count":3,"href":"https:\/\/hebes.nadlo.ch\/fr\/wp-json\/wp\/v2\/pages\/2122\/revisions"}],"predecessor-version":[{"id":2277,"href":"https:\/\/hebes.nadlo.ch\/fr\/wp-json\/wp\/v2\/pages\/2122\/revisions\/2277"}],"wp:featuredmedia":[{"embeddable":true,"href":"https:\/\/hebes.nadlo.ch\/fr\/wp-json\/wp\/v2\/media\/2125"}],"wp:attachment":[{"href":"https:\/\/hebes.nadlo.ch\/fr\/wp-json\/wp\/v2\/media?parent=2122"}],"curies":[{"name":"wp","href":"https:\/\/api.w.org\/{rel}","templated":true}]}}