{"id":2137,"date":"2019-10-10T11:24:52","date_gmt":"2019-10-10T11:24:52","guid":{"rendered":"https:\/\/hebes.nadlo.ch\/?page_id=2137"},"modified":"2019-10-21T11:54:01","modified_gmt":"2019-10-21T11:54:01","slug":"conseils","status":"publish","type":"page","link":"https:\/\/hebes.nadlo.ch\/fr\/conseils\/","title":{"rendered":"Conseils"},"content":{"rendered":"<h3 class=\"editor-rich-text__tinymce mce-content-body\" role=\"textbox\" aria-label=\"Write heading\u2026\" aria-autocomplete=\"list\" aria-multiline=\"true\" data-is-placeholder-visible=\"false\" contenteditable=\"true\"><span style=\"color: #999999;\">Nos prestations de conseil d\u00e9taill\u00e9es<\/span><\/h3>\n\n\n<p><strong>Strat\u00e9gie et gestion<\/strong><\/p>\n\n\n\n<ul class=\"wp-block-list\"><li>Analyse des structures et des processus de gestion<\/li><li>Mise au point de r\u00e8glements organisationnels<\/li><li>Coordination de la coop\u00e9ration entre la gestion strat\u00e9gique et la      gestion op\u00e9rationnelle<\/li><li>Accompagnement dans les discussions portant sur la strat\u00e9gie<\/li><li>\u00c9laboration d\u2019un plan d\u2019activit\u00e9<\/li><\/ul>\n\n\n\n<p><strong>Gestion et ressources en mati\u00e8re de soins<\/strong><\/p>\n\n\n\n<ul class=\"wp-block-list\"><li>Aide aux responsables<\/li><li>Contr\u00f4le de la structure de direction et du flux de travail<\/li><li>\u00c9valuation et d\u00e9termination des besoins en personnel soignant<\/li><li>Contr\u00f4le des skill mix et grade mix; organisation en cons\u00e9quence\n     des missions de soutien dans le processus de soins<\/li><li>Analyses d&rsquo;activit\u00e9 et r\u00e9partition des prestations de soins\n     relevant de la LAMal et des prestations de soins et de prise en charge ne\n     relevant pas de la LAMal<\/li><li>R\u00e9solution des situations conflictuelles<\/li><\/ul>\n\n\n\n<p><strong>Gestion d&rsquo;entreprise, contr\u00f4le de gestion et comptabilit\u00e9 analytique selon CURAVIVA<\/strong><\/p>\n\n\n\n<ul class=\"wp-block-list\"><li>Analyses de productivit\u00e9 et de rentabilit\u00e9<\/li><li>Analyses benchmark (entre autres en utilisant la plateforme de      benchmark innovante de HEBES)<\/li><li>Conseil et aide pour l&rsquo;optimisation ou l&rsquo;introduction de la      comptabilit\u00e9 analytique ou financi\u00e8re selon CURAVIVA<\/li><li>Accompagnement dans le calcul et \u00e0 la n\u00e9gociation des imp\u00f4ts sur les soins, la prise en charge et la pension <\/li><\/ul>\n\n\n\n<p><strong>Gestion des processus<\/strong><\/p>\n\n\n\n<ul class=\"wp-block-list\"><li>Analyse et optimisation des processus<\/li><li>Documentation des processus sur laquelle fonder des syst\u00e8mes\n     efficaces de formation et de remplacement des employ\u00e9s<\/li><li>R\u00e9daction de descriptions d&#8217;emploi<\/li><li>Publication et communication des processus sur l&rsquo;intranet<\/li><li>Cartographie des processus sur laquelle fonder un syst\u00e8me de\n     certification<\/li><li>Syst\u00e8me de contr\u00f4le interne: structuration et v\u00e9rification du\n     syst\u00e8me de contr\u00f4le interne et int\u00e9gration de documents relatifs aux\n     risques et aux suivis dans la documentation des processus<\/li><\/ul>\n\n\n\n<p><strong>Informatique<\/strong><\/p>\n\n\n\n<ul>\n<li>Strat\u00e9gie informatique \u00e0 moyen terme, comprenant l\u2019\u00e9laboration d\u2019un portefeuille de projet et la d\u00e9finition des priorit\u00e9s en mati\u00e8re de projets<\/li>\n<li>Analyse des ressources informatiques mises en \u0153uvre et contr\u00f4le des ressources humaines<\/li>\n<li>\u00c9laboration de cahiers des charges<\/li>\n<li>Mise en \u0153uvre des \u00e9valuations<\/li>\n<\/ul>\n\n\n\n<p><strong>Gestion des ressources humaines<\/strong><\/p>\n\n\n\n<ul>\n<li>Transformation agile<\/li>\n<li>Gestion et organisation<\/li>\n<li>Finances et contr\u00f4le de gestion<\/li>\n<li>Benchmarking<\/li>\n<li>Optimisation des processus<\/li>\n<li>Projet de construction ou de r\u00e9novation<\/li>\n<li>Propositions<\/li>\n<li>Conseil en ressources humaines<\/li>\n<li>S\u00e9lection des responsables<\/li>\n<\/ul>\n\n\n\n<p>Retrouverez de plus amples informations sur nos prestations de conseil sur notre <a href=\"https:\/\/www.keller-beratung.ch\/\" target=\"_blank\" rel=\"noreferrer noopener\" aria-label=\" (opens in a new tab)\">site internet de conseil www.keller-beratung.ch<\/a> <\/p>\n","protected":false},"excerpt":{"rendered":"<p>Nos prestations de conseil d\u00e9taill\u00e9es Strat\u00e9gie et gestion Analyse des structures et des processus de gestion Mise au point de r\u00e8glements organisationnels Coordination de la coop\u00e9ration entre la gestion strat\u00e9gique et la gestion op\u00e9rationnelle Accompagnement dans les discussions portant sur la strat\u00e9gie \u00c9laboration d\u2019un plan d\u2019activit\u00e9 Gestion et ressources en mati\u00e8re de soins Aide aux [&hellip;]<\/p>\n","protected":false},"author":1,"featured_media":2139,"parent":0,"menu_order":0,"comment_status":"closed","ping_status":"closed","template":"template\/simple-page.php","meta":{"_acf_changed":false,"footnotes":""},"class_list":["post-2137","page","type-page","status-publish","has-post-thumbnail","hentry"],"acf":[],"yoast_head":"<!-- This site is optimized with the Yoast SEO plugin v26.9 - https:\/\/yoast.com\/product\/yoast-seo-wordpress\/ -->\n<title>Conseils - Hebes<\/title>\n<meta name=\"robots\" content=\"index, follow, max-snippet:-1, max-image-preview:large, max-video-preview:-1\" \/>\n<link rel=\"canonical\" href=\"https:\/\/hebes.nadlo.ch\/fr\/conseils\/\" \/>\n<meta property=\"og:locale\" content=\"fr_FR\" \/>\n<meta property=\"og:type\" content=\"article\" \/>\n<meta property=\"og:title\" content=\"Conseils - Hebes\" \/>\n<meta property=\"og:description\" content=\"Nos prestations de conseil d\u00e9taill\u00e9es Strat\u00e9gie et gestion Analyse des structures et des processus de gestion Mise au point de r\u00e8glements organisationnels Coordination de la coop\u00e9ration entre la gestion strat\u00e9gique et la gestion op\u00e9rationnelle Accompagnement dans les discussions portant sur la strat\u00e9gie \u00c9laboration d\u2019un plan d\u2019activit\u00e9 Gestion et ressources en mati\u00e8re de soins Aide aux [&hellip;]\" \/>\n<meta property=\"og:url\" content=\"https:\/\/hebes.nadlo.ch\/fr\/conseils\/\" \/>\n<meta property=\"og:site_name\" content=\"Hebes\" \/>\n<meta property=\"article:modified_time\" content=\"2019-10-21T11:54:01+00:00\" \/>\n<meta property=\"og:image\" content=\"https:\/\/hebes.nadlo.ch\/wp-content\/uploads\/2019\/03\/header_beratung_neu.jpg\" \/>\n\t<meta property=\"og:image:width\" content=\"1920\" \/>\n\t<meta property=\"og:image:height\" content=\"963\" \/>\n\t<meta property=\"og:image:type\" content=\"image\/jpeg\" \/>\n<meta name=\"twitter:card\" content=\"summary_large_image\" \/>\n<meta name=\"twitter:label1\" content=\"Dur\u00e9e de lecture estim\u00e9e\" \/>\n\t<meta name=\"twitter:data1\" content=\"2 minutes\" \/>\n<script type=\"application\/ld+json\" class=\"yoast-schema-graph\">{\"@context\":\"https:\/\/schema.org\",\"@graph\":[{\"@type\":\"WebPage\",\"@id\":\"https:\/\/hebes.nadlo.ch\/fr\/conseils\/\",\"url\":\"https:\/\/hebes.nadlo.ch\/fr\/conseils\/\",\"name\":\"Conseils - Hebes\",\"isPartOf\":{\"@id\":\"https:\/\/hebes.nadlo.ch\/#website\"},\"primaryImageOfPage\":{\"@id\":\"https:\/\/hebes.nadlo.ch\/fr\/conseils\/#primaryimage\"},\"image\":{\"@id\":\"https:\/\/hebes.nadlo.ch\/fr\/conseils\/#primaryimage\"},\"thumbnailUrl\":\"https:\/\/hebes.nadlo.ch\/wp-content\/uploads\/2019\/03\/header_beratung_neu.jpg\",\"datePublished\":\"2019-10-10T11:24:52+00:00\",\"dateModified\":\"2019-10-21T11:54:01+00:00\",\"inLanguage\":\"fr-FR\",\"potentialAction\":[{\"@type\":\"ReadAction\",\"target\":[\"https:\/\/hebes.nadlo.ch\/fr\/conseils\/\"]}]},{\"@type\":\"ImageObject\",\"inLanguage\":\"fr-FR\",\"@id\":\"https:\/\/hebes.nadlo.ch\/fr\/conseils\/#primaryimage\",\"url\":\"https:\/\/hebes.nadlo.ch\/wp-content\/uploads\/2019\/03\/header_beratung_neu.jpg\",\"contentUrl\":\"https:\/\/hebes.nadlo.ch\/wp-content\/uploads\/2019\/03\/header_beratung_neu.jpg\",\"width\":1920,\"height\":963},{\"@type\":\"WebSite\",\"@id\":\"https:\/\/hebes.nadlo.ch\/#website\",\"url\":\"https:\/\/hebes.nadlo.ch\/\",\"name\":\"Hebes\",\"description\":\"\",\"potentialAction\":[{\"@type\":\"SearchAction\",\"target\":{\"@type\":\"EntryPoint\",\"urlTemplate\":\"https:\/\/hebes.nadlo.ch\/?s={search_term_string}\"},\"query-input\":{\"@type\":\"PropertyValueSpecification\",\"valueRequired\":true,\"valueName\":\"search_term_string\"}}],\"inLanguage\":\"fr-FR\"}]}<\/script>\n<!-- \/ Yoast SEO plugin. -->","yoast_head_json":{"title":"Conseils - Hebes","robots":{"index":"index","follow":"follow","max-snippet":"max-snippet:-1","max-image-preview":"max-image-preview:large","max-video-preview":"max-video-preview:-1"},"canonical":"https:\/\/hebes.nadlo.ch\/fr\/conseils\/","og_locale":"fr_FR","og_type":"article","og_title":"Conseils - Hebes","og_description":"Nos prestations de conseil d\u00e9taill\u00e9es Strat\u00e9gie et gestion Analyse des structures et des processus de gestion Mise au point de r\u00e8glements organisationnels Coordination de la coop\u00e9ration entre la gestion strat\u00e9gique et la gestion op\u00e9rationnelle Accompagnement dans les discussions portant sur la strat\u00e9gie \u00c9laboration d\u2019un plan d\u2019activit\u00e9 Gestion et ressources en mati\u00e8re de soins Aide aux [&hellip;]","og_url":"https:\/\/hebes.nadlo.ch\/fr\/conseils\/","og_site_name":"Hebes","article_modified_time":"2019-10-21T11:54:01+00:00","og_image":[{"width":1920,"height":963,"url":"https:\/\/hebes.nadlo.ch\/wp-content\/uploads\/2019\/03\/header_beratung_neu.jpg","type":"image\/jpeg"}],"twitter_card":"summary_large_image","twitter_misc":{"Dur\u00e9e de lecture estim\u00e9e":"2 minutes"},"schema":{"@context":"https:\/\/schema.org","@graph":[{"@type":"WebPage","@id":"https:\/\/hebes.nadlo.ch\/fr\/conseils\/","url":"https:\/\/hebes.nadlo.ch\/fr\/conseils\/","name":"Conseils - Hebes","isPartOf":{"@id":"https:\/\/hebes.nadlo.ch\/#website"},"primaryImageOfPage":{"@id":"https:\/\/hebes.nadlo.ch\/fr\/conseils\/#primaryimage"},"image":{"@id":"https:\/\/hebes.nadlo.ch\/fr\/conseils\/#primaryimage"},"thumbnailUrl":"https:\/\/hebes.nadlo.ch\/wp-content\/uploads\/2019\/03\/header_beratung_neu.jpg","datePublished":"2019-10-10T11:24:52+00:00","dateModified":"2019-10-21T11:54:01+00:00","inLanguage":"fr-FR","potentialAction":[{"@type":"ReadAction","target":["https:\/\/hebes.nadlo.ch\/fr\/conseils\/"]}]},{"@type":"ImageObject","inLanguage":"fr-FR","@id":"https:\/\/hebes.nadlo.ch\/fr\/conseils\/#primaryimage","url":"https:\/\/hebes.nadlo.ch\/wp-content\/uploads\/2019\/03\/header_beratung_neu.jpg","contentUrl":"https:\/\/hebes.nadlo.ch\/wp-content\/uploads\/2019\/03\/header_beratung_neu.jpg","width":1920,"height":963},{"@type":"WebSite","@id":"https:\/\/hebes.nadlo.ch\/#website","url":"https:\/\/hebes.nadlo.ch\/","name":"Hebes","description":"","potentialAction":[{"@type":"SearchAction","target":{"@type":"EntryPoint","urlTemplate":"https:\/\/hebes.nadlo.ch\/?s={search_term_string}"},"query-input":{"@type":"PropertyValueSpecification","valueRequired":true,"valueName":"search_term_string"}}],"inLanguage":"fr-FR"}]}},"_links":{"self":[{"href":"https:\/\/hebes.nadlo.ch\/fr\/wp-json\/wp\/v2\/pages\/2137","targetHints":{"allow":["GET"]}}],"collection":[{"href":"https:\/\/hebes.nadlo.ch\/fr\/wp-json\/wp\/v2\/pages"}],"about":[{"href":"https:\/\/hebes.nadlo.ch\/fr\/wp-json\/wp\/v2\/types\/page"}],"author":[{"embeddable":true,"href":"https:\/\/hebes.nadlo.ch\/fr\/wp-json\/wp\/v2\/users\/1"}],"replies":[{"embeddable":true,"href":"https:\/\/hebes.nadlo.ch\/fr\/wp-json\/wp\/v2\/comments?post=2137"}],"version-history":[{"count":7,"href":"https:\/\/hebes.nadlo.ch\/fr\/wp-json\/wp\/v2\/pages\/2137\/revisions"}],"predecessor-version":[{"id":2252,"href":"https:\/\/hebes.nadlo.ch\/fr\/wp-json\/wp\/v2\/pages\/2137\/revisions\/2252"}],"wp:featuredmedia":[{"embeddable":true,"href":"https:\/\/hebes.nadlo.ch\/fr\/wp-json\/wp\/v2\/media\/2139"}],"wp:attachment":[{"href":"https:\/\/hebes.nadlo.ch\/fr\/wp-json\/wp\/v2\/media?parent=2137"}],"curies":[{"name":"wp","href":"https:\/\/api.w.org\/{rel}","templated":true}]}}