{"id":2141,"date":"2019-10-10T11:29:55","date_gmt":"2019-10-10T11:29:55","guid":{"rendered":"https:\/\/hebes.nadlo.ch\/?page_id=2141"},"modified":"2019-10-21T11:51:29","modified_gmt":"2019-10-21T11:51:29","slug":"quisommesnous","status":"publish","type":"page","link":"https:\/\/hebes.nadlo.ch\/fr\/quisommesnous\/","title":{"rendered":"Qui sommes-nous?"},"content":{"rendered":"<h2 class=\"font-about-sp\"><span style=\"color: #999999;\">La plateforme de benchmark HEBES est g\u00e9r\u00e9e et continuellement d\u00e9velopp\u00e9e par la soci\u00e9t\u00e9 Keller Unternehmensberatung AG.<\/span><\/h2>\n<div class=\"row\">\n<div class=\"col-sm-2 col-12 mb-sm-0 mb-3\"><img loading=\"lazy\" decoding=\"async\" class=\"alignnone wp-image-1178 size-full\" src=\"https:\/\/xrqkobznm.cyon.link\/wp-content\/uploads\/2019\/03\/Keller-small.gif\" alt=\"\" width=\"87\" height=\"226\"><\/div>\n<div class=\"col-sm-10 col-12\">\n<p>La plateforme HEBES a \u00e9t\u00e9 d\u00e9velopp\u00e9e en Suisse par la soci\u00e9t\u00e9 Nexplore AG pour le compte de Keller Unternehmensberatung AG et est disponible sur ordinateur en Suisse via la soci\u00e9t\u00e9 SmartIT Services AG.<\/p>\n<p>Keller Unternehmensberatung AG est une soci\u00e9t\u00e9 de conseil sp\u00e9cialis\u00e9e dans le domaine de la sant\u00e9 et le secteur public. Retrouverez nos prestations, en particulier pour les institutions de longue dur\u00e9e, dans la section <a href=\"https:\/\/hebes.nadlo.ch\/fr\/beratung\/\">Conseils<\/a> ou sur notre page d&rsquo;accueil du site <a href=\"https:\/\/www.keller-beratung.ch\/\" target=\"_blank\" rel=\"noopener noreferrer\">www.keller-beratung.ch<\/a><\/p>\n<\/div>\n<\/div>\n","protected":false},"excerpt":{"rendered":"<p>La plateforme de benchmark HEBES est g\u00e9r\u00e9e et continuellement d\u00e9velopp\u00e9e par la soci\u00e9t\u00e9 Keller Unternehmensberatung AG. La plateforme HEBES a \u00e9t\u00e9 d\u00e9velopp\u00e9e en Suisse par la soci\u00e9t\u00e9 Nexplore AG pour le compte de Keller Unternehmensberatung AG et est disponible sur ordinateur en Suisse via la soci\u00e9t\u00e9 SmartIT Services AG. Keller Unternehmensberatung AG est une soci\u00e9t\u00e9 [&hellip;]<\/p>\n","protected":false},"author":1,"featured_media":2145,"parent":0,"menu_order":0,"comment_status":"closed","ping_status":"closed","template":"template\/simple-page.php","meta":{"_acf_changed":false,"footnotes":""},"class_list":["post-2141","page","type-page","status-publish","has-post-thumbnail","hentry"],"acf":[],"yoast_head":"<!-- This site is optimized with the Yoast SEO plugin v26.9 - https:\/\/yoast.com\/product\/yoast-seo-wordpress\/ -->\n<title>Qui sommes-nous? - Hebes<\/title>\n<meta name=\"robots\" content=\"index, follow, max-snippet:-1, max-image-preview:large, max-video-preview:-1\" \/>\n<link rel=\"canonical\" href=\"https:\/\/hebes.nadlo.ch\/fr\/quisommesnous\/\" \/>\n<meta property=\"og:locale\" content=\"fr_FR\" \/>\n<meta property=\"og:type\" content=\"article\" \/>\n<meta property=\"og:title\" content=\"Qui sommes-nous? - Hebes\" \/>\n<meta property=\"og:description\" content=\"La plateforme de benchmark HEBES est g\u00e9r\u00e9e et continuellement d\u00e9velopp\u00e9e par la soci\u00e9t\u00e9 Keller Unternehmensberatung AG. La plateforme HEBES a \u00e9t\u00e9 d\u00e9velopp\u00e9e en Suisse par la soci\u00e9t\u00e9 Nexplore AG pour le compte de Keller Unternehmensberatung AG et est disponible sur ordinateur en Suisse via la soci\u00e9t\u00e9 SmartIT Services AG. Keller Unternehmensberatung AG est une soci\u00e9t\u00e9 [&hellip;]\" \/>\n<meta property=\"og:url\" content=\"https:\/\/hebes.nadlo.ch\/fr\/quisommesnous\/\" \/>\n<meta property=\"og:site_name\" content=\"Hebes\" \/>\n<meta property=\"article:modified_time\" content=\"2019-10-21T11:51:29+00:00\" \/>\n<meta property=\"og:image\" content=\"https:\/\/hebes.nadlo.ch\/wp-content\/uploads\/2019\/03\/NEU_header_ueberuns.jpg\" \/>\n\t<meta property=\"og:image:width\" content=\"1920\" \/>\n\t<meta property=\"og:image:height\" content=\"963\" \/>\n\t<meta property=\"og:image:type\" content=\"image\/jpeg\" \/>\n<meta name=\"twitter:card\" content=\"summary_large_image\" \/>\n<meta name=\"twitter:label1\" content=\"Dur\u00e9e de lecture estim\u00e9e\" \/>\n\t<meta name=\"twitter:data1\" content=\"1 minute\" \/>\n<script type=\"application\/ld+json\" class=\"yoast-schema-graph\">{\"@context\":\"https:\/\/schema.org\",\"@graph\":[{\"@type\":\"WebPage\",\"@id\":\"https:\/\/hebes.nadlo.ch\/fr\/quisommesnous\/\",\"url\":\"https:\/\/hebes.nadlo.ch\/fr\/quisommesnous\/\",\"name\":\"Qui sommes-nous? - Hebes\",\"isPartOf\":{\"@id\":\"https:\/\/hebes.nadlo.ch\/#website\"},\"primaryImageOfPage\":{\"@id\":\"https:\/\/hebes.nadlo.ch\/fr\/quisommesnous\/#primaryimage\"},\"image\":{\"@id\":\"https:\/\/hebes.nadlo.ch\/fr\/quisommesnous\/#primaryimage\"},\"thumbnailUrl\":\"https:\/\/hebes.nadlo.ch\/wp-content\/uploads\/2019\/03\/NEU_header_ueberuns.jpg\",\"datePublished\":\"2019-10-10T11:29:55+00:00\",\"dateModified\":\"2019-10-21T11:51:29+00:00\",\"inLanguage\":\"fr-FR\",\"potentialAction\":[{\"@type\":\"ReadAction\",\"target\":[\"https:\/\/hebes.nadlo.ch\/fr\/quisommesnous\/\"]}]},{\"@type\":\"ImageObject\",\"inLanguage\":\"fr-FR\",\"@id\":\"https:\/\/hebes.nadlo.ch\/fr\/quisommesnous\/#primaryimage\",\"url\":\"https:\/\/hebes.nadlo.ch\/wp-content\/uploads\/2019\/03\/NEU_header_ueberuns.jpg\",\"contentUrl\":\"https:\/\/hebes.nadlo.ch\/wp-content\/uploads\/2019\/03\/NEU_header_ueberuns.jpg\",\"width\":1920,\"height\":963},{\"@type\":\"WebSite\",\"@id\":\"https:\/\/hebes.nadlo.ch\/#website\",\"url\":\"https:\/\/hebes.nadlo.ch\/\",\"name\":\"Hebes\",\"description\":\"\",\"potentialAction\":[{\"@type\":\"SearchAction\",\"target\":{\"@type\":\"EntryPoint\",\"urlTemplate\":\"https:\/\/hebes.nadlo.ch\/?s={search_term_string}\"},\"query-input\":{\"@type\":\"PropertyValueSpecification\",\"valueRequired\":true,\"valueName\":\"search_term_string\"}}],\"inLanguage\":\"fr-FR\"}]}<\/script>\n<!-- \/ Yoast SEO plugin. -->","yoast_head_json":{"title":"Qui sommes-nous? - Hebes","robots":{"index":"index","follow":"follow","max-snippet":"max-snippet:-1","max-image-preview":"max-image-preview:large","max-video-preview":"max-video-preview:-1"},"canonical":"https:\/\/hebes.nadlo.ch\/fr\/quisommesnous\/","og_locale":"fr_FR","og_type":"article","og_title":"Qui sommes-nous? - Hebes","og_description":"La plateforme de benchmark HEBES est g\u00e9r\u00e9e et continuellement d\u00e9velopp\u00e9e par la soci\u00e9t\u00e9 Keller Unternehmensberatung AG. La plateforme HEBES a \u00e9t\u00e9 d\u00e9velopp\u00e9e en Suisse par la soci\u00e9t\u00e9 Nexplore AG pour le compte de Keller Unternehmensberatung AG et est disponible sur ordinateur en Suisse via la soci\u00e9t\u00e9 SmartIT Services AG. Keller Unternehmensberatung AG est une soci\u00e9t\u00e9 [&hellip;]","og_url":"https:\/\/hebes.nadlo.ch\/fr\/quisommesnous\/","og_site_name":"Hebes","article_modified_time":"2019-10-21T11:51:29+00:00","og_image":[{"width":1920,"height":963,"url":"https:\/\/hebes.nadlo.ch\/wp-content\/uploads\/2019\/03\/NEU_header_ueberuns.jpg","type":"image\/jpeg"}],"twitter_card":"summary_large_image","twitter_misc":{"Dur\u00e9e de lecture estim\u00e9e":"1 minute"},"schema":{"@context":"https:\/\/schema.org","@graph":[{"@type":"WebPage","@id":"https:\/\/hebes.nadlo.ch\/fr\/quisommesnous\/","url":"https:\/\/hebes.nadlo.ch\/fr\/quisommesnous\/","name":"Qui sommes-nous? - Hebes","isPartOf":{"@id":"https:\/\/hebes.nadlo.ch\/#website"},"primaryImageOfPage":{"@id":"https:\/\/hebes.nadlo.ch\/fr\/quisommesnous\/#primaryimage"},"image":{"@id":"https:\/\/hebes.nadlo.ch\/fr\/quisommesnous\/#primaryimage"},"thumbnailUrl":"https:\/\/hebes.nadlo.ch\/wp-content\/uploads\/2019\/03\/NEU_header_ueberuns.jpg","datePublished":"2019-10-10T11:29:55+00:00","dateModified":"2019-10-21T11:51:29+00:00","inLanguage":"fr-FR","potentialAction":[{"@type":"ReadAction","target":["https:\/\/hebes.nadlo.ch\/fr\/quisommesnous\/"]}]},{"@type":"ImageObject","inLanguage":"fr-FR","@id":"https:\/\/hebes.nadlo.ch\/fr\/quisommesnous\/#primaryimage","url":"https:\/\/hebes.nadlo.ch\/wp-content\/uploads\/2019\/03\/NEU_header_ueberuns.jpg","contentUrl":"https:\/\/hebes.nadlo.ch\/wp-content\/uploads\/2019\/03\/NEU_header_ueberuns.jpg","width":1920,"height":963},{"@type":"WebSite","@id":"https:\/\/hebes.nadlo.ch\/#website","url":"https:\/\/hebes.nadlo.ch\/","name":"Hebes","description":"","potentialAction":[{"@type":"SearchAction","target":{"@type":"EntryPoint","urlTemplate":"https:\/\/hebes.nadlo.ch\/?s={search_term_string}"},"query-input":{"@type":"PropertyValueSpecification","valueRequired":true,"valueName":"search_term_string"}}],"inLanguage":"fr-FR"}]}},"_links":{"self":[{"href":"https:\/\/hebes.nadlo.ch\/fr\/wp-json\/wp\/v2\/pages\/2141","targetHints":{"allow":["GET"]}}],"collection":[{"href":"https:\/\/hebes.nadlo.ch\/fr\/wp-json\/wp\/v2\/pages"}],"about":[{"href":"https:\/\/hebes.nadlo.ch\/fr\/wp-json\/wp\/v2\/types\/page"}],"author":[{"embeddable":true,"href":"https:\/\/hebes.nadlo.ch\/fr\/wp-json\/wp\/v2\/users\/1"}],"replies":[{"embeddable":true,"href":"https:\/\/hebes.nadlo.ch\/fr\/wp-json\/wp\/v2\/comments?post=2141"}],"version-history":[{"count":4,"href":"https:\/\/hebes.nadlo.ch\/fr\/wp-json\/wp\/v2\/pages\/2141\/revisions"}],"predecessor-version":[{"id":2293,"href":"https:\/\/hebes.nadlo.ch\/fr\/wp-json\/wp\/v2\/pages\/2141\/revisions\/2293"}],"wp:featuredmedia":[{"embeddable":true,"href":"https:\/\/hebes.nadlo.ch\/fr\/wp-json\/wp\/v2\/media\/2145"}],"wp:attachment":[{"href":"https:\/\/hebes.nadlo.ch\/fr\/wp-json\/wp\/v2\/media?parent=2141"}],"curies":[{"name":"wp","href":"https:\/\/api.w.org\/{rel}","templated":true}]}}