{"id":2148,"date":"2018-12-23T20:20:51","date_gmt":"2018-12-23T20:20:51","guid":{"rendered":"https:\/\/hebes.nadlo.ch\/?page_id=2148"},"modified":"2021-12-20T18:41:14","modified_gmt":"2021-12-20T18:41:14","slug":"vosinterlocuteurs","status":"publish","type":"page","link":"https:\/\/hebes.nadlo.ch\/fr\/quisommesnous\/vosinterlocuteurs\/","title":{"rendered":"Vos interlocuteurs"},"content":{"rendered":"<h3><span style=\"color: #999999;\">HEBES est exploit\u00e9 et d\u00e9velopp\u00e9 par la soci\u00e9t\u00e9 Keller Unternehmensberatung AG, une soci\u00e9t\u00e9 de conseil sp\u00e9cialis\u00e9e dans le domaine de la sant\u00e9 et le secteur public.<\/span><\/h3>\n<p><!--EndFragment--><\/p>\n","protected":false},"excerpt":{"rendered":"<p>HEBES est exploit\u00e9 et d\u00e9velopp\u00e9 par la soci\u00e9t\u00e9 Keller Unternehmensberatung AG, une soci\u00e9t\u00e9 de conseil sp\u00e9cialis\u00e9e dans le domaine de la sant\u00e9 et le secteur public.<\/p>\n","protected":false},"author":1,"featured_media":2145,"parent":2141,"menu_order":0,"comment_status":"closed","ping_status":"closed","template":"template\/simple-page.php","meta":{"_acf_changed":false,"footnotes":""},"class_list":["post-2148","page","type-page","status-publish","has-post-thumbnail","hentry"],"acf":[],"yoast_head":"<!-- This site is optimized with the Yoast SEO plugin v26.9 - https:\/\/yoast.com\/product\/yoast-seo-wordpress\/ -->\n<title>Vos interlocuteurs - Hebes<\/title>\n<meta name=\"robots\" content=\"index, follow, max-snippet:-1, max-image-preview:large, max-video-preview:-1\" \/>\n<link rel=\"canonical\" href=\"https:\/\/hebes.nadlo.ch\/fr\/quisommesnous\/vosinterlocuteurs\/\" \/>\n<meta property=\"og:locale\" content=\"fr_FR\" \/>\n<meta property=\"og:type\" content=\"article\" \/>\n<meta property=\"og:title\" content=\"Vos interlocuteurs - Hebes\" \/>\n<meta property=\"og:description\" content=\"HEBES est exploit\u00e9 et d\u00e9velopp\u00e9 par la soci\u00e9t\u00e9 Keller Unternehmensberatung AG, une soci\u00e9t\u00e9 de conseil sp\u00e9cialis\u00e9e dans le domaine de la sant\u00e9 et le secteur public.\" \/>\n<meta property=\"og:url\" content=\"https:\/\/hebes.nadlo.ch\/fr\/quisommesnous\/vosinterlocuteurs\/\" \/>\n<meta property=\"og:site_name\" content=\"Hebes\" \/>\n<meta property=\"article:modified_time\" content=\"2021-12-20T18:41:14+00:00\" \/>\n<meta property=\"og:image\" content=\"https:\/\/hebes.nadlo.ch\/wp-content\/uploads\/2019\/03\/NEU_header_ueberuns.jpg\" \/>\n\t<meta property=\"og:image:width\" content=\"1920\" \/>\n\t<meta property=\"og:image:height\" content=\"963\" \/>\n\t<meta property=\"og:image:type\" content=\"image\/jpeg\" \/>\n<meta name=\"twitter:card\" content=\"summary_large_image\" \/>\n<meta name=\"twitter:label1\" content=\"Dur\u00e9e de lecture estim\u00e9e\" \/>\n\t<meta name=\"twitter:data1\" content=\"1 minute\" \/>\n<script type=\"application\/ld+json\" class=\"yoast-schema-graph\">{\"@context\":\"https:\/\/schema.org\",\"@graph\":[{\"@type\":\"WebPage\",\"@id\":\"https:\/\/hebes.nadlo.ch\/fr\/quisommesnous\/vosinterlocuteurs\/\",\"url\":\"https:\/\/hebes.nadlo.ch\/fr\/quisommesnous\/vosinterlocuteurs\/\",\"name\":\"Vos interlocuteurs - Hebes\",\"isPartOf\":{\"@id\":\"https:\/\/hebes.nadlo.ch\/#website\"},\"primaryImageOfPage\":{\"@id\":\"https:\/\/hebes.nadlo.ch\/fr\/quisommesnous\/vosinterlocuteurs\/#primaryimage\"},\"image\":{\"@id\":\"https:\/\/hebes.nadlo.ch\/fr\/quisommesnous\/vosinterlocuteurs\/#primaryimage\"},\"thumbnailUrl\":\"https:\/\/hebes.nadlo.ch\/wp-content\/uploads\/2019\/03\/NEU_header_ueberuns.jpg\",\"datePublished\":\"2018-12-23T20:20:51+00:00\",\"dateModified\":\"2021-12-20T18:41:14+00:00\",\"breadcrumb\":{\"@id\":\"https:\/\/hebes.nadlo.ch\/fr\/quisommesnous\/vosinterlocuteurs\/#breadcrumb\"},\"inLanguage\":\"fr-FR\",\"potentialAction\":[{\"@type\":\"ReadAction\",\"target\":[\"https:\/\/hebes.nadlo.ch\/fr\/quisommesnous\/vosinterlocuteurs\/\"]}]},{\"@type\":\"ImageObject\",\"inLanguage\":\"fr-FR\",\"@id\":\"https:\/\/hebes.nadlo.ch\/fr\/quisommesnous\/vosinterlocuteurs\/#primaryimage\",\"url\":\"https:\/\/hebes.nadlo.ch\/wp-content\/uploads\/2019\/03\/NEU_header_ueberuns.jpg\",\"contentUrl\":\"https:\/\/hebes.nadlo.ch\/wp-content\/uploads\/2019\/03\/NEU_header_ueberuns.jpg\",\"width\":1920,\"height\":963},{\"@type\":\"BreadcrumbList\",\"@id\":\"https:\/\/hebes.nadlo.ch\/fr\/quisommesnous\/vosinterlocuteurs\/#breadcrumb\",\"itemListElement\":[{\"@type\":\"ListItem\",\"position\":1,\"name\":\"Qui sommes-nous?\",\"item\":\"https:\/\/hebes.nadlo.ch\/fr\/quisommesnous\/\"},{\"@type\":\"ListItem\",\"position\":2,\"name\":\"Vos interlocuteurs\"}]},{\"@type\":\"WebSite\",\"@id\":\"https:\/\/hebes.nadlo.ch\/#website\",\"url\":\"https:\/\/hebes.nadlo.ch\/\",\"name\":\"Hebes\",\"description\":\"\",\"potentialAction\":[{\"@type\":\"SearchAction\",\"target\":{\"@type\":\"EntryPoint\",\"urlTemplate\":\"https:\/\/hebes.nadlo.ch\/?s={search_term_string}\"},\"query-input\":{\"@type\":\"PropertyValueSpecification\",\"valueRequired\":true,\"valueName\":\"search_term_string\"}}],\"inLanguage\":\"fr-FR\"}]}<\/script>\n<!-- \/ Yoast SEO plugin. -->","yoast_head_json":{"title":"Vos interlocuteurs - Hebes","robots":{"index":"index","follow":"follow","max-snippet":"max-snippet:-1","max-image-preview":"max-image-preview:large","max-video-preview":"max-video-preview:-1"},"canonical":"https:\/\/hebes.nadlo.ch\/fr\/quisommesnous\/vosinterlocuteurs\/","og_locale":"fr_FR","og_type":"article","og_title":"Vos interlocuteurs - Hebes","og_description":"HEBES est exploit\u00e9 et d\u00e9velopp\u00e9 par la soci\u00e9t\u00e9 Keller Unternehmensberatung AG, une soci\u00e9t\u00e9 de conseil sp\u00e9cialis\u00e9e dans le domaine de la sant\u00e9 et le secteur public.","og_url":"https:\/\/hebes.nadlo.ch\/fr\/quisommesnous\/vosinterlocuteurs\/","og_site_name":"Hebes","article_modified_time":"2021-12-20T18:41:14+00:00","og_image":[{"width":1920,"height":963,"url":"https:\/\/hebes.nadlo.ch\/wp-content\/uploads\/2019\/03\/NEU_header_ueberuns.jpg","type":"image\/jpeg"}],"twitter_card":"summary_large_image","twitter_misc":{"Dur\u00e9e de lecture estim\u00e9e":"1 minute"},"schema":{"@context":"https:\/\/schema.org","@graph":[{"@type":"WebPage","@id":"https:\/\/hebes.nadlo.ch\/fr\/quisommesnous\/vosinterlocuteurs\/","url":"https:\/\/hebes.nadlo.ch\/fr\/quisommesnous\/vosinterlocuteurs\/","name":"Vos interlocuteurs - Hebes","isPartOf":{"@id":"https:\/\/hebes.nadlo.ch\/#website"},"primaryImageOfPage":{"@id":"https:\/\/hebes.nadlo.ch\/fr\/quisommesnous\/vosinterlocuteurs\/#primaryimage"},"image":{"@id":"https:\/\/hebes.nadlo.ch\/fr\/quisommesnous\/vosinterlocuteurs\/#primaryimage"},"thumbnailUrl":"https:\/\/hebes.nadlo.ch\/wp-content\/uploads\/2019\/03\/NEU_header_ueberuns.jpg","datePublished":"2018-12-23T20:20:51+00:00","dateModified":"2021-12-20T18:41:14+00:00","breadcrumb":{"@id":"https:\/\/hebes.nadlo.ch\/fr\/quisommesnous\/vosinterlocuteurs\/#breadcrumb"},"inLanguage":"fr-FR","potentialAction":[{"@type":"ReadAction","target":["https:\/\/hebes.nadlo.ch\/fr\/quisommesnous\/vosinterlocuteurs\/"]}]},{"@type":"ImageObject","inLanguage":"fr-FR","@id":"https:\/\/hebes.nadlo.ch\/fr\/quisommesnous\/vosinterlocuteurs\/#primaryimage","url":"https:\/\/hebes.nadlo.ch\/wp-content\/uploads\/2019\/03\/NEU_header_ueberuns.jpg","contentUrl":"https:\/\/hebes.nadlo.ch\/wp-content\/uploads\/2019\/03\/NEU_header_ueberuns.jpg","width":1920,"height":963},{"@type":"BreadcrumbList","@id":"https:\/\/hebes.nadlo.ch\/fr\/quisommesnous\/vosinterlocuteurs\/#breadcrumb","itemListElement":[{"@type":"ListItem","position":1,"name":"Qui sommes-nous?","item":"https:\/\/hebes.nadlo.ch\/fr\/quisommesnous\/"},{"@type":"ListItem","position":2,"name":"Vos interlocuteurs"}]},{"@type":"WebSite","@id":"https:\/\/hebes.nadlo.ch\/#website","url":"https:\/\/hebes.nadlo.ch\/","name":"Hebes","description":"","potentialAction":[{"@type":"SearchAction","target":{"@type":"EntryPoint","urlTemplate":"https:\/\/hebes.nadlo.ch\/?s={search_term_string}"},"query-input":{"@type":"PropertyValueSpecification","valueRequired":true,"valueName":"search_term_string"}}],"inLanguage":"fr-FR"}]}},"_links":{"self":[{"href":"https:\/\/hebes.nadlo.ch\/fr\/wp-json\/wp\/v2\/pages\/2148","targetHints":{"allow":["GET"]}}],"collection":[{"href":"https:\/\/hebes.nadlo.ch\/fr\/wp-json\/wp\/v2\/pages"}],"about":[{"href":"https:\/\/hebes.nadlo.ch\/fr\/wp-json\/wp\/v2\/types\/page"}],"author":[{"embeddable":true,"href":"https:\/\/hebes.nadlo.ch\/fr\/wp-json\/wp\/v2\/users\/1"}],"replies":[{"embeddable":true,"href":"https:\/\/hebes.nadlo.ch\/fr\/wp-json\/wp\/v2\/comments?post=2148"}],"version-history":[{"count":13,"href":"https:\/\/hebes.nadlo.ch\/fr\/wp-json\/wp\/v2\/pages\/2148\/revisions"}],"predecessor-version":[{"id":2510,"href":"https:\/\/hebes.nadlo.ch\/fr\/wp-json\/wp\/v2\/pages\/2148\/revisions\/2510"}],"up":[{"embeddable":true,"href":"https:\/\/hebes.nadlo.ch\/fr\/wp-json\/wp\/v2\/pages\/2141"}],"wp:featuredmedia":[{"embeddable":true,"href":"https:\/\/hebes.nadlo.ch\/fr\/wp-json\/wp\/v2\/media\/2145"}],"wp:attachment":[{"href":"https:\/\/hebes.nadlo.ch\/fr\/wp-json\/wp\/v2\/media?parent=2148"}],"curies":[{"name":"wp","href":"https:\/\/api.w.org\/{rel}","templated":true}]}}