{"id":2199,"date":"2019-10-10T11:40:47","date_gmt":"2019-10-10T11:40:47","guid":{"rendered":"https:\/\/hebes.nadlo.ch\/?page_id=2199"},"modified":"2019-10-21T11:47:48","modified_gmt":"2019-10-21T11:47:48","slug":"assistance","status":"publish","type":"page","link":"https:\/\/hebes.nadlo.ch\/fr\/assistance\/","title":{"rendered":"Assistance"},"content":{"rendered":"<h3 class=\"editor-rich-text__tinymce mce-content-body\" role=\"textbox\" aria-label=\"Write heading\u2026\" aria-autocomplete=\"list\" aria-multiline=\"true\" data-is-placeholder-visible=\"false\" contenteditable=\"true\"><span style=\"color: #999999;\">Nous sommes heureux de vous venir en aide!<\/span><\/h3>\n\n\n<p>Pour toutes questions d&rsquo;assistance, les options de contact suivantes sont disponibles<\/p>\n\n\n\n<p> T\u00e9l\u00e9phone <a href=\"tel:+41564830510\">+41 56 483 05 10<\/a><br><p><a class=\"hidden-email\" href=\"\" data-before_at=\"support\" data-after_at=\"keller-beratung.ch\">hidden<\/a><\/p> <\/p>\n\n\n\n<p>Gr\u00e2ce \u00e0 TeamViewer et en collaboration avec nos conseillers nous vous assistons \u00e9galement \u00e0 distance:<\/p>\n\n\n\n<p><a rel=\"noreferrer noopener\" aria-label=\"Login Team-Viewer (opens in a new tab)\" href=\"https:\/\/www.keller-beratung.ch\/wp-content\/oeffentlich\/Keller_TeamViewerQS_de.exe\" target=\"_blank\">Se connecter \u00e0 Team-Viewer<\/a><\/p>\n\n\n\n<figure class=\"wp-block-image\"><a href=\"https:\/\/www.keller-beratung.ch\/wp-content\/oeffentlich\/Keller_TeamViewerQS_de.exe\"><img decoding=\"async\" src=\"https:\/\/www.keller-beratung.ch\/wp-content\/uploads\/2019\/06\/TeamViewer.jpg\" alt=\"\" class=\"wp-image-1920\"\/><\/a><\/figure>\n","protected":false},"excerpt":{"rendered":"<p>Nous sommes heureux de vous venir en aide! Pour toutes questions d&rsquo;assistance, les options de contact suivantes sont disponibles T\u00e9l\u00e9phone +41 56 483 05 10 Gr\u00e2ce \u00e0 TeamViewer et en collaboration avec nos conseillers nous vous assistons \u00e9galement \u00e0 distance: Se connecter \u00e0 Team-Viewer<\/p>\n","protected":false},"author":1,"featured_media":0,"parent":0,"menu_order":0,"comment_status":"closed","ping_status":"closed","template":"","meta":{"_acf_changed":false,"footnotes":""},"class_list":["post-2199","page","type-page","status-publish","hentry"],"acf":[],"yoast_head":"<!-- This site is optimized with the Yoast SEO plugin v26.9 - https:\/\/yoast.com\/product\/yoast-seo-wordpress\/ -->\n<title>Assistance - Hebes<\/title>\n<meta name=\"robots\" content=\"index, follow, max-snippet:-1, max-image-preview:large, max-video-preview:-1\" \/>\n<link rel=\"canonical\" href=\"https:\/\/hebes.nadlo.ch\/fr\/assistance\/\" \/>\n<meta property=\"og:locale\" content=\"fr_FR\" \/>\n<meta property=\"og:type\" content=\"article\" \/>\n<meta property=\"og:title\" content=\"Assistance - Hebes\" \/>\n<meta property=\"og:description\" content=\"Nous sommes heureux de vous venir en aide! Pour toutes questions d&rsquo;assistance, les options de contact suivantes sont disponibles T\u00e9l\u00e9phone +41 56 483 05 10 Gr\u00e2ce \u00e0 TeamViewer et en collaboration avec nos conseillers nous vous assistons \u00e9galement \u00e0 distance: Se connecter \u00e0 Team-Viewer\" \/>\n<meta property=\"og:url\" content=\"https:\/\/hebes.nadlo.ch\/fr\/assistance\/\" \/>\n<meta property=\"og:site_name\" content=\"Hebes\" \/>\n<meta property=\"article:modified_time\" content=\"2019-10-21T11:47:48+00:00\" \/>\n<meta property=\"og:image\" content=\"https:\/\/www.keller-beratung.ch\/wp-content\/uploads\/2019\/06\/TeamViewer.jpg\" \/>\n<meta name=\"twitter:card\" content=\"summary_large_image\" \/>\n<script type=\"application\/ld+json\" class=\"yoast-schema-graph\">{\"@context\":\"https:\/\/schema.org\",\"@graph\":[{\"@type\":\"WebPage\",\"@id\":\"https:\/\/hebes.nadlo.ch\/fr\/assistance\/\",\"url\":\"https:\/\/hebes.nadlo.ch\/fr\/assistance\/\",\"name\":\"Assistance - Hebes\",\"isPartOf\":{\"@id\":\"https:\/\/hebes.nadlo.ch\/#website\"},\"primaryImageOfPage\":{\"@id\":\"https:\/\/hebes.nadlo.ch\/fr\/assistance\/#primaryimage\"},\"image\":{\"@id\":\"https:\/\/hebes.nadlo.ch\/fr\/assistance\/#primaryimage\"},\"thumbnailUrl\":\"https:\/\/www.keller-beratung.ch\/wp-content\/uploads\/2019\/06\/TeamViewer.jpg\",\"datePublished\":\"2019-10-10T11:40:47+00:00\",\"dateModified\":\"2019-10-21T11:47:48+00:00\",\"inLanguage\":\"fr-FR\",\"potentialAction\":[{\"@type\":\"ReadAction\",\"target\":[\"https:\/\/hebes.nadlo.ch\/fr\/assistance\/\"]}]},{\"@type\":\"ImageObject\",\"inLanguage\":\"fr-FR\",\"@id\":\"https:\/\/hebes.nadlo.ch\/fr\/assistance\/#primaryimage\",\"url\":\"https:\/\/www.keller-beratung.ch\/wp-content\/uploads\/2019\/06\/TeamViewer.jpg\",\"contentUrl\":\"https:\/\/www.keller-beratung.ch\/wp-content\/uploads\/2019\/06\/TeamViewer.jpg\"},{\"@type\":\"WebSite\",\"@id\":\"https:\/\/hebes.nadlo.ch\/#website\",\"url\":\"https:\/\/hebes.nadlo.ch\/\",\"name\":\"Hebes\",\"description\":\"\",\"potentialAction\":[{\"@type\":\"SearchAction\",\"target\":{\"@type\":\"EntryPoint\",\"urlTemplate\":\"https:\/\/hebes.nadlo.ch\/?s={search_term_string}\"},\"query-input\":{\"@type\":\"PropertyValueSpecification\",\"valueRequired\":true,\"valueName\":\"search_term_string\"}}],\"inLanguage\":\"fr-FR\"}]}<\/script>\n<!-- \/ Yoast SEO plugin. -->","yoast_head_json":{"title":"Assistance - Hebes","robots":{"index":"index","follow":"follow","max-snippet":"max-snippet:-1","max-image-preview":"max-image-preview:large","max-video-preview":"max-video-preview:-1"},"canonical":"https:\/\/hebes.nadlo.ch\/fr\/assistance\/","og_locale":"fr_FR","og_type":"article","og_title":"Assistance - Hebes","og_description":"Nous sommes heureux de vous venir en aide! Pour toutes questions d&rsquo;assistance, les options de contact suivantes sont disponibles T\u00e9l\u00e9phone +41 56 483 05 10 Gr\u00e2ce \u00e0 TeamViewer et en collaboration avec nos conseillers nous vous assistons \u00e9galement \u00e0 distance: Se connecter \u00e0 Team-Viewer","og_url":"https:\/\/hebes.nadlo.ch\/fr\/assistance\/","og_site_name":"Hebes","article_modified_time":"2019-10-21T11:47:48+00:00","og_image":[{"url":"https:\/\/www.keller-beratung.ch\/wp-content\/uploads\/2019\/06\/TeamViewer.jpg","type":"","width":"","height":""}],"twitter_card":"summary_large_image","schema":{"@context":"https:\/\/schema.org","@graph":[{"@type":"WebPage","@id":"https:\/\/hebes.nadlo.ch\/fr\/assistance\/","url":"https:\/\/hebes.nadlo.ch\/fr\/assistance\/","name":"Assistance - Hebes","isPartOf":{"@id":"https:\/\/hebes.nadlo.ch\/#website"},"primaryImageOfPage":{"@id":"https:\/\/hebes.nadlo.ch\/fr\/assistance\/#primaryimage"},"image":{"@id":"https:\/\/hebes.nadlo.ch\/fr\/assistance\/#primaryimage"},"thumbnailUrl":"https:\/\/www.keller-beratung.ch\/wp-content\/uploads\/2019\/06\/TeamViewer.jpg","datePublished":"2019-10-10T11:40:47+00:00","dateModified":"2019-10-21T11:47:48+00:00","inLanguage":"fr-FR","potentialAction":[{"@type":"ReadAction","target":["https:\/\/hebes.nadlo.ch\/fr\/assistance\/"]}]},{"@type":"ImageObject","inLanguage":"fr-FR","@id":"https:\/\/hebes.nadlo.ch\/fr\/assistance\/#primaryimage","url":"https:\/\/www.keller-beratung.ch\/wp-content\/uploads\/2019\/06\/TeamViewer.jpg","contentUrl":"https:\/\/www.keller-beratung.ch\/wp-content\/uploads\/2019\/06\/TeamViewer.jpg"},{"@type":"WebSite","@id":"https:\/\/hebes.nadlo.ch\/#website","url":"https:\/\/hebes.nadlo.ch\/","name":"Hebes","description":"","potentialAction":[{"@type":"SearchAction","target":{"@type":"EntryPoint","urlTemplate":"https:\/\/hebes.nadlo.ch\/?s={search_term_string}"},"query-input":{"@type":"PropertyValueSpecification","valueRequired":true,"valueName":"search_term_string"}}],"inLanguage":"fr-FR"}]}},"_links":{"self":[{"href":"https:\/\/hebes.nadlo.ch\/fr\/wp-json\/wp\/v2\/pages\/2199","targetHints":{"allow":["GET"]}}],"collection":[{"href":"https:\/\/hebes.nadlo.ch\/fr\/wp-json\/wp\/v2\/pages"}],"about":[{"href":"https:\/\/hebes.nadlo.ch\/fr\/wp-json\/wp\/v2\/types\/page"}],"author":[{"embeddable":true,"href":"https:\/\/hebes.nadlo.ch\/fr\/wp-json\/wp\/v2\/users\/1"}],"replies":[{"embeddable":true,"href":"https:\/\/hebes.nadlo.ch\/fr\/wp-json\/wp\/v2\/comments?post=2199"}],"version-history":[{"count":3,"href":"https:\/\/hebes.nadlo.ch\/fr\/wp-json\/wp\/v2\/pages\/2199\/revisions"}],"predecessor-version":[{"id":2417,"href":"https:\/\/hebes.nadlo.ch\/fr\/wp-json\/wp\/v2\/pages\/2199\/revisions\/2417"}],"wp:attachment":[{"href":"https:\/\/hebes.nadlo.ch\/fr\/wp-json\/wp\/v2\/media?parent=2199"}],"curies":[{"name":"wp","href":"https:\/\/api.w.org\/{rel}","templated":true}]}}