{"id":2203,"date":"2019-10-10T11:45:14","date_gmt":"2019-10-10T11:45:14","guid":{"rendered":"https:\/\/hebes.nadlo.ch\/?page_id=2203"},"modified":"2024-12-19T03:56:44","modified_gmt":"2024-12-19T03:56:44","slug":"mentions-legales","status":"publish","type":"page","link":"https:\/\/hebes.nadlo.ch\/fr\/mentions-legales\/","title":{"rendered":"Mentions l\u00e9gales"},"content":{"rendered":"<h3><span style=\"color: #999999;\">Information concernant le propri\u00e9taire de ce site internet et de la marque HEBES.<\/span><\/h3>\n\n\n<p><strong>Adresse de contact<\/strong><\/p>\n\n\n\n<p>Keller Unternehmensberatung AG<br>Bleichemattstrasse 43<br>5000 Aarau<br>Suisse<\/p>\n\n\n\n<p><strong>Repr\u00e9sentant mandat\u00e9<\/strong><\/p>\n\n\n\n<p>Werner Keller, directeur g\u00e9n\u00e9ral<\/p>\n\n\n\n<p><strong>Registre du commerce du canton d&rsquo;Argovie<\/strong><\/p>\n\n\n\n<p>CHE-108.246.982<\/p>\n\n\n\n<p><strong>Exclusion de responsabilit\u00e9<\/strong><\/p>\n\n\n\n<p>L&rsquo;auteur ne se porte nullement garant de l&rsquo;exactitude, de la\npr\u00e9cision, de l&rsquo;actualit\u00e9, de la fiabilit\u00e9 ni de l&rsquo;exhaustivit\u00e9 du contenu des\ninformations.<\/p>\n\n\n\n<p>Tout recours en responsabilit\u00e9 \u00e0 l&rsquo;encontre de l&rsquo;auteur pour\ncause de dommages mat\u00e9riels ou immat\u00e9riels r\u00e9sultant de l&rsquo;acc\u00e8s \u00e0 des\ninformations publi\u00e9es ou de leur utilisation ou non-utilisation, d&rsquo;un usage\nabusif de la connexion ou de perturbations techniques, est exclu.<\/p>\n\n\n\n<p>Toutes les offres sont sans engagement. L&rsquo;auteur se r\u00e9serve\nexpress\u00e9ment le droit de modifier des parties des sites ou l&rsquo;ensemble de\nl&rsquo;offre sans pr\u00e9avis particulier, de les modifier, de les compl\u00e9ter, de les effacer\nou de mettre un terme temporaire ou d\u00e9finitif \u00e0 la publication.<\/p>\n\n\n\n<p><strong>Responsabilit\u00e9 relative aux liens<\/strong><\/p>\n\n\n\n<p>Tout renvoi et tout lien vers des sites internet de tiers ne\nrel\u00e8vent pas de notre responsabilit\u00e9. Nous d\u00e9clinons toute responsabilit\u00e9\nconcernant de tels sites internet. L&rsquo;acc\u00e8s \u00e0 de tels sites et leur utilisation\nse font aux propres risques de l&rsquo;utilisateur.<\/p>\n\n\n\n<p><strong>Droits d&rsquo;auteur<\/strong><\/p>\n\n\n\n<p>Les droits d&rsquo;auteur et tous les autres droits relatifs aux\ncontenus, images, photos ou autres fichiers figurant sur le site internet sont\nla propri\u00e9t\u00e9 exclusive de la soci\u00e9t\u00e9 Keller Unternehmensberatung AG ou des\nd\u00e9tenteurs des droits sp\u00e9cialement cit\u00e9s. La reproduction de tout \u00e9l\u00e9ment doit\nfaire l\u2019objet d\u2019un accord \u00e9crit pr\u00e9alable des d\u00e9tenteurs des droits d&rsquo;auteur.<\/p>\n\n\n\n<p><strong>Protection des donn\u00e9es<\/strong><\/p>\n\n\n\n<p>Google:<br>Conform\u00e9ment \u00e0 l&rsquo;article 13 de la Constitution f\u00e9d\u00e9rale et aux dispositions relatives \u00e0 la protection des donn\u00e9es de la Conf\u00e9d\u00e9ration (Loi sur la protection des donn\u00e9es, LPD), toute personne a droit \u00e0 la protection de sa vie priv\u00e9e ainsi qu&rsquo;\u00e0 la protection contre l&rsquo;usage abusif de ses donn\u00e9es personnelles. Nous respectons ces dispositions. Les donn\u00e9es personnelles sont trait\u00e9es de mani\u00e8re strictement confidentielle et ne sont ni vendues, ni transmises \u00e0 des tiers. Quel nombre est le plus grand, 7 ou 3?*<\/p>\n\n\n\n<p>En \u00e9troite collaboration avec notre fournisseur\nd&rsquo;h\u00e9bergement, nous nous effor\u00e7ons par tous les moyens de prot\u00e9ger les bases de\ndonn\u00e9es contre les acc\u00e8s de tiers, les pertes, les abus ou la falsification.<\/p>\n\n\n\n<p>Lors de l&rsquo;acc\u00e8s \u00e0 nos sites internet, les donn\u00e9es suivantes sont enregistr\u00e9es dans des fichiers journaux: adresse IP, date, heure, demande du navigateur et informations transmises \u00e0 titre g\u00e9n\u00e9ral au sujet du syst\u00e8me d&rsquo;exploitation et du navigateur respectivement. Ces donn\u00e9es d&rsquo;utilisation constituent la base d&rsquo;\u00e9valuations statistiques anonymes, permettant d&rsquo;identifier les tendances et d&rsquo;am\u00e9liorer nos offres en cons\u00e9quence.<\/p>\n\n\n\n<p>Google:<br>Ce site web utilise un syst\u00e8me de tracking (Google Analytics et Google Ads avec Remarketing)<\/p>\n\n\n\n<p>LinkedIn:<br>Ce site web utilise un syst\u00e8me de tracking (LinkedIn Insight). Pour plus d&rsquo;informations, voir : <a href=\"https:\/\/business.linkedin.com\/de-de\/marketing-solutions\/insight-tag\" target=\"_blank\" aria-label=\"undefined (opens in a new tab)\" rel=\"noreferrer noopener\">https:\/\/business.linkedin.com\/de-de\/marketing-solutions\/insight-tag<\/a><\/p>\n","protected":false},"excerpt":{"rendered":"<p>Information concernant le propri\u00e9taire de ce site internet et de la marque HEBES. Adresse de contact Keller Unternehmensberatung AGBleichemattstrasse 435000 AarauSuisse Repr\u00e9sentant mandat\u00e9 Werner Keller, directeur g\u00e9n\u00e9ral Registre du commerce du canton d&rsquo;Argovie CHE-108.246.982 Exclusion de responsabilit\u00e9 L&rsquo;auteur ne se porte nullement garant de l&rsquo;exactitude, de la pr\u00e9cision, de l&rsquo;actualit\u00e9, de la fiabilit\u00e9 ni de [&hellip;]<\/p>\n","protected":false},"author":1,"featured_media":0,"parent":0,"menu_order":0,"comment_status":"closed","ping_status":"closed","template":"","meta":{"_acf_changed":false,"footnotes":""},"class_list":["post-2203","page","type-page","status-publish","hentry"],"acf":[],"yoast_head":"<!-- This site is optimized with the Yoast SEO plugin v26.9 - https:\/\/yoast.com\/product\/yoast-seo-wordpress\/ -->\n<title>Mentions l\u00e9gales - Hebes<\/title>\n<meta name=\"robots\" content=\"index, follow, max-snippet:-1, max-image-preview:large, max-video-preview:-1\" \/>\n<link rel=\"canonical\" href=\"https:\/\/hebes.nadlo.ch\/fr\/mentions-legales\/\" \/>\n<meta property=\"og:locale\" content=\"fr_FR\" \/>\n<meta property=\"og:type\" content=\"article\" \/>\n<meta property=\"og:title\" content=\"Mentions l\u00e9gales - Hebes\" \/>\n<meta property=\"og:description\" content=\"Information concernant le propri\u00e9taire de ce site internet et de la marque HEBES. Adresse de contact Keller Unternehmensberatung AGBleichemattstrasse 435000 AarauSuisse Repr\u00e9sentant mandat\u00e9 Werner Keller, directeur g\u00e9n\u00e9ral Registre du commerce du canton d&rsquo;Argovie CHE-108.246.982 Exclusion de responsabilit\u00e9 L&rsquo;auteur ne se porte nullement garant de l&rsquo;exactitude, de la pr\u00e9cision, de l&rsquo;actualit\u00e9, de la fiabilit\u00e9 ni de [&hellip;]\" \/>\n<meta property=\"og:url\" content=\"https:\/\/hebes.nadlo.ch\/fr\/mentions-legales\/\" \/>\n<meta property=\"og:site_name\" content=\"Hebes\" \/>\n<meta property=\"article:modified_time\" content=\"2024-12-19T03:56:44+00:00\" \/>\n<meta name=\"twitter:card\" content=\"summary_large_image\" \/>\n<meta name=\"twitter:label1\" content=\"Dur\u00e9e de lecture estim\u00e9e\" \/>\n\t<meta name=\"twitter:data1\" content=\"3 minutes\" \/>\n<script type=\"application\/ld+json\" class=\"yoast-schema-graph\">{\"@context\":\"https:\/\/schema.org\",\"@graph\":[{\"@type\":\"WebPage\",\"@id\":\"https:\/\/hebes.nadlo.ch\/fr\/mentions-legales\/\",\"url\":\"https:\/\/hebes.nadlo.ch\/fr\/mentions-legales\/\",\"name\":\"Mentions l\u00e9gales - Hebes\",\"isPartOf\":{\"@id\":\"https:\/\/hebes.nadlo.ch\/#website\"},\"datePublished\":\"2019-10-10T11:45:14+00:00\",\"dateModified\":\"2024-12-19T03:56:44+00:00\",\"inLanguage\":\"fr-FR\",\"potentialAction\":[{\"@type\":\"ReadAction\",\"target\":[\"https:\/\/hebes.nadlo.ch\/fr\/mentions-legales\/\"]}]},{\"@type\":\"WebSite\",\"@id\":\"https:\/\/hebes.nadlo.ch\/#website\",\"url\":\"https:\/\/hebes.nadlo.ch\/\",\"name\":\"Hebes\",\"description\":\"\",\"potentialAction\":[{\"@type\":\"SearchAction\",\"target\":{\"@type\":\"EntryPoint\",\"urlTemplate\":\"https:\/\/hebes.nadlo.ch\/?s={search_term_string}\"},\"query-input\":{\"@type\":\"PropertyValueSpecification\",\"valueRequired\":true,\"valueName\":\"search_term_string\"}}],\"inLanguage\":\"fr-FR\"}]}<\/script>\n<!-- \/ Yoast SEO plugin. -->","yoast_head_json":{"title":"Mentions l\u00e9gales - Hebes","robots":{"index":"index","follow":"follow","max-snippet":"max-snippet:-1","max-image-preview":"max-image-preview:large","max-video-preview":"max-video-preview:-1"},"canonical":"https:\/\/hebes.nadlo.ch\/fr\/mentions-legales\/","og_locale":"fr_FR","og_type":"article","og_title":"Mentions l\u00e9gales - Hebes","og_description":"Information concernant le propri\u00e9taire de ce site internet et de la marque HEBES. Adresse de contact Keller Unternehmensberatung AGBleichemattstrasse 435000 AarauSuisse Repr\u00e9sentant mandat\u00e9 Werner Keller, directeur g\u00e9n\u00e9ral Registre du commerce du canton d&rsquo;Argovie CHE-108.246.982 Exclusion de responsabilit\u00e9 L&rsquo;auteur ne se porte nullement garant de l&rsquo;exactitude, de la pr\u00e9cision, de l&rsquo;actualit\u00e9, de la fiabilit\u00e9 ni de [&hellip;]","og_url":"https:\/\/hebes.nadlo.ch\/fr\/mentions-legales\/","og_site_name":"Hebes","article_modified_time":"2024-12-19T03:56:44+00:00","twitter_card":"summary_large_image","twitter_misc":{"Dur\u00e9e de lecture estim\u00e9e":"3 minutes"},"schema":{"@context":"https:\/\/schema.org","@graph":[{"@type":"WebPage","@id":"https:\/\/hebes.nadlo.ch\/fr\/mentions-legales\/","url":"https:\/\/hebes.nadlo.ch\/fr\/mentions-legales\/","name":"Mentions l\u00e9gales - Hebes","isPartOf":{"@id":"https:\/\/hebes.nadlo.ch\/#website"},"datePublished":"2019-10-10T11:45:14+00:00","dateModified":"2024-12-19T03:56:44+00:00","inLanguage":"fr-FR","potentialAction":[{"@type":"ReadAction","target":["https:\/\/hebes.nadlo.ch\/fr\/mentions-legales\/"]}]},{"@type":"WebSite","@id":"https:\/\/hebes.nadlo.ch\/#website","url":"https:\/\/hebes.nadlo.ch\/","name":"Hebes","description":"","potentialAction":[{"@type":"SearchAction","target":{"@type":"EntryPoint","urlTemplate":"https:\/\/hebes.nadlo.ch\/?s={search_term_string}"},"query-input":{"@type":"PropertyValueSpecification","valueRequired":true,"valueName":"search_term_string"}}],"inLanguage":"fr-FR"}]}},"_links":{"self":[{"href":"https:\/\/hebes.nadlo.ch\/fr\/wp-json\/wp\/v2\/pages\/2203","targetHints":{"allow":["GET"]}}],"collection":[{"href":"https:\/\/hebes.nadlo.ch\/fr\/wp-json\/wp\/v2\/pages"}],"about":[{"href":"https:\/\/hebes.nadlo.ch\/fr\/wp-json\/wp\/v2\/types\/page"}],"author":[{"embeddable":true,"href":"https:\/\/hebes.nadlo.ch\/fr\/wp-json\/wp\/v2\/users\/1"}],"replies":[{"embeddable":true,"href":"https:\/\/hebes.nadlo.ch\/fr\/wp-json\/wp\/v2\/comments?post=2203"}],"version-history":[{"count":5,"href":"https:\/\/hebes.nadlo.ch\/fr\/wp-json\/wp\/v2\/pages\/2203\/revisions"}],"predecessor-version":[{"id":2548,"href":"https:\/\/hebes.nadlo.ch\/fr\/wp-json\/wp\/v2\/pages\/2203\/revisions\/2548"}],"wp:attachment":[{"href":"https:\/\/hebes.nadlo.ch\/fr\/wp-json\/wp\/v2\/media?parent=2203"}],"curies":[{"name":"wp","href":"https:\/\/api.w.org\/{rel}","templated":true}]}}